{"id":10792,"date":"2017-04-01T20:18:34","date_gmt":"2017-04-01T17:18:34","guid":{"rendered":"http:\/\/heikkihelin.fi\/WordPress3\/?page_id=10792"},"modified":"2017-04-01T20:18:34","modified_gmt":"2017-04-01T17:18:34","slug":"most-recent-january-to-march-2017","status":"publish","type":"page","link":"https:\/\/heikkihelin.fi\/WordPress3\/?page_id=10792","title":{"rendered":"Most recent January to March 2017"},"content":{"rendered":"<!-- index.php -->\n<div\n\tclass=\"ngg-galleryoverview ngg-ajax-pagination-none\"\n\tid=\"ngg-gallery-d2be615197a6d8a830cfee7f1901251c-1\">\n\n    \t\t<!-- Thumbnails -->\n\t\t\t\t<div id=\"ngg-image-0\" class=\"ngg-gallery-thumbnail-box\" >\n\t\t\t\t        <div class=\"ngg-gallery-thumbnail\">\n            <a href=\"https:\/\/heikkihelin.fi\/WordPress3\/wp-content\/gallery\/most-recent-january-to-march-2017\/ed0H0A4282.jpg\"\n               title=\"Sunrise - auringonnousu, Helsinki, Finland\"\n               data-src=\"https:\/\/heikkihelin.fi\/WordPress3\/wp-content\/gallery\/most-recent-january-to-march-2017\/ed0H0A4282.jpg\"\n               data-thumbnail=\"https:\/\/heikkihelin.fi\/WordPress3\/wp-content\/gallery\/most-recent-january-to-march-2017\/thumbs\/thumbs_ed0H0A4282.jpg\"\n               data-image-id=\"3648\"\n               data-title=\"ed0H0A4282\"\n               data-description=\"Sunrise - auringonnousu, Helsinki, Finland\"\n               data-image-slug=\"ed0h0a4282\"\n               class='use_imagebrowser_effect' data-imagebrowser-url='https:\/\/heikkihelin.fi\/WordPress3\/index.php\/nggallery\/image\/%STUB%?page_id=10792'>\n                <img\n                    title=\"ed0H0A4282\"\n                    alt=\"ed0H0A4282\"\n                    src=\"https:\/\/heikkihelin.fi\/WordPress3\/wp-content\/gallery\/most-recent-january-to-march-2017\/thumbs\/thumbs_ed0H0A4282.jpg\"\n                    width=\"120\"\n                    height=\"80\"\n                    style=\"max-width:100%;\"\n                \/>\n            <\/a>\n        <\/div>\n\t\t\t\t\t\t\t<\/div> \n\t\t\t\n        \n\t\t\t\t<div id=\"ngg-image-1\" class=\"ngg-gallery-thumbnail-box\" >\n\t\t\t\t        <div class=\"ngg-gallery-thumbnail\">\n            <a href=\"https:\/\/heikkihelin.fi\/WordPress3\/wp-content\/gallery\/most-recent-january-to-march-2017\/edA74X3253.jpg\"\n               title=\"Watewr rail - luhtakana&lt;br\/&gt;Helsinki, Finland\"\n               data-src=\"https:\/\/heikkihelin.fi\/WordPress3\/wp-content\/gallery\/most-recent-january-to-march-2017\/edA74X3253.jpg\"\n               data-thumbnail=\"https:\/\/heikkihelin.fi\/WordPress3\/wp-content\/gallery\/most-recent-january-to-march-2017\/thumbs\/thumbs_edA74X3253.jpg\"\n               data-image-id=\"3655\"\n               data-title=\"edA74X3253\"\n               data-description=\"Watewr rail - luhtakana&lt;br\/&gt;Helsinki, Finland\"\n               data-image-slug=\"eda74x3253\"\n               class='use_imagebrowser_effect' data-imagebrowser-url='https:\/\/heikkihelin.fi\/WordPress3\/index.php\/nggallery\/image\/%STUB%?page_id=10792'>\n                <img\n                    title=\"edA74X3253\"\n                    alt=\"edA74X3253\"\n                    src=\"https:\/\/heikkihelin.fi\/WordPress3\/wp-content\/gallery\/most-recent-january-to-march-2017\/thumbs\/thumbs_edA74X3253.jpg\"\n                    width=\"120\"\n                    height=\"91\"\n                    style=\"max-width:100%;\"\n                \/>\n            <\/a>\n        <\/div>\n\t\t\t\t\t\t\t<\/div> \n\t\t\t\n        \n\t\t\t\t<div id=\"ngg-image-2\" class=\"ngg-gallery-thumbnail-box\" >\n\t\t\t\t        <div class=\"ngg-gallery-thumbnail\">\n            <a href=\"https:\/\/heikkihelin.fi\/WordPress3\/wp-content\/gallery\/most-recent-january-to-march-2017\/edA74X2376.jpg\"\n               title=\"Shorelark - tunturikiuru&lt;br\/&gt;J\u00e4rvenp\u00e4\u00e4, Finland\"\n               data-src=\"https:\/\/heikkihelin.fi\/WordPress3\/wp-content\/gallery\/most-recent-january-to-march-2017\/edA74X2376.jpg\"\n               data-thumbnail=\"https:\/\/heikkihelin.fi\/WordPress3\/wp-content\/gallery\/most-recent-january-to-march-2017\/thumbs\/thumbs_edA74X2376.jpg\"\n               data-image-id=\"3653\"\n               data-title=\"edA74X2376\"\n               data-description=\"Shorelark - tunturikiuru&lt;br\/&gt;J\u00e4rvenp\u00e4\u00e4, Finland\"\n               data-image-slug=\"eda74x2376\"\n               class='use_imagebrowser_effect' data-imagebrowser-url='https:\/\/heikkihelin.fi\/WordPress3\/index.php\/nggallery\/image\/%STUB%?page_id=10792'>\n                <img\n                    title=\"edA74X2376\"\n                    alt=\"edA74X2376\"\n                    src=\"https:\/\/heikkihelin.fi\/WordPress3\/wp-content\/gallery\/most-recent-january-to-march-2017\/thumbs\/thumbs_edA74X2376.jpg\"\n                    width=\"120\"\n                    height=\"91\"\n                    style=\"max-width:100%;\"\n                \/>\n            <\/a>\n        <\/div>\n\t\t\t\t\t\t\t<\/div> \n\t\t\t\n        \n\t\t\t\t<div id=\"ngg-image-3\" class=\"ngg-gallery-thumbnail-box\" >\n\t\t\t\t        <div class=\"ngg-gallery-thumbnail\">\n            <a href=\"https:\/\/heikkihelin.fi\/WordPress3\/wp-content\/gallery\/most-recent-january-to-march-2017\/edA74X2960.jpg\"\n               title=\"Shorelark - tunturikiuru&lt;br\/&gt;J\u00e4rvenp\u00e4\u00e4, Finland\"\n               data-src=\"https:\/\/heikkihelin.fi\/WordPress3\/wp-content\/gallery\/most-recent-january-to-march-2017\/edA74X2960.jpg\"\n               data-thumbnail=\"https:\/\/heikkihelin.fi\/WordPress3\/wp-content\/gallery\/most-recent-january-to-march-2017\/thumbs\/thumbs_edA74X2960.jpg\"\n               data-image-id=\"3654\"\n               data-title=\"edA74X2960\"\n               data-description=\"Shorelark - tunturikiuru&lt;br\/&gt;J\u00e4rvenp\u00e4\u00e4, Finland\"\n               data-image-slug=\"eda74x2960\"\n               class='use_imagebrowser_effect' data-imagebrowser-url='https:\/\/heikkihelin.fi\/WordPress3\/index.php\/nggallery\/image\/%STUB%?page_id=10792'>\n                <img\n                    title=\"edA74X2960\"\n                    alt=\"edA74X2960\"\n                    src=\"https:\/\/heikkihelin.fi\/WordPress3\/wp-content\/gallery\/most-recent-january-to-march-2017\/thumbs\/thumbs_edA74X2960.jpg\"\n                    width=\"120\"\n                    height=\"91\"\n                    style=\"max-width:100%;\"\n                \/>\n            <\/a>\n        <\/div>\n\t\t\t\t\t\t\t<\/div> \n\t\t\t\n        \n\t\t\t\t<div id=\"ngg-image-4\" class=\"ngg-gallery-thumbnail-box\" >\n\t\t\t\t        <div class=\"ngg-gallery-thumbnail\">\n            <a href=\"https:\/\/heikkihelin.fi\/WordPress3\/wp-content\/gallery\/most-recent-january-to-march-2017\/ed0H0A4464.jpg\"\n               title=\"Salmisaari, Helsinki, Finland\"\n               data-src=\"https:\/\/heikkihelin.fi\/WordPress3\/wp-content\/gallery\/most-recent-january-to-march-2017\/ed0H0A4464.jpg\"\n               data-thumbnail=\"https:\/\/heikkihelin.fi\/WordPress3\/wp-content\/gallery\/most-recent-january-to-march-2017\/thumbs\/thumbs_ed0H0A4464.jpg\"\n               data-image-id=\"3652\"\n               data-title=\"ed0H0A4464\"\n               data-description=\"Salmisaari, Helsinki, Finland\"\n               data-image-slug=\"ed0h0a4464\"\n               class='use_imagebrowser_effect' data-imagebrowser-url='https:\/\/heikkihelin.fi\/WordPress3\/index.php\/nggallery\/image\/%STUB%?page_id=10792'>\n                <img\n                    title=\"ed0H0A4464\"\n                    alt=\"ed0H0A4464\"\n                    src=\"https:\/\/heikkihelin.fi\/WordPress3\/wp-content\/gallery\/most-recent-january-to-march-2017\/thumbs\/thumbs_ed0H0A4464.jpg\"\n                    width=\"120\"\n                    height=\"54\"\n                    style=\"max-width:100%;\"\n                \/>\n            <\/a>\n        <\/div>\n\t\t\t\t\t\t\t<\/div> \n\t\t\t\n        \n\t\t\t\t<div id=\"ngg-image-5\" class=\"ngg-gallery-thumbnail-box\" >\n\t\t\t\t        <div class=\"ngg-gallery-thumbnail\">\n            <a href=\"https:\/\/heikkihelin.fi\/WordPress3\/wp-content\/gallery\/most-recent-january-to-march-2017\/ed0H0A4463.jpg\"\n               title=\"Lauttasaari, Helsinki, Finland\"\n               data-src=\"https:\/\/heikkihelin.fi\/WordPress3\/wp-content\/gallery\/most-recent-january-to-march-2017\/ed0H0A4463.jpg\"\n               data-thumbnail=\"https:\/\/heikkihelin.fi\/WordPress3\/wp-content\/gallery\/most-recent-january-to-march-2017\/thumbs\/thumbs_ed0H0A4463.jpg\"\n               data-image-id=\"3651\"\n               data-title=\"ed0H0A4463\"\n               data-description=\"Lauttasaari, Helsinki, Finland\"\n               data-image-slug=\"ed0h0a4463\"\n               class='use_imagebrowser_effect' data-imagebrowser-url='https:\/\/heikkihelin.fi\/WordPress3\/index.php\/nggallery\/image\/%STUB%?page_id=10792'>\n                <img\n                    title=\"ed0H0A4463\"\n                    alt=\"ed0H0A4463\"\n                    src=\"https:\/\/heikkihelin.fi\/WordPress3\/wp-content\/gallery\/most-recent-january-to-march-2017\/thumbs\/thumbs_ed0H0A4463.jpg\"\n                    width=\"120\"\n                    height=\"68\"\n                    style=\"max-width:100%;\"\n                \/>\n            <\/a>\n        <\/div>\n\t\t\t\t\t\t\t<\/div> \n\t\t\t\n        \n\t\t\t\t<div id=\"ngg-image-6\" class=\"ngg-gallery-thumbnail-box\" >\n\t\t\t\t        <div class=\"ngg-gallery-thumbnail\">\n            <a href=\"https:\/\/heikkihelin.fi\/WordPress3\/wp-content\/gallery\/most-recent-january-to-march-2017\/ed0H0A4394.jpg\"\n               title=\"Siltasaari, Helsinki, Finland\"\n               data-src=\"https:\/\/heikkihelin.fi\/WordPress3\/wp-content\/gallery\/most-recent-january-to-march-2017\/ed0H0A4394.jpg\"\n               data-thumbnail=\"https:\/\/heikkihelin.fi\/WordPress3\/wp-content\/gallery\/most-recent-january-to-march-2017\/thumbs\/thumbs_ed0H0A4394.jpg\"\n               data-image-id=\"3650\"\n               data-title=\"ed0H0A4394\"\n               data-description=\"Siltasaari, Helsinki, Finland\"\n               data-image-slug=\"ed0h0a4394\"\n               class='use_imagebrowser_effect' data-imagebrowser-url='https:\/\/heikkihelin.fi\/WordPress3\/index.php\/nggallery\/image\/%STUB%?page_id=10792'>\n                <img\n                    title=\"ed0H0A4394\"\n                    alt=\"ed0H0A4394\"\n                    src=\"https:\/\/heikkihelin.fi\/WordPress3\/wp-content\/gallery\/most-recent-january-to-march-2017\/thumbs\/thumbs_ed0H0A4394.jpg\"\n                    width=\"120\"\n                    height=\"54\"\n                    style=\"max-width:100%;\"\n                \/>\n            <\/a>\n        <\/div>\n\t\t\t\t\t\t\t<\/div> \n\t\t\t\n        \n\t\t\t\t<div id=\"ngg-image-7\" class=\"ngg-gallery-thumbnail-box\" >\n\t\t\t\t        <div class=\"ngg-gallery-thumbnail\">\n            <a href=\"https:\/\/heikkihelin.fi\/WordPress3\/wp-content\/gallery\/most-recent-january-to-march-2017\/edA74X3766.jpg\"\n               title=\"Crested tit - t\u00f6yht\u00f6tiainen&lt;br\/&gt;Orivesi, Finland\"\n               data-src=\"https:\/\/heikkihelin.fi\/WordPress3\/wp-content\/gallery\/most-recent-january-to-march-2017\/edA74X3766.jpg\"\n               data-thumbnail=\"https:\/\/heikkihelin.fi\/WordPress3\/wp-content\/gallery\/most-recent-january-to-march-2017\/thumbs\/thumbs_edA74X3766.jpg\"\n               data-image-id=\"3656\"\n               data-title=\"edA74X3766\"\n               data-description=\"Crested tit - t\u00f6yht\u00f6tiainen&lt;br\/&gt;Orivesi, Finland\"\n               data-image-slug=\"eda74x3766\"\n               class='use_imagebrowser_effect' data-imagebrowser-url='https:\/\/heikkihelin.fi\/WordPress3\/index.php\/nggallery\/image\/%STUB%?page_id=10792'>\n                <img\n                    title=\"edA74X3766\"\n                    alt=\"edA74X3766\"\n                    src=\"https:\/\/heikkihelin.fi\/WordPress3\/wp-content\/gallery\/most-recent-january-to-march-2017\/thumbs\/thumbs_edA74X3766.jpg\"\n                    width=\"120\"\n                    height=\"91\"\n                    style=\"max-width:100%;\"\n                \/>\n            <\/a>\n        <\/div>\n\t\t\t\t\t\t\t<\/div> \n\t\t\t\n        \n\t\t\t\t<div id=\"ngg-image-8\" class=\"ngg-gallery-thumbnail-box\" >\n\t\t\t\t        <div class=\"ngg-gallery-thumbnail\">\n            <a href=\"https:\/\/heikkihelin.fi\/WordPress3\/wp-content\/gallery\/most-recent-january-to-march-2017\/edA74X4011.jpg\"\n               title=\"Willow tit - h\u00f6m\u00f6tiainen&lt;br\/&gt;Orivesi, Finland\"\n               data-src=\"https:\/\/heikkihelin.fi\/WordPress3\/wp-content\/gallery\/most-recent-january-to-march-2017\/edA74X4011.jpg\"\n               data-thumbnail=\"https:\/\/heikkihelin.fi\/WordPress3\/wp-content\/gallery\/most-recent-january-to-march-2017\/thumbs\/thumbs_edA74X4011.jpg\"\n               data-image-id=\"3657\"\n               data-title=\"edA74X4011\"\n               data-description=\"Willow tit - h\u00f6m\u00f6tiainen&lt;br\/&gt;Orivesi, Finland\"\n               data-image-slug=\"eda74x4011\"\n               class='use_imagebrowser_effect' data-imagebrowser-url='https:\/\/heikkihelin.fi\/WordPress3\/index.php\/nggallery\/image\/%STUB%?page_id=10792'>\n                <img\n                    title=\"edA74X4011\"\n                    alt=\"edA74X4011\"\n                    src=\"https:\/\/heikkihelin.fi\/WordPress3\/wp-content\/gallery\/most-recent-january-to-march-2017\/thumbs\/thumbs_edA74X4011.jpg\"\n                    width=\"120\"\n                    height=\"91\"\n                    style=\"max-width:100%;\"\n                \/>\n            <\/a>\n        <\/div>\n\t\t\t\t\t\t\t<\/div> \n\t\t\t\n        \n\t\t\t\t<div id=\"ngg-image-9\" class=\"ngg-gallery-thumbnail-box\" >\n\t\t\t\t        <div class=\"ngg-gallery-thumbnail\">\n            <a href=\"https:\/\/heikkihelin.fi\/WordPress3\/wp-content\/gallery\/most-recent-january-to-march-2017\/edA74X4478.jpg\"\n               title=\"Goosander - isokoskleo&lt;br\/&gt;Kotka, Finland\"\n               data-src=\"https:\/\/heikkihelin.fi\/WordPress3\/wp-content\/gallery\/most-recent-january-to-march-2017\/edA74X4478.jpg\"\n               data-thumbnail=\"https:\/\/heikkihelin.fi\/WordPress3\/wp-content\/gallery\/most-recent-january-to-march-2017\/thumbs\/thumbs_edA74X4478.jpg\"\n               data-image-id=\"3658\"\n               data-title=\"edA74X4478\"\n               data-description=\"Goosander - isokoskleo&lt;br\/&gt;Kotka, Finland\"\n               data-image-slug=\"eda74x4478\"\n               class='use_imagebrowser_effect' data-imagebrowser-url='https:\/\/heikkihelin.fi\/WordPress3\/index.php\/nggallery\/image\/%STUB%?page_id=10792'>\n                <img\n                    title=\"edA74X4478\"\n                    alt=\"edA74X4478\"\n                    src=\"https:\/\/heikkihelin.fi\/WordPress3\/wp-content\/gallery\/most-recent-january-to-march-2017\/thumbs\/thumbs_edA74X4478.jpg\"\n                    width=\"120\"\n                    height=\"80\"\n                    style=\"max-width:100%;\"\n                \/>\n            <\/a>\n        <\/div>\n\t\t\t\t\t\t\t<\/div> \n\t\t\t\n        \n\t\t\t\t<div id=\"ngg-image-10\" class=\"ngg-gallery-thumbnail-box\" >\n\t\t\t\t        <div class=\"ngg-gallery-thumbnail\">\n            <a href=\"https:\/\/heikkihelin.fi\/WordPress3\/wp-content\/gallery\/most-recent-january-to-march-2017\/edA74X4522.jpg\"\n               title=\"Goosander - isokoskleo&lt;br\/&gt;Kotka, Finland\"\n               data-src=\"https:\/\/heikkihelin.fi\/WordPress3\/wp-content\/gallery\/most-recent-january-to-march-2017\/edA74X4522.jpg\"\n               data-thumbnail=\"https:\/\/heikkihelin.fi\/WordPress3\/wp-content\/gallery\/most-recent-january-to-march-2017\/thumbs\/thumbs_edA74X4522.jpg\"\n               data-image-id=\"3659\"\n               data-title=\"edA74X4522\"\n               data-description=\"Goosander - isokoskleo&lt;br\/&gt;Kotka, Finland\"\n               data-image-slug=\"eda74x4522\"\n               class='use_imagebrowser_effect' data-imagebrowser-url='https:\/\/heikkihelin.fi\/WordPress3\/index.php\/nggallery\/image\/%STUB%?page_id=10792'>\n                <img\n                    title=\"edA74X4522\"\n                    alt=\"edA74X4522\"\n                    src=\"https:\/\/heikkihelin.fi\/WordPress3\/wp-content\/gallery\/most-recent-january-to-march-2017\/thumbs\/thumbs_edA74X4522.jpg\"\n                    width=\"120\"\n                    height=\"91\"\n                    style=\"max-width:100%;\"\n                \/>\n            <\/a>\n        <\/div>\n\t\t\t\t\t\t\t<\/div> \n\t\t\t\n        \n\t\t\t\t<div id=\"ngg-image-11\" class=\"ngg-gallery-thumbnail-box\" >\n\t\t\t\t        <div class=\"ngg-gallery-thumbnail\">\n            <a href=\"https:\/\/heikkihelin.fi\/WordPress3\/wp-content\/gallery\/most-recent-january-to-march-2017\/15aedA74X1685.jpg\"\n               title=\"Little crake - pikkuhuitti&lt;br\/&gt;Eilat, Israel\"\n               data-src=\"https:\/\/heikkihelin.fi\/WordPress3\/wp-content\/gallery\/most-recent-january-to-march-2017\/15aedA74X1685.jpg\"\n               data-thumbnail=\"https:\/\/heikkihelin.fi\/WordPress3\/wp-content\/gallery\/most-recent-january-to-march-2017\/thumbs\/thumbs_15aedA74X1685.jpg\"\n               data-image-id=\"3660\"\n               data-title=\"15aedA74X1685\"\n               data-description=\"Little crake - pikkuhuitti&lt;br\/&gt;Eilat, Israel\"\n               data-image-slug=\"15aeda74x1685\"\n               class='use_imagebrowser_effect' data-imagebrowser-url='https:\/\/heikkihelin.fi\/WordPress3\/index.php\/nggallery\/image\/%STUB%?page_id=10792'>\n                <img\n                    title=\"15aedA74X1685\"\n                    alt=\"15aedA74X1685\"\n                    src=\"https:\/\/heikkihelin.fi\/WordPress3\/wp-content\/gallery\/most-recent-january-to-march-2017\/thumbs\/thumbs_15aedA74X1685.jpg\"\n                    width=\"120\"\n                    height=\"80\"\n                    style=\"max-width:100%;\"\n                \/>\n            <\/a>\n        <\/div>\n\t\t\t\t\t\t\t<\/div> \n\t\t\t\n        \n\t\t\t\t<div id=\"ngg-image-12\" class=\"ngg-gallery-thumbnail-box\" >\n\t\t\t\t        <div class=\"ngg-gallery-thumbnail\">\n            <a href=\"https:\/\/heikkihelin.fi\/WordPress3\/wp-content\/gallery\/most-recent-january-to-march-2017\/57edA74X5496.jpg\"\n               title=\"Eastern Bonelli&#039;s warbler - balkaninuunilintu&lt;br\/&gt;Eilat, Israel\"\n               data-src=\"https:\/\/heikkihelin.fi\/WordPress3\/wp-content\/gallery\/most-recent-january-to-march-2017\/57edA74X5496.jpg\"\n               data-thumbnail=\"https:\/\/heikkihelin.fi\/WordPress3\/wp-content\/gallery\/most-recent-january-to-march-2017\/thumbs\/thumbs_57edA74X5496.jpg\"\n               data-image-id=\"3646\"\n               data-title=\"57edA74X5496\"\n               data-description=\"Eastern Bonelli&#039;s warbler - balkaninuunilintu&lt;br\/&gt;Eilat, Israel\"\n               data-image-slug=\"57eda74x5496\"\n               class='use_imagebrowser_effect' data-imagebrowser-url='https:\/\/heikkihelin.fi\/WordPress3\/index.php\/nggallery\/image\/%STUB%?page_id=10792'>\n                <img\n                    title=\"57edA74X5496\"\n                    alt=\"57edA74X5496\"\n                    src=\"https:\/\/heikkihelin.fi\/WordPress3\/wp-content\/gallery\/most-recent-january-to-march-2017\/thumbs\/thumbs_57edA74X5496.jpg\"\n                    width=\"120\"\n                    height=\"91\"\n                    style=\"max-width:100%;\"\n                \/>\n            <\/a>\n        <\/div>\n\t\t\t\t\t\t\t<\/div> \n\t\t\t\n        \n\t\t\t\t<div id=\"ngg-image-13\" class=\"ngg-gallery-thumbnail-box\" >\n\t\t\t\t        <div class=\"ngg-gallery-thumbnail\">\n            <a href=\"https:\/\/heikkihelin.fi\/WordPress3\/wp-content\/gallery\/most-recent-january-to-march-2017\/53edA74X5158.jpg\"\n               title=\"Olivaceous warbler - vaaleakultarinta&lt;br\/&gt;Eilat, Israel\"\n               data-src=\"https:\/\/heikkihelin.fi\/WordPress3\/wp-content\/gallery\/most-recent-january-to-march-2017\/53edA74X5158.jpg\"\n               data-thumbnail=\"https:\/\/heikkihelin.fi\/WordPress3\/wp-content\/gallery\/most-recent-january-to-march-2017\/thumbs\/thumbs_53edA74X5158.jpg\"\n               data-image-id=\"3661\"\n               data-title=\"53edA74X5158\"\n               data-description=\"Olivaceous warbler - vaaleakultarinta&lt;br\/&gt;Eilat, Israel\"\n               data-image-slug=\"53eda74x5158\"\n               class='use_imagebrowser_effect' data-imagebrowser-url='https:\/\/heikkihelin.fi\/WordPress3\/index.php\/nggallery\/image\/%STUB%?page_id=10792'>\n                <img\n                    title=\"53edA74X5158\"\n                    alt=\"53edA74X5158\"\n                    src=\"https:\/\/heikkihelin.fi\/WordPress3\/wp-content\/gallery\/most-recent-january-to-march-2017\/thumbs\/thumbs_53edA74X5158.jpg\"\n                    width=\"68\"\n                    height=\"91\"\n                    style=\"max-width:100%;\"\n                \/>\n            <\/a>\n        <\/div>\n\t\t\t\t\t\t\t<\/div> \n\t\t\t\n        \n\t\t\t\t<div id=\"ngg-image-14\" class=\"ngg-gallery-thumbnail-box\" >\n\t\t\t\t        <div class=\"ngg-gallery-thumbnail\">\n            <a href=\"https:\/\/heikkihelin.fi\/WordPress3\/wp-content\/gallery\/most-recent-january-to-march-2017\/56edA74X9535.jpg\"\n               title=\"R\u00fcppell&#039;s warbler - mustakurkkukerttu&lt;br\/&gt;Eilat, Israel\"\n               data-src=\"https:\/\/heikkihelin.fi\/WordPress3\/wp-content\/gallery\/most-recent-january-to-march-2017\/56edA74X9535.jpg\"\n               data-thumbnail=\"https:\/\/heikkihelin.fi\/WordPress3\/wp-content\/gallery\/most-recent-january-to-march-2017\/thumbs\/thumbs_56edA74X9535.jpg\"\n               data-image-id=\"3645\"\n               data-title=\"56edA74X9535\"\n               data-description=\"R\u00fcppell&#039;s warbler - mustakurkkukerttu&lt;br\/&gt;Eilat, Israel\"\n               data-image-slug=\"56eda74x9535\"\n               class='use_imagebrowser_effect' data-imagebrowser-url='https:\/\/heikkihelin.fi\/WordPress3\/index.php\/nggallery\/image\/%STUB%?page_id=10792'>\n                <img\n                    title=\"56edA74X9535\"\n                    alt=\"56edA74X9535\"\n                    src=\"https:\/\/heikkihelin.fi\/WordPress3\/wp-content\/gallery\/most-recent-january-to-march-2017\/thumbs\/thumbs_56edA74X9535.jpg\"\n                    width=\"120\"\n                    height=\"91\"\n                    style=\"max-width:100%;\"\n                \/>\n            <\/a>\n        <\/div>\n\t\t\t\t\t\t\t<\/div> \n\t\t\t\n        \n\t\t\t\t<div id=\"ngg-image-15\" class=\"ngg-gallery-thumbnail-box\" >\n\t\t\t\t        <div class=\"ngg-gallery-thumbnail\">\n            <a href=\"https:\/\/heikkihelin.fi\/WordPress3\/wp-content\/gallery\/most-recent-january-to-march-2017\/ed0H0A4382.jpg\"\n               title=\"Sunset - auringonlasku, Helsinki, Finland\"\n               data-src=\"https:\/\/heikkihelin.fi\/WordPress3\/wp-content\/gallery\/most-recent-january-to-march-2017\/ed0H0A4382.jpg\"\n               data-thumbnail=\"https:\/\/heikkihelin.fi\/WordPress3\/wp-content\/gallery\/most-recent-january-to-march-2017\/thumbs\/thumbs_ed0H0A4382.jpg\"\n               data-image-id=\"3649\"\n               data-title=\"ed0H0A4382\"\n               data-description=\"Sunset - auringonlasku, Helsinki, Finland\"\n               data-image-slug=\"ed0h0a4382\"\n               class='use_imagebrowser_effect' data-imagebrowser-url='https:\/\/heikkihelin.fi\/WordPress3\/index.php\/nggallery\/image\/%STUB%?page_id=10792'>\n                <img\n                    title=\"ed0H0A4382\"\n                    alt=\"ed0H0A4382\"\n                    src=\"https:\/\/heikkihelin.fi\/WordPress3\/wp-content\/gallery\/most-recent-january-to-march-2017\/thumbs\/thumbs_ed0H0A4382.jpg\"\n                    width=\"120\"\n                    height=\"54\"\n                    style=\"max-width:100%;\"\n                \/>\n            <\/a>\n        <\/div>\n\t\t\t\t\t\t\t<\/div> \n\t\t\t\n        \n\t\t\t\t<div id=\"ngg-image-16\" class=\"ngg-gallery-thumbnail-box\" >\n\t\t\t\t        <div class=\"ngg-gallery-thumbnail\">\n            <a href=\"https:\/\/heikkihelin.fi\/WordPress3\/wp-content\/gallery\/most-recent-january-to-march-2017\/ed0H0A4213.jpg\"\n               title=\"Sunset - auringonlasku, Helsinki, Finland\"\n               data-src=\"https:\/\/heikkihelin.fi\/WordPress3\/wp-content\/gallery\/most-recent-january-to-march-2017\/ed0H0A4213.jpg\"\n               data-thumbnail=\"https:\/\/heikkihelin.fi\/WordPress3\/wp-content\/gallery\/most-recent-january-to-march-2017\/thumbs\/thumbs_ed0H0A4213.jpg\"\n               data-image-id=\"3647\"\n               data-title=\"ed0H0A4213\"\n               data-description=\"Sunset - auringonlasku, Helsinki, Finland\"\n               data-image-slug=\"ed0h0a4213\"\n               class='use_imagebrowser_effect' data-imagebrowser-url='https:\/\/heikkihelin.fi\/WordPress3\/index.php\/nggallery\/image\/%STUB%?page_id=10792'>\n                <img\n                    title=\"ed0H0A4213\"\n                    alt=\"ed0H0A4213\"\n                    src=\"https:\/\/heikkihelin.fi\/WordPress3\/wp-content\/gallery\/most-recent-january-to-march-2017\/thumbs\/thumbs_ed0H0A4213.jpg\"\n                    width=\"120\"\n                    height=\"68\"\n                    style=\"max-width:100%;\"\n                \/>\n            <\/a>\n        <\/div>\n\t\t\t\t\t\t\t<\/div> \n\t\t\t\n        \n\t\t\n\t\t<div class=\"ngg-clear\"><\/div>\n\t<\/div>\n\n","protected":false},"excerpt":{"rendered":"","protected":false},"author":1,"featured_media":0,"parent":1378,"menu_order":0,"comment_status":"closed","ping_status":"closed","template":"","meta":{"ngg_post_thumbnail":0,"footnotes":"","_links_to":"","_links_to_target":""},"_links":{"self":[{"href":"https:\/\/heikkihelin.fi\/WordPress3\/index.php?rest_route=\/wp\/v2\/pages\/10792"}],"collection":[{"href":"https:\/\/heikkihelin.fi\/WordPress3\/index.php?rest_route=\/wp\/v2\/pages"}],"about":[{"href":"https:\/\/heikkihelin.fi\/WordPress3\/index.php?rest_route=\/wp\/v2\/types\/page"}],"author":[{"embeddable":true,"href":"https:\/\/heikkihelin.fi\/WordPress3\/index.php?rest_route=\/wp\/v2\/users\/1"}],"replies":[{"embeddable":true,"href":"https:\/\/heikkihelin.fi\/WordPress3\/index.php?rest_route=%2Fwp%2Fv2%2Fcomments&post=10792"}],"version-history":[{"count":0,"href":"https:\/\/heikkihelin.fi\/WordPress3\/index.php?rest_route=\/wp\/v2\/pages\/10792\/revisions"}],"up":[{"embeddable":true,"href":"https:\/\/heikkihelin.fi\/WordPress3\/index.php?rest_route=\/wp\/v2\/pages\/1378"}],"wp:attachment":[{"href":"https:\/\/heikkihelin.fi\/WordPress3\/index.php?rest_route=%2Fwp%2Fv2%2Fmedia&parent=10792"}],"curies":[{"name":"wp","href":"https:\/\/api.w.org\/{rel}","templated":true}]}}