{"id":14232,"date":"2017-09-16T12:01:32","date_gmt":"2017-09-16T09:01:32","guid":{"rendered":"http:\/\/heikkihelin.fi\/WordPress3\/?page_id=14232"},"modified":"2017-09-16T12:04:02","modified_gmt":"2017-09-16T09:04:02","slug":"gamebirds","status":"publish","type":"page","link":"https:\/\/heikkihelin.fi\/WordPress3\/?page_id=14232","title":{"rendered":"Gamebirds"},"content":{"rendered":"<div class=\"ngg-albumoverview\">\n            <div class=\"ngg-album-compact\">\n            <div class=\"ngg-album-compactbox\">\n                <div class=\"ngg-album-link\">\n                                        <a title='Willow grouse - riekko'\n                       href='https:\/\/heikkihelin.fi\/WordPress3\/?page_id=14373'>\n                        <img class=\"Thumb\"\n                             alt=\"Willow grouse - riekko\"\n                             src=\"https:\/\/heikkihelin.fi\/WordPress3\/wp-content\/gallery\/willow-grouse-riekko\/cache\/F0053A0B.jpg-nggid044462-ngg0dyn-120x91x100-00f0w010c010r110f110r010t010.jpg\"\/>\n                    <\/a>\n                                    <\/div>\n            <\/div>\n                        <h4>\n                <a class='ngg-album-desc' title='Willow grouse - riekko'\n                       href='https:\/\/heikkihelin.fi\/WordPress3\/?page_id=14373'style=\"max-width: 140px\">Willow grouse - riekko<\/a>\n            <\/h4>\n            <p class=\"ngg-album-gallery-image-counter\">\n                                    <strong>9<\/strong>&nbsp;Photos                            <\/p>\n        <\/div>\n            <div class=\"ngg-album-compact\">\n            <div class=\"ngg-album-compactbox\">\n                <div class=\"ngg-album-link\">\n                                        <a title='Ptarmigan - kiiruna'\n                       href='https:\/\/heikkihelin.fi\/WordPress3\/?page_id=14295'>\n                        <img class=\"Thumb\"\n                             alt=\"Ptarmigan - kiiruna\"\n                             src=\"https:\/\/heikkihelin.fi\/WordPress3\/wp-content\/gallery\/ptarmigan-kiiruna\/cache\/A74X7579.jpg-nggid044432-ngg0dyn-120x91x100-00f0w010c010r110f110r010t010.jpg\"\/>\n                    <\/a>\n                                    <\/div>\n            <\/div>\n                        <h4>\n                <a class='ngg-album-desc' title='Ptarmigan - kiiruna'\n                       href='https:\/\/heikkihelin.fi\/WordPress3\/?page_id=14295'style=\"max-width: 140px\">Ptarmigan - kiiruna<\/a>\n            <\/h4>\n            <p class=\"ngg-album-gallery-image-counter\">\n                                    <strong>16<\/strong>&nbsp;Photos                            <\/p>\n        <\/div>\n            <div class=\"ngg-album-compact\">\n            <div class=\"ngg-album-compactbox\">\n                <div class=\"ngg-album-link\">\n                                        <a title='Capercaillie - metso'\n                       href='https:\/\/heikkihelin.fi\/WordPress3\/?page_id=14316'>\n                        <img class=\"Thumb\"\n                             alt=\"Capercaillie - metso\"\n                             src=\"https:\/\/heikkihelin.fi\/WordPress3\/wp-content\/gallery\/capercaillie-metso\/cache\/D7I6876.jpg-nggid044436-ngg0dyn-120x91x100-00f0w010c010r110f110r010t010.jpg\"\/>\n                    <\/a>\n                                    <\/div>\n            <\/div>\n                        <h4>\n                <a class='ngg-album-desc' title='Capercaillie - metso'\n                       href='https:\/\/heikkihelin.fi\/WordPress3\/?page_id=14316'style=\"max-width: 140px\">Capercaillie - metso<\/a>\n            <\/h4>\n            <p class=\"ngg-album-gallery-image-counter\">\n                                    <strong>11<\/strong>&nbsp;Photos                            <\/p>\n        <\/div>\n            <div class=\"ngg-album-compact\">\n            <div class=\"ngg-album-compactbox\">\n                <div class=\"ngg-album-link\">\n                                        <a title='Black grouse - teeri'\n                       href='https:\/\/heikkihelin.fi\/WordPress3\/?page_id=14396'>\n                        <img class=\"Thumb\"\n                             alt=\"Black grouse - teeri\"\n                             src=\"https:\/\/heikkihelin.fi\/WordPress3\/wp-content\/gallery\/black-grouse-teeri\/cache\/A74X4021.jpg-nggid044475-ngg0dyn-120x91x100-00f0w010c010r110f110r010t010.jpg\"\/>\n                    <\/a>\n                                    <\/div>\n            <\/div>\n                        <h4>\n                <a class='ngg-album-desc' title='Black grouse - teeri'\n                       href='https:\/\/heikkihelin.fi\/WordPress3\/?page_id=14396'style=\"max-width: 140px\">Black grouse - teeri<\/a>\n            <\/h4>\n            <p class=\"ngg-album-gallery-image-counter\">\n                                    <strong>14<\/strong>&nbsp;Photos                            <\/p>\n        <\/div>\n            <div class=\"ngg-album-compact\">\n            <div class=\"ngg-album-compactbox\">\n                <div class=\"ngg-album-link\">\n                                        <a title='Hazel grouse - pyy '\n                       href='https:\/\/heikkihelin.fi\/WordPress3\/?page_id=14353'>\n                        <img class=\"Thumb\"\n                             alt=\"Hazel grouse - pyy \"\n                             src=\"https:\/\/heikkihelin.fi\/WordPress3\/wp-content\/gallery\/hhazel-grouse-pyy\/cache\/A74X4323.jpg-nggid044458-ngg0dyn-120x91x100-00f0w010c010r110f110r010t010.jpg\"\/>\n                    <\/a>\n                                    <\/div>\n            <\/div>\n                        <h4>\n                <a class='ngg-album-desc' title='Hazel grouse - pyy '\n                       href='https:\/\/heikkihelin.fi\/WordPress3\/?page_id=14353'style=\"max-width: 140px\">Hazel grouse - pyy <\/a>\n            <\/h4>\n            <p class=\"ngg-album-gallery-image-counter\">\n                                    <strong>8<\/strong>&nbsp;Photos                            <\/p>\n        <\/div>\n            <div class=\"ngg-album-compact\">\n            <div class=\"ngg-album-compactbox\">\n                <div class=\"ngg-album-link\">\n                                        <a title='Grey partridge - peltopyy'\n                       href='https:\/\/heikkihelin.fi\/WordPress3\/?page_id=14325'>\n                        <img class=\"Thumb\"\n                             alt=\"Grey partridge - peltopyy\"\n                             src=\"https:\/\/heikkihelin.fi\/WordPress3\/wp-content\/gallery\/grey-partridge-peltopyy\/cache\/D7I7673.jpg-nggid046383-ngg0dyn-120x91x100-00f0w010c010r110f110r010t010.jpg\"\/>\n                    <\/a>\n                                    <\/div>\n            <\/div>\n                        <h4>\n                <a class='ngg-album-desc' title='Grey partridge - peltopyy'\n                       href='https:\/\/heikkihelin.fi\/WordPress3\/?page_id=14325'style=\"max-width: 140px\">Grey partridge - peltopyy<\/a>\n            <\/h4>\n            <p class=\"ngg-album-gallery-image-counter\">\n                                    <strong>4<\/strong>&nbsp;Photos                            <\/p>\n        <\/div>\n            <div class=\"ngg-album-compact\">\n            <div class=\"ngg-album-compactbox\">\n                <div class=\"ngg-album-link\">\n                                        <a title='Red-legged partridge - punapyy'\n                       href='https:\/\/heikkihelin.fi\/WordPress3\/?page_id=14336'>\n                        <img class=\"Thumb\"\n                             alt=\"Red-legged partridge - punapyy\"\n                             src=\"https:\/\/heikkihelin.fi\/WordPress3\/wp-content\/gallery\/red-legged-partridge-punapyy\/cache\/edA74X6364.jpg-nggid044449-ngg0dyn-120x91x100-00f0w010c010r110f110r010t010.jpg\"\/>\n                    <\/a>\n                                    <\/div>\n            <\/div>\n                        <h4>\n                <a class='ngg-album-desc' title='Red-legged partridge - punapyy'\n                       href='https:\/\/heikkihelin.fi\/WordPress3\/?page_id=14336'style=\"max-width: 140px\">Red-legged partridge - punapyy<\/a>\n            <\/h4>\n            <p class=\"ngg-album-gallery-image-counter\">\n                                    <strong>4<\/strong>&nbsp;Photos                            <\/p>\n        <\/div>\n            <div class=\"ngg-album-compact\">\n            <div class=\"ngg-album-compactbox\">\n                <div class=\"ngg-album-link\">\n                                        <a title='Caucasian snowcock - kaukasianlumikana &lt;b&gt;*&lt;\/b&gt;'\n                       href='https:\/\/heikkihelin.fi\/WordPress3\/?page_id=26032'>\n                        <img class=\"Thumb\"\n                             alt=\"Caucasian snowcock - kaukasianlumikana &lt;b&gt;*&lt;\/b&gt;\"\n                             src=\"https:\/\/heikkihelin.fi\/WordPress3\/wp-content\/gallery\/caucasian-snowcock-kaukasianlumikana\/cache\/M8A5757Y-copy.jpg-nggid048062-ngg0dyn-120x91x100-00f0w010c010r110f110r010t010.jpg\"\/>\n                    <\/a>\n                                    <\/div>\n            <\/div>\n                        <h4>\n                <a class='ngg-album-desc' title='Caucasian snowcock - kaukasianlumikana &lt;b&gt;*&lt;\/b&gt;'\n                       href='https:\/\/heikkihelin.fi\/WordPress3\/?page_id=26032'style=\"max-width: 140px\">Caucasian snowcock - kaukasianlumikana <b>*<\/b><\/a>\n            <\/h4>\n            <p class=\"ngg-album-gallery-image-counter\">\n                                    <strong>1<\/strong>&nbsp;Photos                            <\/p>\n        <\/div>\n            <div class=\"ngg-album-compact\">\n            <div class=\"ngg-album-compactbox\">\n                <div class=\"ngg-album-link\">\n                                        <a title='Corncrake - ruisr\u00e4\u00e4kk\u00e4'\n                       href='https:\/\/heikkihelin.fi\/WordPress3\/?page_id=23726'>\n                        <img class=\"Thumb\"\n                             alt=\"Corncrake - ruisr\u00e4\u00e4kk\u00e4\"\n                             src=\"https:\/\/heikkihelin.fi\/WordPress3\/wp-content\/gallery\/corncrake-ruisraakka-crex-crex\/cache\/A74X5844a.jpg-nggid046382-ngg0dyn-120x91x100-00f0w010c010r110f110r010t010.jpg\"\/>\n                    <\/a>\n                                    <\/div>\n            <\/div>\n                        <h4>\n                <a class='ngg-album-desc' title='Corncrake - ruisr\u00e4\u00e4kk\u00e4'\n                       href='https:\/\/heikkihelin.fi\/WordPress3\/?page_id=23726'style=\"max-width: 140px\">Corncrake - ruisr\u00e4\u00e4kk\u00e4<\/a>\n            <\/h4>\n            <p class=\"ngg-album-gallery-image-counter\">\n                                    <strong>1<\/strong>&nbsp;Photos                            <\/p>\n        <\/div>\n            <div class=\"ngg-album-compact\">\n            <div class=\"ngg-album-compactbox\">\n                <div class=\"ngg-album-link\">\n                                        <a title='Pheasant - fasaani'\n                       href='https:\/\/heikkihelin.fi\/WordPress3\/?page_id=14267'>\n                        <img class=\"Thumb\"\n                             alt=\"Pheasant - fasaani\"\n                             src=\"https:\/\/heikkihelin.fi\/WordPress3\/wp-content\/gallery\/pheasant-fasaani\/cache\/ed_D7I3983a.jpg-nggid044423-ngg0dyn-120x91x100-00f0w010c010r110f110r010t010.jpg\"\/>\n                    <\/a>\n                                    <\/div>\n            <\/div>\n                        <h4>\n                <a class='ngg-album-desc' title='Pheasant - fasaani'\n                       href='https:\/\/heikkihelin.fi\/WordPress3\/?page_id=14267'style=\"max-width: 140px\">Pheasant - fasaani<\/a>\n            <\/h4>\n            <p class=\"ngg-album-gallery-image-counter\">\n                                    <strong>7<\/strong>&nbsp;Photos                            <\/p>\n        <\/div>\n            <div class=\"ngg-album-compact\">\n            <div class=\"ngg-album-compactbox\">\n                <div class=\"ngg-album-link\">\n                                        <a title='Grey francolin - harmaafrankoliini'\n                       href='https:\/\/heikkihelin.fi\/WordPress3\/?page_id=14274'>\n                        <img class=\"Thumb\"\n                             alt=\"Grey francolin - harmaafrankoliini\"\n                             src=\"https:\/\/heikkihelin.fi\/WordPress3\/wp-content\/gallery\/grey-francolin-harmaafrankoliini\/cache\/edA95Z2866.jpg-nggid044426-ngg0dyn-120x91x100-00f0w010c010r110f110r010t010.jpg\"\/>\n                    <\/a>\n                                    <\/div>\n            <\/div>\n                        <h4>\n                <a class='ngg-album-desc' title='Grey francolin - harmaafrankoliini'\n                       href='https:\/\/heikkihelin.fi\/WordPress3\/?page_id=14274'style=\"max-width: 140px\">Grey francolin - harmaafrankoliini<\/a>\n            <\/h4>\n            <p class=\"ngg-album-gallery-image-counter\">\n                                    <strong>2<\/strong>&nbsp;Photos                            <\/p>\n        <\/div>\n            <div class=\"ngg-album-compact\">\n            <div class=\"ngg-album-compactbox\">\n                <div class=\"ngg-album-link\">\n                                        <a title='Sand partridge - aavikkopyy'\n                       href='https:\/\/heikkihelin.fi\/WordPress3\/?page_id=14250'>\n                        <img class=\"Thumb\"\n                             alt=\"Sand partridge - aavikkopyy\"\n                             src=\"https:\/\/heikkihelin.fi\/WordPress3\/wp-content\/gallery\/sand-partridge-aavikkopyy\/cache\/edA74X0885.jpg-nggid044416-ngg0dyn-120x91x100-00f0w010c010r110f110r010t010.jpg\"\/>\n                    <\/a>\n                                    <\/div>\n            <\/div>\n                        <h4>\n                <a class='ngg-album-desc' title='Sand partridge - aavikkopyy'\n                       href='https:\/\/heikkihelin.fi\/WordPress3\/?page_id=14250'style=\"max-width: 140px\">Sand partridge - aavikkopyy<\/a>\n            <\/h4>\n            <p class=\"ngg-album-gallery-image-counter\">\n                                    <strong>2<\/strong>&nbsp;Photos                            <\/p>\n        <\/div>\n            <div class=\"ngg-album-compact\">\n            <div class=\"ngg-album-compactbox\">\n                <div class=\"ngg-album-link\">\n                                        <a title='Rock partridge - kivikkopyy'\n                       href='https:\/\/heikkihelin.fi\/WordPress3\/?page_id=23723'>\n                        <img class=\"Thumb\"\n                             alt=\"Rock partridge - kivikkopyy\"\n                             src=\"https:\/\/heikkihelin.fi\/WordPress3\/wp-content\/gallery\/rock-partridge-kivikkopyy\/cache\/D7I4157b.jpg-nggid046381-ngg0dyn-120x91x100-00f0w010c010r110f110r010t010.jpg\"\/>\n                    <\/a>\n                                    <\/div>\n            <\/div>\n                        <h4>\n                <a class='ngg-album-desc' title='Rock partridge - kivikkopyy'\n                       href='https:\/\/heikkihelin.fi\/WordPress3\/?page_id=23723'style=\"max-width: 140px\">Rock partridge - kivikkopyy<\/a>\n            <\/h4>\n            <p class=\"ngg-album-gallery-image-counter\">\n                                    <strong>1<\/strong>&nbsp;Photos                            <\/p>\n        <\/div>\n            <div class=\"ngg-album-compact\">\n            <div class=\"ngg-album-compactbox\">\n                <div class=\"ngg-album-link\">\n                                        <a title='California quail - kaliforniantupsuviiri\u00e4inen'\n                       href='https:\/\/heikkihelin.fi\/WordPress3\/?page_id=23720'>\n                        <img class=\"Thumb\"\n                             alt=\"California quail - kaliforniantupsuviiri\u00e4inen\"\n                             src=\"https:\/\/heikkihelin.fi\/WordPress3\/wp-content\/gallery\/california-quail-kaliforniantupusviiriainen\/cache\/E1U7713californiaquail.jpg-nggid046380-ngg0dyn-120x91x100-00f0w010c010r110f110r010t010.jpg\"\/>\n                    <\/a>\n                                    <\/div>\n            <\/div>\n                        <h4>\n                <a class='ngg-album-desc' title='California quail - kaliforniantupsuviiri\u00e4inen'\n                       href='https:\/\/heikkihelin.fi\/WordPress3\/?page_id=23720'style=\"max-width: 140px\">California quail - kaliforniantupsuviiri\u00e4inen<\/a>\n            <\/h4>\n            <p class=\"ngg-album-gallery-image-counter\">\n                                    <strong>3<\/strong>&nbsp;Photos                            <\/p>\n        <\/div>\n        <br class=\"ngg-clear\"\/>\n    <div class='ngg-clear'><\/div><\/div>\n\n","protected":false},"excerpt":{"rendered":"","protected":false},"author":1,"featured_media":0,"parent":156,"menu_order":0,"comment_status":"closed","ping_status":"closed","template":"","meta":{"ngg_post_thumbnail":0,"footnotes":"","_links_to":"","_links_to_target":""},"_links":{"self":[{"href":"https:\/\/heikkihelin.fi\/WordPress3\/index.php?rest_route=\/wp\/v2\/pages\/14232"}],"collection":[{"href":"https:\/\/heikkihelin.fi\/WordPress3\/index.php?rest_route=\/wp\/v2\/pages"}],"about":[{"href":"https:\/\/heikkihelin.fi\/WordPress3\/index.php?rest_route=\/wp\/v2\/types\/page"}],"author":[{"embeddable":true,"href":"https:\/\/heikkihelin.fi\/WordPress3\/index.php?rest_route=\/wp\/v2\/users\/1"}],"replies":[{"embeddable":true,"href":"https:\/\/heikkihelin.fi\/WordPress3\/index.php?rest_route=%2Fwp%2Fv2%2Fcomments&post=14232"}],"version-history":[{"count":2,"href":"https:\/\/heikkihelin.fi\/WordPress3\/index.php?rest_route=\/wp\/v2\/pages\/14232\/revisions"}],"predecessor-version":[{"id":14237,"href":"https:\/\/heikkihelin.fi\/WordPress3\/index.php?rest_route=\/wp\/v2\/pages\/14232\/revisions\/14237"}],"up":[{"embeddable":true,"href":"https:\/\/heikkihelin.fi\/WordPress3\/index.php?rest_route=\/wp\/v2\/pages\/156"}],"wp:attachment":[{"href":"https:\/\/heikkihelin.fi\/WordPress3\/index.php?rest_route=%2Fwp%2Fv2%2Fmedia&parent=14232"}],"curies":[{"name":"wp","href":"https:\/\/api.w.org\/{rel}","templated":true}]}}