{"id":14239,"date":"2017-09-16T12:06:39","date_gmt":"2017-09-16T09:06:39","guid":{"rendered":"http:\/\/heikkihelin.fi\/WordPress3\/?page_id=14239"},"modified":"2017-09-16T12:07:00","modified_gmt":"2017-09-16T09:07:00","slug":"kingfishers-bee-eaters-rollers-and-hoopoe","status":"publish","type":"page","link":"https:\/\/heikkihelin.fi\/WordPress3\/?page_id=14239","title":{"rendered":"Kingfishers, bee-eaters, rollers and hoopoe"},"content":{"rendered":"<div class=\"ngg-albumoverview\">\n            <div class=\"ngg-album-compact\">\n            <div class=\"ngg-album-compactbox\">\n                <div class=\"ngg-album-link\">\n                                        <a title='Common kingfisher - kuningaskalastaja'\n                       href='https:\/\/heikkihelin.fi\/WordPress3\/?page_id=14444'>\n                        <img class=\"Thumb\"\n                             alt=\"Common kingfisher - kuningaskalastaja\"\n                             src=\"https:\/\/heikkihelin.fi\/WordPress3\/wp-content\/gallery\/common-kingfisher-kuningaskalastaja\/cache\/A74X4507b.jpg-nggid044483-ngg0dyn-120x91x100-00f0w010c010r110f110r010t010.jpg\"\/>\n                    <\/a>\n                                    <\/div>\n            <\/div>\n                        <h4>\n                <a class='ngg-album-desc' title='Common kingfisher - kuningaskalastaja'\n                       href='https:\/\/heikkihelin.fi\/WordPress3\/?page_id=14444'style=\"max-width: 140px\">Common kingfisher - kuningaskalastaja<\/a>\n            <\/h4>\n            <p class=\"ngg-album-gallery-image-counter\">\n                                    <strong>9<\/strong>&nbsp;Photos                            <\/p>\n        <\/div>\n            <div class=\"ngg-album-compact\">\n            <div class=\"ngg-album-compactbox\">\n                <div class=\"ngg-album-link\">\n                                        <a title='Pied kingfisher - kirjokalastaja'\n                       href='https:\/\/heikkihelin.fi\/WordPress3\/?page_id=14476'>\n                        <img class=\"Thumb\"\n                             alt=\"Pied kingfisher - kirjokalastaja\"\n                             src=\"https:\/\/heikkihelin.fi\/WordPress3\/wp-content\/gallery\/pied-kingfisher-kirjokalastaja\/cache\/edA74X9929.jpg-nggid044500-ngg0dyn-120x91x100-00f0w010c010r110f110r010t010.jpg\"\/>\n                    <\/a>\n                                    <\/div>\n            <\/div>\n                        <h4>\n                <a class='ngg-album-desc' title='Pied kingfisher - kirjokalastaja'\n                       href='https:\/\/heikkihelin.fi\/WordPress3\/?page_id=14476'style=\"max-width: 140px\">Pied kingfisher - kirjokalastaja<\/a>\n            <\/h4>\n            <p class=\"ngg-album-gallery-image-counter\">\n                                    <strong>5<\/strong>&nbsp;Photos                            <\/p>\n        <\/div>\n            <div class=\"ngg-album-compact\">\n            <div class=\"ngg-album-compactbox\">\n                <div class=\"ngg-album-link\">\n                                        <a title='Belted kingfisher - sepelkalastaja'\n                       href='https:\/\/heikkihelin.fi\/WordPress3\/?page_id=14504'>\n                        <img class=\"Thumb\"\n                             alt=\"Belted kingfisher - sepelkalastaja\"\n                             src=\"https:\/\/heikkihelin.fi\/WordPress3\/wp-content\/gallery\/belted-kingfisher-sepelkalastaja\/cache\/E1U7858.jpg-nggid044511-ngg0dyn-120x91x100-00f0w010c010r110f110r010t010.jpg\"\/>\n                    <\/a>\n                                    <\/div>\n            <\/div>\n                        <h4>\n                <a class='ngg-album-desc' title='Belted kingfisher - sepelkalastaja'\n                       href='https:\/\/heikkihelin.fi\/WordPress3\/?page_id=14504'style=\"max-width: 140px\">Belted kingfisher - sepelkalastaja<\/a>\n            <\/h4>\n            <p class=\"ngg-album-gallery-image-counter\">\n                                    <strong>2<\/strong>&nbsp;Photos                            <\/p>\n        <\/div>\n            <div class=\"ngg-album-compact\">\n            <div class=\"ngg-album-compactbox\">\n                <div class=\"ngg-album-link\">\n                                        <a title='European roller - sinin\u00e4rhi'\n                       href='https:\/\/heikkihelin.fi\/WordPress3\/?page_id=14527'>\n                        <img class=\"Thumb\"\n                             alt=\"European roller - sinin\u00e4rhi\"\n                             src=\"https:\/\/heikkihelin.fi\/WordPress3\/wp-content\/gallery\/european-roller-sininarhi\/cache\/4I6A2548.jpg-nggid044517-ngg0dyn-120x91x100-00f0w010c010r110f110r010t010.jpg\"\/>\n                    <\/a>\n                                    <\/div>\n            <\/div>\n                        <h4>\n                <a class='ngg-album-desc' title='European roller - sinin\u00e4rhi'\n                       href='https:\/\/heikkihelin.fi\/WordPress3\/?page_id=14527'style=\"max-width: 140px\">European roller - sinin\u00e4rhi<\/a>\n            <\/h4>\n            <p class=\"ngg-album-gallery-image-counter\">\n                                    <strong>15<\/strong>&nbsp;Photos                            <\/p>\n        <\/div>\n            <div class=\"ngg-album-compact\">\n            <div class=\"ngg-album-compactbox\">\n                <div class=\"ngg-album-link\">\n                                        <a title='Indian roller - intiansinin\u00e4rhi'\n                       href='https:\/\/heikkihelin.fi\/WordPress3\/?page_id=14426'>\n                        <img class=\"Thumb\"\n                             alt=\"Indian roller - intiansinin\u00e4rhi\"\n                             src=\"https:\/\/heikkihelin.fi\/WordPress3\/wp-content\/gallery\/indian-roller-intiansininarhi\/cache\/A95Z0719.jpg-nggid044482-ngg0dyn-120x91x100-00f0w010c010r110f110r010t010.jpg\"\/>\n                    <\/a>\n                                    <\/div>\n            <\/div>\n                        <h4>\n                <a class='ngg-album-desc' title='Indian roller - intiansinin\u00e4rhi'\n                       href='https:\/\/heikkihelin.fi\/WordPress3\/?page_id=14426'style=\"max-width: 140px\">Indian roller - intiansinin\u00e4rhi<\/a>\n            <\/h4>\n            <p class=\"ngg-album-gallery-image-counter\">\n                                    <strong>1<\/strong>&nbsp;Photos                            <\/p>\n        <\/div>\n            <div class=\"ngg-album-compact\">\n            <div class=\"ngg-album-compactbox\">\n                <div class=\"ngg-album-link\">\n                                        <a title='European bee-eater - mehil\u00e4issy\u00f6j\u00e4'\n                       href='https:\/\/heikkihelin.fi\/WordPress3\/?page_id=14463'>\n                        <img class=\"Thumb\"\n                             alt=\"European bee-eater - mehil\u00e4issy\u00f6j\u00e4\"\n                             src=\"https:\/\/heikkihelin.fi\/WordPress3\/wp-content\/gallery\/european-bee-eater-mehilaissyoja\/cache\/MG_7780.jpg-nggid044494-ngg0dyn-120x91x100-00f0w010c010r110f110r010t010.jpg\"\/>\n                    <\/a>\n                                    <\/div>\n            <\/div>\n                        <h4>\n                <a class='ngg-album-desc' title='European bee-eater - mehil\u00e4issy\u00f6j\u00e4'\n                       href='https:\/\/heikkihelin.fi\/WordPress3\/?page_id=14463'style=\"max-width: 140px\">European bee-eater - mehil\u00e4issy\u00f6j\u00e4<\/a>\n            <\/h4>\n            <p class=\"ngg-album-gallery-image-counter\">\n                                    <strong>9<\/strong>&nbsp;Photos                            <\/p>\n        <\/div>\n            <div class=\"ngg-album-compact\">\n            <div class=\"ngg-album-compactbox\">\n                <div class=\"ngg-album-link\">\n                                        <a title='Little bee-eater - pikkumehil\u00e4issy\u00f6j\u00e4'\n                       href='https:\/\/heikkihelin.fi\/WordPress3\/?page_id=14497'>\n                        <img class=\"Thumb\"\n                             alt=\"Little bee-eater - pikkumehil\u00e4issy\u00f6j\u00e4\"\n                             src=\"https:\/\/heikkihelin.fi\/WordPress3\/wp-content\/gallery\/little-bee-eater-pikkumehilaissyoja\/cache\/edA95Z4081.jpg-nggid044510-ngg0dyn-120x91x100-00f0w010c010r110f110r010t010.jpg\"\/>\n                    <\/a>\n                                    <\/div>\n            <\/div>\n                        <h4>\n                <a class='ngg-album-desc' title='Little bee-eater - pikkumehil\u00e4issy\u00f6j\u00e4'\n                       href='https:\/\/heikkihelin.fi\/WordPress3\/?page_id=14497'style=\"max-width: 140px\">Little bee-eater - pikkumehil\u00e4issy\u00f6j\u00e4<\/a>\n            <\/h4>\n            <p class=\"ngg-album-gallery-image-counter\">\n                                    <strong>4<\/strong>&nbsp;Photos                            <\/p>\n        <\/div>\n            <div class=\"ngg-album-compact\">\n            <div class=\"ngg-album-compactbox\">\n                <div class=\"ngg-album-link\">\n                                        <a title='Hoopoe - harjalintu'\n                       href='https:\/\/heikkihelin.fi\/WordPress3\/?page_id=18493'>\n                        <img class=\"Thumb\"\n                             alt=\"Hoopoe - harjalintu\"\n                             src=\"https:\/\/heikkihelin.fi\/WordPress3\/wp-content\/gallery\/hoopoe-harjalintu\/cache\/0Q6Q8684.jpg-nggid044477-ngg0dyn-120x91x100-00f0w010c010r110f110r010t010.jpg\"\/>\n                    <\/a>\n                                    <\/div>\n            <\/div>\n                        <h4>\n                <a class='ngg-album-desc' title='Hoopoe - harjalintu'\n                       href='https:\/\/heikkihelin.fi\/WordPress3\/?page_id=18493'style=\"max-width: 140px\">Hoopoe - harjalintu<\/a>\n            <\/h4>\n            <p class=\"ngg-album-gallery-image-counter\">\n                                    <strong>5<\/strong>&nbsp;Photos                            <\/p>\n        <\/div>\n        <br class=\"ngg-clear\"\/>\n    <div class='ngg-clear'><\/div><\/div>\n\n","protected":false},"excerpt":{"rendered":"","protected":false},"author":1,"featured_media":0,"parent":156,"menu_order":0,"comment_status":"closed","ping_status":"closed","template":"","meta":{"ngg_post_thumbnail":0,"footnotes":"","_links_to":"","_links_to_target":""},"_links":{"self":[{"href":"https:\/\/heikkihelin.fi\/WordPress3\/index.php?rest_route=\/wp\/v2\/pages\/14239"}],"collection":[{"href":"https:\/\/heikkihelin.fi\/WordPress3\/index.php?rest_route=\/wp\/v2\/pages"}],"about":[{"href":"https:\/\/heikkihelin.fi\/WordPress3\/index.php?rest_route=\/wp\/v2\/types\/page"}],"author":[{"embeddable":true,"href":"https:\/\/heikkihelin.fi\/WordPress3\/index.php?rest_route=\/wp\/v2\/users\/1"}],"replies":[{"embeddable":true,"href":"https:\/\/heikkihelin.fi\/WordPress3\/index.php?rest_route=%2Fwp%2Fv2%2Fcomments&post=14239"}],"version-history":[{"count":2,"href":"https:\/\/heikkihelin.fi\/WordPress3\/index.php?rest_route=\/wp\/v2\/pages\/14239\/revisions"}],"predecessor-version":[{"id":14241,"href":"https:\/\/heikkihelin.fi\/WordPress3\/index.php?rest_route=\/wp\/v2\/pages\/14239\/revisions\/14241"}],"up":[{"embeddable":true,"href":"https:\/\/heikkihelin.fi\/WordPress3\/index.php?rest_route=\/wp\/v2\/pages\/156"}],"wp:attachment":[{"href":"https:\/\/heikkihelin.fi\/WordPress3\/index.php?rest_route=%2Fwp%2Fv2%2Fmedia&parent=14239"}],"curies":[{"name":"wp","href":"https:\/\/api.w.org\/{rel}","templated":true}]}}