{"id":21643,"date":"2019-03-17T22:48:58","date_gmt":"2019-03-17T20:48:58","guid":{"rendered":"http:\/\/heikkihelin.fi\/WordPress3\/?page_id=21643"},"modified":"2019-03-17T22:48:58","modified_gmt":"2019-03-17T20:48:58","slug":"blue-jay","status":"publish","type":"page","link":"https:\/\/heikkihelin.fi\/WordPress3\/?page_id=21643","title":{"rendered":"Blue jay"},"content":{"rendered":"<!-- index.php -->\n<div\n\tclass=\"ngg-galleryoverview ngg-ajax-pagination-none\"\n\tid=\"ngg-gallery-bc9d7ff9f17765da1ce90ac317d1b203-1\">\n\n    \t\t<!-- Thumbnails -->\n\t\t\t\t<div id=\"ngg-image-0\" class=\"ngg-gallery-thumbnail-box\" >\n\t\t\t\t        <div class=\"ngg-gallery-thumbnail\">\n            <a href=\"https:\/\/heikkihelin.fi\/WordPress3\/wp-content\/gallery\/blue-jay\/A74X0934a.jpg\"\n               title=\"Blue jay - sinit\u00f6yht\u00f6n\u00e4rhi -Cyanocitta cristata\"\n               data-src=\"https:\/\/heikkihelin.fi\/WordPress3\/wp-content\/gallery\/blue-jay\/A74X0934a.jpg\"\n               data-thumbnail=\"https:\/\/heikkihelin.fi\/WordPress3\/wp-content\/gallery\/blue-jay\/thumbs\/thumbs_A74X0934a.jpg\"\n               data-image-id=\"5391\"\n               data-title=\"A74X0934a\"\n               data-description=\"Blue jay - sinit\u00f6yht\u00f6n\u00e4rhi -Cyanocitta cristata\"\n               data-image-slug=\"a74x0934a\"\n               class='use_imagebrowser_effect' data-imagebrowser-url='https:\/\/heikkihelin.fi\/WordPress3\/index.php\/nggallery\/image\/%STUB%?page_id=21643'>\n                <img\n                    title=\"A74X0934a\"\n                    alt=\"A74X0934a\"\n                    src=\"https:\/\/heikkihelin.fi\/WordPress3\/wp-content\/gallery\/blue-jay\/thumbs\/thumbs_A74X0934a.jpg\"\n                    width=\"114\"\n                    height=\"91\"\n                    style=\"max-width:100%;\"\n                \/>\n            <\/a>\n        <\/div>\n\t\t\t\t\t\t\t<\/div> \n\t\t\t\n        \n\t\t\t\t<div id=\"ngg-image-1\" class=\"ngg-gallery-thumbnail-box\" >\n\t\t\t\t        <div class=\"ngg-gallery-thumbnail\">\n            <a href=\"https:\/\/heikkihelin.fi\/WordPress3\/wp-content\/gallery\/blue-jay\/A74X0810.jpg\"\n               title=\"Blue jay - sinit\u00f6yht\u00f6n\u00e4rhi -Cyanocitta cristata\"\n               data-src=\"https:\/\/heikkihelin.fi\/WordPress3\/wp-content\/gallery\/blue-jay\/A74X0810.jpg\"\n               data-thumbnail=\"https:\/\/heikkihelin.fi\/WordPress3\/wp-content\/gallery\/blue-jay\/thumbs\/thumbs_A74X0810.jpg\"\n               data-image-id=\"5390\"\n               data-title=\"A74X0810\"\n               data-description=\"Blue jay - sinit\u00f6yht\u00f6n\u00e4rhi -Cyanocitta cristata\"\n               data-image-slug=\"a74x0810\"\n               class='use_imagebrowser_effect' data-imagebrowser-url='https:\/\/heikkihelin.fi\/WordPress3\/index.php\/nggallery\/image\/%STUB%?page_id=21643'>\n                <img\n                    title=\"A74X0810\"\n                    alt=\"A74X0810\"\n                    src=\"https:\/\/heikkihelin.fi\/WordPress3\/wp-content\/gallery\/blue-jay\/thumbs\/thumbs_A74X0810.jpg\"\n                    width=\"114\"\n                    height=\"91\"\n                    style=\"max-width:100%;\"\n                \/>\n            <\/a>\n        <\/div>\n\t\t\t\t\t\t\t<\/div> \n\t\t\t\n        \n\t\t\t\t<div id=\"ngg-image-2\" class=\"ngg-gallery-thumbnail-box\" >\n\t\t\t\t        <div class=\"ngg-gallery-thumbnail\">\n            <a href=\"https:\/\/heikkihelin.fi\/WordPress3\/wp-content\/gallery\/blue-jay\/A74X0992.jpg\"\n               title=\"Blue jay - sinit\u00f6yht\u00f6n\u00e4rhi -Cyanocitta cristata\"\n               data-src=\"https:\/\/heikkihelin.fi\/WordPress3\/wp-content\/gallery\/blue-jay\/A74X0992.jpg\"\n               data-thumbnail=\"https:\/\/heikkihelin.fi\/WordPress3\/wp-content\/gallery\/blue-jay\/thumbs\/thumbs_A74X0992.jpg\"\n               data-image-id=\"5388\"\n               data-title=\"A74X0992\"\n               data-description=\"Blue jay - sinit\u00f6yht\u00f6n\u00e4rhi -Cyanocitta cristata\"\n               data-image-slug=\"a74x0992\"\n               class='use_imagebrowser_effect' data-imagebrowser-url='https:\/\/heikkihelin.fi\/WordPress3\/index.php\/nggallery\/image\/%STUB%?page_id=21643'>\n                <img\n                    title=\"A74X0992\"\n                    alt=\"A74X0992\"\n                    src=\"https:\/\/heikkihelin.fi\/WordPress3\/wp-content\/gallery\/blue-jay\/thumbs\/thumbs_A74X0992.jpg\"\n                    width=\"68\"\n                    height=\"91\"\n                    style=\"max-width:100%;\"\n                \/>\n            <\/a>\n        <\/div>\n\t\t\t\t\t\t\t<\/div> \n\t\t\t\n        \n\t\t\t\t<div id=\"ngg-image-3\" class=\"ngg-gallery-thumbnail-box\" >\n\t\t\t\t        <div class=\"ngg-gallery-thumbnail\">\n            <a href=\"https:\/\/heikkihelin.fi\/WordPress3\/wp-content\/gallery\/blue-jay\/A74X0048.jpg\"\n               title=\"Blue jay - sinit\u00f6yht\u00f6n\u00e4rhi -Cyanocitta cristata\"\n               data-src=\"https:\/\/heikkihelin.fi\/WordPress3\/wp-content\/gallery\/blue-jay\/A74X0048.jpg\"\n               data-thumbnail=\"https:\/\/heikkihelin.fi\/WordPress3\/wp-content\/gallery\/blue-jay\/thumbs\/thumbs_A74X0048.jpg\"\n               data-image-id=\"5389\"\n               data-title=\"A74X0048\"\n               data-description=\"Blue jay - sinit\u00f6yht\u00f6n\u00e4rhi -Cyanocitta cristata\"\n               data-image-slug=\"a74x0048\"\n               class='use_imagebrowser_effect' data-imagebrowser-url='https:\/\/heikkihelin.fi\/WordPress3\/index.php\/nggallery\/image\/%STUB%?page_id=21643'>\n                <img\n                    title=\"A74X0048\"\n                    alt=\"A74X0048\"\n                    src=\"https:\/\/heikkihelin.fi\/WordPress3\/wp-content\/gallery\/blue-jay\/thumbs\/thumbs_A74X0048.jpg\"\n                    width=\"73\"\n                    height=\"91\"\n                    style=\"max-width:100%;\"\n                \/>\n            <\/a>\n        <\/div>\n\t\t\t\t\t\t\t<\/div> \n\t\t\t\n        \n\t\t\n\t\t<div class=\"ngg-clear\"><\/div>\n\t<\/div>\n\n","protected":false},"excerpt":{"rendered":"","protected":false},"author":1,"featured_media":0,"parent":21570,"menu_order":0,"comment_status":"closed","ping_status":"closed","template":"","meta":{"ngg_post_thumbnail":0,"footnotes":"","_links_to":"","_links_to_target":""},"_links":{"self":[{"href":"https:\/\/heikkihelin.fi\/WordPress3\/index.php?rest_route=\/wp\/v2\/pages\/21643"}],"collection":[{"href":"https:\/\/heikkihelin.fi\/WordPress3\/index.php?rest_route=\/wp\/v2\/pages"}],"about":[{"href":"https:\/\/heikkihelin.fi\/WordPress3\/index.php?rest_route=\/wp\/v2\/types\/page"}],"author":[{"embeddable":true,"href":"https:\/\/heikkihelin.fi\/WordPress3\/index.php?rest_route=\/wp\/v2\/users\/1"}],"replies":[{"embeddable":true,"href":"https:\/\/heikkihelin.fi\/WordPress3\/index.php?rest_route=%2Fwp%2Fv2%2Fcomments&post=21643"}],"version-history":[{"count":0,"href":"https:\/\/heikkihelin.fi\/WordPress3\/index.php?rest_route=\/wp\/v2\/pages\/21643\/revisions"}],"up":[{"embeddable":true,"href":"https:\/\/heikkihelin.fi\/WordPress3\/index.php?rest_route=\/wp\/v2\/pages\/21570"}],"wp:attachment":[{"href":"https:\/\/heikkihelin.fi\/WordPress3\/index.php?rest_route=%2Fwp%2Fv2%2Fmedia&parent=21643"}],"curies":[{"name":"wp","href":"https:\/\/api.w.org\/{rel}","templated":true}]}}