{"id":22691,"date":"2019-08-26T11:07:07","date_gmt":"2019-08-26T08:07:07","guid":{"rendered":"https:\/\/heikkihelin.fi\/WordPress3\/?page_id=22691"},"modified":"2019-08-26T12:07:55","modified_gmt":"2019-08-26T09:07:55","slug":"martins-and-swallows","status":"publish","type":"page","link":"https:\/\/heikkihelin.fi\/WordPress3\/?page_id=22691","title":{"rendered":"Martins and swallows"},"content":{"rendered":"<div class=\"ngg-albumoverview\">\n            <div class=\"ngg-album-compact\">\n            <div class=\"ngg-album-compactbox\">\n                <div class=\"ngg-album-link\">\n                                        <a title='Sand martin - t\u00f6rm\u00e4p\u00e4\u00e4sky'\n                       href='https:\/\/heikkihelin.fi\/WordPress3\/?page_id=22725'>\n                        <img class=\"Thumb\"\n                             alt=\"Sand martin - t\u00f6rm\u00e4p\u00e4\u00e4sky\"\n                             src=\"https:\/\/heikkihelin.fi\/WordPress3\/wp-content\/gallery\/sand-martin-tormapaasky\/cache\/edA74X4107.jpg-nggid045800-ngg0dyn-120x91x100-00f0w010c010r110f110r010t010.jpg\"\/>\n                    <\/a>\n                                    <\/div>\n            <\/div>\n                        <h4>\n                <a class='ngg-album-desc' title='Sand martin - t\u00f6rm\u00e4p\u00e4\u00e4sky'\n                       href='https:\/\/heikkihelin.fi\/WordPress3\/?page_id=22725'style=\"max-width: 140px\">Sand martin - t\u00f6rm\u00e4p\u00e4\u00e4sky<\/a>\n            <\/h4>\n            <p class=\"ngg-album-gallery-image-counter\">\n                                    <strong>3<\/strong>&nbsp;Photos                            <\/p>\n        <\/div>\n            <div class=\"ngg-album-compact\">\n            <div class=\"ngg-album-compactbox\">\n                <div class=\"ngg-album-link\">\n                                        <a title='Crag martin - kalliop\u00e4\u00e4sky'\n                       href='https:\/\/heikkihelin.fi\/WordPress3\/?page_id=22713'>\n                        <img class=\"Thumb\"\n                             alt=\"Crag martin - kalliop\u00e4\u00e4sky\"\n                             src=\"https:\/\/heikkihelin.fi\/WordPress3\/wp-content\/gallery\/crag-martin-kalliopaasky\/cache\/E1U7058.jpg-nggid045793-ngg0dyn-120x91x100-00f0w010c010r110f110r010t010.jpg\"\/>\n                    <\/a>\n                                    <\/div>\n            <\/div>\n                        <h4>\n                <a class='ngg-album-desc' title='Crag martin - kalliop\u00e4\u00e4sky'\n                       href='https:\/\/heikkihelin.fi\/WordPress3\/?page_id=22713'style=\"max-width: 140px\">Crag martin - kalliop\u00e4\u00e4sky<\/a>\n            <\/h4>\n            <p class=\"ngg-album-gallery-image-counter\">\n                                    <strong>4<\/strong>&nbsp;Photos                            <\/p>\n        <\/div>\n            <div class=\"ngg-album-compact\">\n            <div class=\"ngg-album-compactbox\">\n                <div class=\"ngg-album-link\">\n                                        <a title='Barn swallow - haarap\u00e4\u00e4sky'\n                       href='https:\/\/heikkihelin.fi\/WordPress3\/?page_id=22703'>\n                        <img class=\"Thumb\"\n                             alt=\"Barn swallow - haarap\u00e4\u00e4sky\"\n                             src=\"https:\/\/heikkihelin.fi\/WordPress3\/wp-content\/gallery\/barn-swallow-haarapaasky\/cache\/edA95Z6308.jpg-nggid045786-ngg0dyn-120x91x100-00f0w010c010r110f110r010t010.jpg\"\/>\n                    <\/a>\n                                    <\/div>\n            <\/div>\n                        <h4>\n                <a class='ngg-album-desc' title='Barn swallow - haarap\u00e4\u00e4sky'\n                       href='https:\/\/heikkihelin.fi\/WordPress3\/?page_id=22703'style=\"max-width: 140px\">Barn swallow - haarap\u00e4\u00e4sky<\/a>\n            <\/h4>\n            <p class=\"ngg-album-gallery-image-counter\">\n                                    <strong>10<\/strong>&nbsp;Photos                            <\/p>\n        <\/div>\n            <div class=\"ngg-album-compact\">\n            <div class=\"ngg-album-compactbox\">\n                <div class=\"ngg-album-link\">\n                                        <a title='Red-rumped swallow - ruostep\u00e4\u00e4sky'\n                       href='https:\/\/heikkihelin.fi\/WordPress3\/?page_id=22720'>\n                        <img class=\"Thumb\"\n                             alt=\"Red-rumped swallow - ruostep\u00e4\u00e4sky\"\n                             src=\"https:\/\/heikkihelin.fi\/WordPress3\/wp-content\/gallery\/red-rumped-swallow-ruostepaasky\/cache\/ruostepaasky0904j.jpg-nggid045794-ngg0dyn-120x91x100-00f0w010c010r110f110r010t010.jpg\"\/>\n                    <\/a>\n                                    <\/div>\n            <\/div>\n                        <h4>\n                <a class='ngg-album-desc' title='Red-rumped swallow - ruostep\u00e4\u00e4sky'\n                       href='https:\/\/heikkihelin.fi\/WordPress3\/?page_id=22720'style=\"max-width: 140px\">Red-rumped swallow - ruostep\u00e4\u00e4sky<\/a>\n            <\/h4>\n            <p class=\"ngg-album-gallery-image-counter\">\n                                    <strong>5<\/strong>&nbsp;Photos                            <\/p>\n        <\/div>\n            <div class=\"ngg-album-compact\">\n            <div class=\"ngg-album-compactbox\">\n                <div class=\"ngg-album-link\">\n                                        <a title='House martin - r\u00e4yst\u00e4sp\u00e4\u00e4sky'\n                       href='https:\/\/heikkihelin.fi\/WordPress3\/?page_id=22730'>\n                        <img class=\"Thumb\"\n                             alt=\"House martin - r\u00e4yst\u00e4sp\u00e4\u00e4sky\"\n                             src=\"https:\/\/heikkihelin.fi\/WordPress3\/wp-content\/gallery\/house-martin-raystaspaasky\/cache\/M8A5172.jpg-nggid047606-ngg0dyn-120x91x100-00f0w010c010r110f110r010t010.jpg\"\/>\n                    <\/a>\n                                    <\/div>\n            <\/div>\n                        <h4>\n                <a class='ngg-album-desc' title='House martin - r\u00e4yst\u00e4sp\u00e4\u00e4sky'\n                       href='https:\/\/heikkihelin.fi\/WordPress3\/?page_id=22730'style=\"max-width: 140px\">House martin - r\u00e4yst\u00e4sp\u00e4\u00e4sky<\/a>\n            <\/h4>\n            <p class=\"ngg-album-gallery-image-counter\">\n                                    <strong>5<\/strong>&nbsp;Photos                            <\/p>\n        <\/div>\n            <div class=\"ngg-album-compact\">\n            <div class=\"ngg-album-compactbox\">\n                <div class=\"ngg-album-link\">\n                                        <a title='Tree swallow - kelop\u00e4\u00e4sky'\n                       href='https:\/\/heikkihelin.fi\/WordPress3\/?page_id=24758'>\n                        <img class=\"Thumb\"\n                             alt=\"Tree swallow - kelop\u00e4\u00e4sky\"\n                             src=\"https:\/\/heikkihelin.fi\/WordPress3\/wp-content\/gallery\/tree-swallow-kelopaasky\/cache\/F34A0694a.jpg-nggid047236-ngg0dyn-120x91x100-00f0w010c010r110f110r010t010.jpg\"\/>\n                    <\/a>\n                                    <\/div>\n            <\/div>\n                        <h4>\n                <a class='ngg-album-desc' title='Tree swallow - kelop\u00e4\u00e4sky'\n                       href='https:\/\/heikkihelin.fi\/WordPress3\/?page_id=24758'style=\"max-width: 140px\">Tree swallow - kelop\u00e4\u00e4sky<\/a>\n            <\/h4>\n            <p class=\"ngg-album-gallery-image-counter\">\n                                    <strong>1<\/strong>&nbsp;Photos                            <\/p>\n        <\/div>\n            <div class=\"ngg-album-compact\">\n            <div class=\"ngg-album-compactbox\">\n                <div class=\"ngg-album-link\">\n                                        <a title='Purple martin - sinip\u00e4\u00e4sky'\n                       href='https:\/\/heikkihelin.fi\/WordPress3\/?page_id=24762'>\n                        <img class=\"Thumb\"\n                             alt=\"Purple martin - sinip\u00e4\u00e4sky\"\n                             src=\"https:\/\/heikkihelin.fi\/WordPress3\/wp-content\/gallery\/purple-martin-sinipaasky\/cache\/F34A0541a.jpg-nggid047237-ngg0dyn-120x91x100-00f0w010c010r110f110r010t010.jpg\"\/>\n                    <\/a>\n                                    <\/div>\n            <\/div>\n                        <h4>\n                <a class='ngg-album-desc' title='Purple martin - sinip\u00e4\u00e4sky'\n                       href='https:\/\/heikkihelin.fi\/WordPress3\/?page_id=24762'style=\"max-width: 140px\">Purple martin - sinip\u00e4\u00e4sky<\/a>\n            <\/h4>\n            <p class=\"ngg-album-gallery-image-counter\">\n                                    <strong>2<\/strong>&nbsp;Photos                            <\/p>\n        <\/div>\n        <br class=\"ngg-clear\"\/>\n    <div class='ngg-clear'><\/div><\/div>\n\n","protected":false},"excerpt":{"rendered":"","protected":false},"author":1,"featured_media":0,"parent":156,"menu_order":0,"comment_status":"closed","ping_status":"closed","template":"","meta":{"ngg_post_thumbnail":0,"footnotes":"","_links_to":"","_links_to_target":""},"_links":{"self":[{"href":"https:\/\/heikkihelin.fi\/WordPress3\/index.php?rest_route=\/wp\/v2\/pages\/22691"}],"collection":[{"href":"https:\/\/heikkihelin.fi\/WordPress3\/index.php?rest_route=\/wp\/v2\/pages"}],"about":[{"href":"https:\/\/heikkihelin.fi\/WordPress3\/index.php?rest_route=\/wp\/v2\/types\/page"}],"author":[{"embeddable":true,"href":"https:\/\/heikkihelin.fi\/WordPress3\/index.php?rest_route=\/wp\/v2\/users\/1"}],"replies":[{"embeddable":true,"href":"https:\/\/heikkihelin.fi\/WordPress3\/index.php?rest_route=%2Fwp%2Fv2%2Fcomments&post=22691"}],"version-history":[{"count":4,"href":"https:\/\/heikkihelin.fi\/WordPress3\/index.php?rest_route=\/wp\/v2\/pages\/22691\/revisions"}],"predecessor-version":[{"id":22706,"href":"https:\/\/heikkihelin.fi\/WordPress3\/index.php?rest_route=\/wp\/v2\/pages\/22691\/revisions\/22706"}],"up":[{"embeddable":true,"href":"https:\/\/heikkihelin.fi\/WordPress3\/index.php?rest_route=\/wp\/v2\/pages\/156"}],"wp:attachment":[{"href":"https:\/\/heikkihelin.fi\/WordPress3\/index.php?rest_route=%2Fwp%2Fv2%2Fmedia&parent=22691"}],"curies":[{"name":"wp","href":"https:\/\/api.w.org\/{rel}","templated":true}]}}