{"id":22740,"date":"2019-08-26T15:34:08","date_gmt":"2019-08-26T12:34:08","guid":{"rendered":"https:\/\/heikkihelin.fi\/WordPress3\/?page_id=22740"},"modified":"2019-08-26T16:28:53","modified_gmt":"2019-08-26T13:28:53","slug":"pipits-and-wagtails","status":"publish","type":"page","link":"https:\/\/heikkihelin.fi\/WordPress3\/?page_id=22740","title":{"rendered":"Pipits and wagtails"},"content":{"rendered":"<div class=\"ngg-albumoverview\">\n            <div class=\"ngg-album-compact\">\n            <div class=\"ngg-album-compactbox\">\n                <div class=\"ngg-album-link\">\n                                        <a title='Tawny pipit - nummikirvinen'\n                       href='https:\/\/heikkihelin.fi\/WordPress3\/?page_id=22748'>\n                        <img class=\"Thumb\"\n                             alt=\"Tawny pipit - nummikirvinen\"\n                             src=\"https:\/\/heikkihelin.fi\/WordPress3\/wp-content\/gallery\/tawny-pipit-nummikirvinen\/cache\/E1U2202a.jpg-nggid045811-ngg0dyn-120x91x100-00f0w010c010r110f110r010t010.jpg\"\/>\n                    <\/a>\n                                    <\/div>\n            <\/div>\n                        <h4>\n                <a class='ngg-album-desc' title='Tawny pipit - nummikirvinen'\n                       href='https:\/\/heikkihelin.fi\/WordPress3\/?page_id=22748'style=\"max-width: 140px\">Tawny pipit - nummikirvinen<\/a>\n            <\/h4>\n            <p class=\"ngg-album-gallery-image-counter\">\n                                    <strong>4<\/strong>&nbsp;Photos                            <\/p>\n        <\/div>\n            <div class=\"ngg-album-compact\">\n            <div class=\"ngg-album-compactbox\">\n                <div class=\"ngg-album-link\">\n                                        <a title='Water pipit - vuorikirvinen'\n                       href='https:\/\/heikkihelin.fi\/WordPress3\/?page_id=22751'>\n                        <img class=\"Thumb\"\n                             alt=\"Water pipit - vuorikirvinen\"\n                             src=\"https:\/\/heikkihelin.fi\/WordPress3\/wp-content\/gallery\/water-pipit-vuorikirvinen\/cache\/edA74X9304.jpg-nggid045812-ngg0dyn-120x91x100-00f0w010c010r110f110r010t010.jpg\"\/>\n                    <\/a>\n                                    <\/div>\n            <\/div>\n                        <h4>\n                <a class='ngg-album-desc' title='Water pipit - vuorikirvinen'\n                       href='https:\/\/heikkihelin.fi\/WordPress3\/?page_id=22751'style=\"max-width: 140px\">Water pipit - vuorikirvinen<\/a>\n            <\/h4>\n            <p class=\"ngg-album-gallery-image-counter\">\n                                    <strong>2<\/strong>&nbsp;Photos                            <\/p>\n        <\/div>\n            <div class=\"ngg-album-compact\">\n            <div class=\"ngg-album-compactbox\">\n                <div class=\"ngg-album-link\">\n                                        <a title='Rock pipit - luotokirvinen'\n                       href='https:\/\/heikkihelin.fi\/WordPress3\/?page_id=22808'>\n                        <img class=\"Thumb\"\n                             alt=\"Rock pipit - luotokirvinen\"\n                             src=\"https:\/\/heikkihelin.fi\/WordPress3\/wp-content\/gallery\/rock-pipit-luotokirvinen\/cache\/luotokirvinen0905b.jpg-nggid045850-ngg0dyn-120x91x100-00f0w010c010r110f110r010t010.jpg\"\/>\n                    <\/a>\n                                    <\/div>\n            <\/div>\n                        <h4>\n                <a class='ngg-album-desc' title='Rock pipit - luotokirvinen'\n                       href='https:\/\/heikkihelin.fi\/WordPress3\/?page_id=22808'style=\"max-width: 140px\">Rock pipit - luotokirvinen<\/a>\n            <\/h4>\n            <p class=\"ngg-album-gallery-image-counter\">\n                                    <strong>5<\/strong>&nbsp;Photos                            <\/p>\n        <\/div>\n            <div class=\"ngg-album-compact\">\n            <div class=\"ngg-album-compactbox\">\n                <div class=\"ngg-album-link\">\n                                        <a title='Meadow pipit - niittykirvinen'\n                       href='https:\/\/heikkihelin.fi\/WordPress3\/?page_id=22758'>\n                        <img class=\"Thumb\"\n                             alt=\"Meadow pipit - niittykirvinen\"\n                             src=\"https:\/\/heikkihelin.fi\/WordPress3\/wp-content\/gallery\/meadow-pipit-niittykirvinen\/cache\/D7I3616Ed1.jpg-nggid045814-ngg0dyn-120x91x100-00f0w010c010r110f110r010t010.jpg\"\/>\n                    <\/a>\n                                    <\/div>\n            <\/div>\n                        <h4>\n                <a class='ngg-album-desc' title='Meadow pipit - niittykirvinen'\n                       href='https:\/\/heikkihelin.fi\/WordPress3\/?page_id=22758'style=\"max-width: 140px\">Meadow pipit - niittykirvinen<\/a>\n            <\/h4>\n            <p class=\"ngg-album-gallery-image-counter\">\n                                    <strong>5<\/strong>&nbsp;Photos                            <\/p>\n        <\/div>\n            <div class=\"ngg-album-compact\">\n            <div class=\"ngg-album-compactbox\">\n                <div class=\"ngg-album-link\">\n                                        <a title='Tree pipit - mets\u00e4kirvinen'\n                       href='https:\/\/heikkihelin.fi\/WordPress3\/?page_id=22765'>\n                        <img class=\"Thumb\"\n                             alt=\"Tree pipit - mets\u00e4kirvinen\"\n                             src=\"https:\/\/heikkihelin.fi\/WordPress3\/wp-content\/gallery\/tree-pipit-metsakirvinen\/cache\/E1U2071.jpg-nggid045821-ngg0dyn-120x91x100-00f0w010c010r110f110r010t010.jpg\"\/>\n                    <\/a>\n                                    <\/div>\n            <\/div>\n                        <h4>\n                <a class='ngg-album-desc' title='Tree pipit - mets\u00e4kirvinen'\n                       href='https:\/\/heikkihelin.fi\/WordPress3\/?page_id=22765'style=\"max-width: 140px\">Tree pipit - mets\u00e4kirvinen<\/a>\n            <\/h4>\n            <p class=\"ngg-album-gallery-image-counter\">\n                                    <strong>6<\/strong>&nbsp;Photos                            <\/p>\n        <\/div>\n            <div class=\"ngg-album-compact\">\n            <div class=\"ngg-album-compactbox\">\n                <div class=\"ngg-album-link\">\n                                        <a title='Red-throated pipit - lapinkirvinen'\n                       href='https:\/\/heikkihelin.fi\/WordPress3\/?page_id=22783'>\n                        <img class=\"Thumb\"\n                             alt=\"Red-throated pipit - lapinkirvinen\"\n                             src=\"https:\/\/heikkihelin.fi\/WordPress3\/wp-content\/gallery\/red-throated-pipit-lapinkirvinen\/cache\/F0181B80.jpg-nggid045832-ngg0dyn-120x91x100-00f0w010c010r110f110r010t010.jpg\"\/>\n                    <\/a>\n                                    <\/div>\n            <\/div>\n                        <h4>\n                <a class='ngg-album-desc' title='Red-throated pipit - lapinkirvinen'\n                       href='https:\/\/heikkihelin.fi\/WordPress3\/?page_id=22783'style=\"max-width: 140px\">Red-throated pipit - lapinkirvinen<\/a>\n            <\/h4>\n            <p class=\"ngg-album-gallery-image-counter\">\n                                    <strong>5<\/strong>&nbsp;Photos                            <\/p>\n        <\/div>\n            <div class=\"ngg-album-compact\">\n            <div class=\"ngg-album-compactbox\">\n                <div class=\"ngg-album-link\">\n                                        <a title='White wagtail - v\u00e4st\u00e4r\u00e4kki'\n                       href='https:\/\/heikkihelin.fi\/WordPress3\/?page_id=22811'>\n                        <img class=\"Thumb\"\n                             alt=\"White wagtail - v\u00e4st\u00e4r\u00e4kki\"\n                             src=\"https:\/\/heikkihelin.fi\/WordPress3\/wp-content\/gallery\/white-wagtail-vastarakki\/cache\/MG_3006ed.jpg-nggid045861-ngg0dyn-120x91x100-00f0w010c010r110f110r010t010.jpg\"\/>\n                    <\/a>\n                                    <\/div>\n            <\/div>\n                        <h4>\n                <a class='ngg-album-desc' title='White wagtail - v\u00e4st\u00e4r\u00e4kki'\n                       href='https:\/\/heikkihelin.fi\/WordPress3\/?page_id=22811'style=\"max-width: 140px\">White wagtail - v\u00e4st\u00e4r\u00e4kki<\/a>\n            <\/h4>\n            <p class=\"ngg-album-gallery-image-counter\">\n                                    <strong>9<\/strong>&nbsp;Photos                            <\/p>\n        <\/div>\n            <div class=\"ngg-album-compact\">\n            <div class=\"ngg-album-compactbox\">\n                <div class=\"ngg-album-link\">\n                                        <a title='Yellow wagtail - keltav\u00e4st\u00e4r\u00e4kki'\n                       href='https:\/\/heikkihelin.fi\/WordPress3\/?page_id=22790'>\n                        <img class=\"Thumb\"\n                             alt=\"Yellow wagtail - keltav\u00e4st\u00e4r\u00e4kki\"\n                             src=\"https:\/\/heikkihelin.fi\/WordPress3\/wp-content\/gallery\/yellow-wagtail-keltavastarakki\/cache\/A95Z3038flava.jpg-nggid045838-ngg0dyn-120x91x100-00f0w010c010r110f110r010t010.jpg\"\/>\n                    <\/a>\n                                    <\/div>\n            <\/div>\n                        <h4>\n                <a class='ngg-album-desc' title='Yellow wagtail - keltav\u00e4st\u00e4r\u00e4kki'\n                       href='https:\/\/heikkihelin.fi\/WordPress3\/?page_id=22790'style=\"max-width: 140px\">Yellow wagtail - keltav\u00e4st\u00e4r\u00e4kki<\/a>\n            <\/h4>\n            <p class=\"ngg-album-gallery-image-counter\">\n                                    <strong>5<\/strong>&nbsp;Photos                            <\/p>\n        <\/div>\n            <div class=\"ngg-album-compact\">\n            <div class=\"ngg-album-compactbox\">\n                <div class=\"ngg-album-link\">\n                                        <a title='Citrine wagtail - sitruunav\u00e4st\u00e4r\u00e4kki'\n                       href='https:\/\/heikkihelin.fi\/WordPress3\/?page_id=22796'>\n                        <img class=\"Thumb\"\n                             alt=\"Citrine wagtail - sitruunav\u00e4st\u00e4r\u00e4kki\"\n                             src=\"https:\/\/heikkihelin.fi\/WordPress3\/wp-content\/gallery\/citrine-wagtail-sitruunavastarakki\/cache\/edA95Z3571.jpg-nggid045842-ngg0dyn-120x91x100-00f0w010c010r110f110r010t010.jpg\"\/>\n                    <\/a>\n                                    <\/div>\n            <\/div>\n                        <h4>\n                <a class='ngg-album-desc' title='Citrine wagtail - sitruunav\u00e4st\u00e4r\u00e4kki'\n                       href='https:\/\/heikkihelin.fi\/WordPress3\/?page_id=22796'style=\"max-width: 140px\">Citrine wagtail - sitruunav\u00e4st\u00e4r\u00e4kki<\/a>\n            <\/h4>\n            <p class=\"ngg-album-gallery-image-counter\">\n                                    <strong>3<\/strong>&nbsp;Photos                            <\/p>\n        <\/div>\n            <div class=\"ngg-album-compact\">\n            <div class=\"ngg-album-compactbox\">\n                <div class=\"ngg-album-link\">\n                                        <a title='Grey wagtail - virtav\u00e4st\u00e4r\u00e4kki'\n                       href='https:\/\/heikkihelin.fi\/WordPress3\/?page_id=22803'>\n                        <img class=\"Thumb\"\n                             alt=\"Grey wagtail - virtav\u00e4st\u00e4r\u00e4kki\"\n                             src=\"https:\/\/heikkihelin.fi\/WordPress3\/wp-content\/gallery\/grey-wagtail-virtavastarakki\/cache\/E1U6889.jpg-nggid045846-ngg0dyn-120x91x100-00f0w010c010r110f110r010t010.jpg\"\/>\n                    <\/a>\n                                    <\/div>\n            <\/div>\n                        <h4>\n                <a class='ngg-album-desc' title='Grey wagtail - virtav\u00e4st\u00e4r\u00e4kki'\n                       href='https:\/\/heikkihelin.fi\/WordPress3\/?page_id=22803'style=\"max-width: 140px\">Grey wagtail - virtav\u00e4st\u00e4r\u00e4kki<\/a>\n            <\/h4>\n            <p class=\"ngg-album-gallery-image-counter\">\n                                    <strong>6<\/strong>&nbsp;Photos                            <\/p>\n        <\/div>\n        <br class=\"ngg-clear\"\/>\n    <div class='ngg-clear'><\/div><\/div>\n\n","protected":false},"excerpt":{"rendered":"","protected":false},"author":1,"featured_media":0,"parent":156,"menu_order":0,"comment_status":"closed","ping_status":"closed","template":"","meta":{"ngg_post_thumbnail":0,"footnotes":"","_links_to":"","_links_to_target":""},"_links":{"self":[{"href":"https:\/\/heikkihelin.fi\/WordPress3\/index.php?rest_route=\/wp\/v2\/pages\/22740"}],"collection":[{"href":"https:\/\/heikkihelin.fi\/WordPress3\/index.php?rest_route=\/wp\/v2\/pages"}],"about":[{"href":"https:\/\/heikkihelin.fi\/WordPress3\/index.php?rest_route=\/wp\/v2\/types\/page"}],"author":[{"embeddable":true,"href":"https:\/\/heikkihelin.fi\/WordPress3\/index.php?rest_route=\/wp\/v2\/users\/1"}],"replies":[{"embeddable":true,"href":"https:\/\/heikkihelin.fi\/WordPress3\/index.php?rest_route=%2Fwp%2Fv2%2Fcomments&post=22740"}],"version-history":[{"count":3,"href":"https:\/\/heikkihelin.fi\/WordPress3\/index.php?rest_route=\/wp\/v2\/pages\/22740\/revisions"}],"predecessor-version":[{"id":22810,"href":"https:\/\/heikkihelin.fi\/WordPress3\/index.php?rest_route=\/wp\/v2\/pages\/22740\/revisions\/22810"}],"up":[{"embeddable":true,"href":"https:\/\/heikkihelin.fi\/WordPress3\/index.php?rest_route=\/wp\/v2\/pages\/156"}],"wp:attachment":[{"href":"https:\/\/heikkihelin.fi\/WordPress3\/index.php?rest_route=%2Fwp%2Fv2%2Fmedia&parent=22740"}],"curies":[{"name":"wp","href":"https:\/\/api.w.org\/{rel}","templated":true}]}}