{"id":22790,"date":"2019-08-26T16:12:21","date_gmt":"2019-08-26T13:12:21","guid":{"rendered":"https:\/\/heikkihelin.fi\/WordPress3\/?page_id=22790"},"modified":"2019-08-26T16:12:21","modified_gmt":"2019-08-26T13:12:21","slug":"yellow-wagtail-keltavastarakki","status":"publish","type":"page","link":"https:\/\/heikkihelin.fi\/WordPress3\/?page_id=22790","title":{"rendered":"Yellow wagtail &#8211; keltav\u00e4st\u00e4r\u00e4kki"},"content":{"rendered":"<!-- index.php -->\n<div\n\tclass=\"ngg-galleryoverview ngg-ajax-pagination-none\"\n\tid=\"ngg-gallery-3f54c94681eb54116480e2f8f8cc4982-1\">\n\n    \t\t<!-- Thumbnails -->\n\t\t\t\t<div id=\"ngg-image-0\" class=\"ngg-gallery-thumbnail-box\" >\n\t\t\t\t        <div class=\"ngg-gallery-thumbnail\">\n            <a href=\"https:\/\/heikkihelin.fi\/WordPress3\/wp-content\/gallery\/yellow-wagtail-keltavastarakki\/A95Z3038flava.jpg\"\n               title=\"Yellow wagtail - keltav\u00e4st\u00e4r\u00e4kki - Motacilla flava\"\n               data-src=\"https:\/\/heikkihelin.fi\/WordPress3\/wp-content\/gallery\/yellow-wagtail-keltavastarakki\/A95Z3038flava.jpg\"\n               data-thumbnail=\"https:\/\/heikkihelin.fi\/WordPress3\/wp-content\/gallery\/yellow-wagtail-keltavastarakki\/thumbs\/thumbs_A95Z3038flava.jpg\"\n               data-image-id=\"5838\"\n               data-title=\"A95Z3038flava\"\n               data-description=\"Yellow wagtail - keltav\u00e4st\u00e4r\u00e4kki - Motacilla flava\"\n               data-image-slug=\"a95z3038flava\"\n               class='use_imagebrowser_effect' data-imagebrowser-url='https:\/\/heikkihelin.fi\/WordPress3\/index.php\/nggallery\/image\/%STUB%?page_id=22790'>\n                <img\n                    title=\"A95Z3038flava\"\n                    alt=\"A95Z3038flava\"\n                    src=\"https:\/\/heikkihelin.fi\/WordPress3\/wp-content\/gallery\/yellow-wagtail-keltavastarakki\/thumbs\/thumbs_A95Z3038flava.jpg\"\n                    width=\"120\"\n                    height=\"91\"\n                    style=\"max-width:100%;\"\n                \/>\n            <\/a>\n        <\/div>\n\t\t\t\t\t\t\t<\/div> \n\t\t\t\n        \n\t\t\t\t<div id=\"ngg-image-1\" class=\"ngg-gallery-thumbnail-box\" >\n\t\t\t\t        <div class=\"ngg-gallery-thumbnail\">\n            <a href=\"https:\/\/heikkihelin.fi\/WordPress3\/wp-content\/gallery\/yellow-wagtail-keltavastarakki\/edA74X9244superciliaris.jpg\"\n               title=\"Yellow wagtail - keltav\u00e4st\u00e4r\u00e4kki - Motacilla flava superciliaris\"\n               data-src=\"https:\/\/heikkihelin.fi\/WordPress3\/wp-content\/gallery\/yellow-wagtail-keltavastarakki\/edA74X9244superciliaris.jpg\"\n               data-thumbnail=\"https:\/\/heikkihelin.fi\/WordPress3\/wp-content\/gallery\/yellow-wagtail-keltavastarakki\/thumbs\/thumbs_edA74X9244superciliaris.jpg\"\n               data-image-id=\"5839\"\n               data-title=\"edA74X9244superciliaris\"\n               data-description=\"Yellow wagtail - keltav\u00e4st\u00e4r\u00e4kki - Motacilla flava superciliaris\"\n               data-image-slug=\"eda74x9244superciliaris\"\n               class='use_imagebrowser_effect' data-imagebrowser-url='https:\/\/heikkihelin.fi\/WordPress3\/index.php\/nggallery\/image\/%STUB%?page_id=22790'>\n                <img\n                    title=\"edA74X9244superciliaris\"\n                    alt=\"edA74X9244superciliaris\"\n                    src=\"https:\/\/heikkihelin.fi\/WordPress3\/wp-content\/gallery\/yellow-wagtail-keltavastarakki\/thumbs\/thumbs_edA74X9244superciliaris.jpg\"\n                    width=\"120\"\n                    height=\"91\"\n                    style=\"max-width:100%;\"\n                \/>\n            <\/a>\n        <\/div>\n\t\t\t\t\t\t\t<\/div> \n\t\t\t\n        \n\t\t\t\t<div id=\"ngg-image-2\" class=\"ngg-gallery-thumbnail-box\" >\n\t\t\t\t        <div class=\"ngg-gallery-thumbnail\">\n            <a href=\"https:\/\/heikkihelin.fi\/WordPress3\/wp-content\/gallery\/yellow-wagtail-keltavastarakki\/feldegg51aedA74X6239.jpg\"\n               title=\"Yellow wagtail - keltav\u00e4st\u00e4r\u00e4kki - Motacilla flava feldegg\"\n               data-src=\"https:\/\/heikkihelin.fi\/WordPress3\/wp-content\/gallery\/yellow-wagtail-keltavastarakki\/feldegg51aedA74X6239.jpg\"\n               data-thumbnail=\"https:\/\/heikkihelin.fi\/WordPress3\/wp-content\/gallery\/yellow-wagtail-keltavastarakki\/thumbs\/thumbs_feldegg51aedA74X6239.jpg\"\n               data-image-id=\"5841\"\n               data-title=\"feldegg51aedA74X6239\"\n               data-description=\"Yellow wagtail - keltav\u00e4st\u00e4r\u00e4kki - Motacilla flava feldegg\"\n               data-image-slug=\"feldegg51aeda74x6239\"\n               class='use_imagebrowser_effect' data-imagebrowser-url='https:\/\/heikkihelin.fi\/WordPress3\/index.php\/nggallery\/image\/%STUB%?page_id=22790'>\n                <img\n                    title=\"feldegg51aedA74X6239\"\n                    alt=\"feldegg51aedA74X6239\"\n                    src=\"https:\/\/heikkihelin.fi\/WordPress3\/wp-content\/gallery\/yellow-wagtail-keltavastarakki\/thumbs\/thumbs_feldegg51aedA74X6239.jpg\"\n                    width=\"120\"\n                    height=\"91\"\n                    style=\"max-width:100%;\"\n                \/>\n            <\/a>\n        <\/div>\n\t\t\t\t\t\t\t<\/div> \n\t\t\t\n        \n\t\t\t\t<div id=\"ngg-image-3\" class=\"ngg-gallery-thumbnail-box\" >\n\t\t\t\t        <div class=\"ngg-gallery-thumbnail\">\n            <a href=\"https:\/\/heikkihelin.fi\/WordPress3\/wp-content\/gallery\/yellow-wagtail-keltavastarakki\/keltavastarakki0904adombrowski.jpg\"\n               title=\"Yellow wagtail - keltav\u00e4st\u00e4r\u00e4kki - Motacilla flava dombrowskii\"\n               data-src=\"https:\/\/heikkihelin.fi\/WordPress3\/wp-content\/gallery\/yellow-wagtail-keltavastarakki\/keltavastarakki0904adombrowski.jpg\"\n               data-thumbnail=\"https:\/\/heikkihelin.fi\/WordPress3\/wp-content\/gallery\/yellow-wagtail-keltavastarakki\/thumbs\/thumbs_keltavastarakki0904adombrowski.jpg\"\n               data-image-id=\"5837\"\n               data-title=\"keltavastarakki0904adombrowski\"\n               data-description=\"Yellow wagtail - keltav\u00e4st\u00e4r\u00e4kki - Motacilla flava dombrowskii\"\n               data-image-slug=\"keltavastarakki0904adombrowski\"\n               class='use_imagebrowser_effect' data-imagebrowser-url='https:\/\/heikkihelin.fi\/WordPress3\/index.php\/nggallery\/image\/%STUB%?page_id=22790'>\n                <img\n                    title=\"keltavastarakki0904adombrowski\"\n                    alt=\"keltavastarakki0904adombrowski\"\n                    src=\"https:\/\/heikkihelin.fi\/WordPress3\/wp-content\/gallery\/yellow-wagtail-keltavastarakki\/thumbs\/thumbs_keltavastarakki0904adombrowski.jpg\"\n                    width=\"120\"\n                    height=\"91\"\n                    style=\"max-width:100%;\"\n                \/>\n            <\/a>\n        <\/div>\n\t\t\t\t\t\t\t<\/div> \n\t\t\t\n        \n\t\t\t\t<div id=\"ngg-image-4\" class=\"ngg-gallery-thumbnail-box\" >\n\t\t\t\t        <div class=\"ngg-gallery-thumbnail\">\n            <a href=\"https:\/\/heikkihelin.fi\/WordPress3\/wp-content\/gallery\/yellow-wagtail-keltavastarakki\/F03A01F3thunbergi.jpg\"\n               title=\"Yellow wagtail - keltav\u00e4st\u00e4r\u00e4kki - Motacilla flava  thunbergi\"\n               data-src=\"https:\/\/heikkihelin.fi\/WordPress3\/wp-content\/gallery\/yellow-wagtail-keltavastarakki\/F03A01F3thunbergi.jpg\"\n               data-thumbnail=\"https:\/\/heikkihelin.fi\/WordPress3\/wp-content\/gallery\/yellow-wagtail-keltavastarakki\/thumbs\/thumbs_F03A01F3thunbergi.jpg\"\n               data-image-id=\"5840\"\n               data-title=\"F03A01F3thunbergi\"\n               data-description=\"Yellow wagtail - keltav\u00e4st\u00e4r\u00e4kki - Motacilla flava  thunbergi\"\n               data-image-slug=\"f03a01f3thunbergi\"\n               class='use_imagebrowser_effect' data-imagebrowser-url='https:\/\/heikkihelin.fi\/WordPress3\/index.php\/nggallery\/image\/%STUB%?page_id=22790'>\n                <img\n                    title=\"F03A01F3thunbergi\"\n                    alt=\"F03A01F3thunbergi\"\n                    src=\"https:\/\/heikkihelin.fi\/WordPress3\/wp-content\/gallery\/yellow-wagtail-keltavastarakki\/thumbs\/thumbs_F03A01F3thunbergi.jpg\"\n                    width=\"120\"\n                    height=\"91\"\n                    style=\"max-width:100%;\"\n                \/>\n            <\/a>\n        <\/div>\n\t\t\t\t\t\t\t<\/div> \n\t\t\t\n        \n\t\t\n\t\t<div class=\"ngg-clear\"><\/div>\n\t<\/div>\n\n","protected":false},"excerpt":{"rendered":"","protected":false},"author":1,"featured_media":0,"parent":22740,"menu_order":0,"comment_status":"closed","ping_status":"closed","template":"","meta":{"ngg_post_thumbnail":0,"footnotes":"","_links_to":"","_links_to_target":""},"_links":{"self":[{"href":"https:\/\/heikkihelin.fi\/WordPress3\/index.php?rest_route=\/wp\/v2\/pages\/22790"}],"collection":[{"href":"https:\/\/heikkihelin.fi\/WordPress3\/index.php?rest_route=\/wp\/v2\/pages"}],"about":[{"href":"https:\/\/heikkihelin.fi\/WordPress3\/index.php?rest_route=\/wp\/v2\/types\/page"}],"author":[{"embeddable":true,"href":"https:\/\/heikkihelin.fi\/WordPress3\/index.php?rest_route=\/wp\/v2\/users\/1"}],"replies":[{"embeddable":true,"href":"https:\/\/heikkihelin.fi\/WordPress3\/index.php?rest_route=%2Fwp%2Fv2%2Fcomments&post=22790"}],"version-history":[{"count":0,"href":"https:\/\/heikkihelin.fi\/WordPress3\/index.php?rest_route=\/wp\/v2\/pages\/22790\/revisions"}],"up":[{"embeddable":true,"href":"https:\/\/heikkihelin.fi\/WordPress3\/index.php?rest_route=\/wp\/v2\/pages\/22740"}],"wp:attachment":[{"href":"https:\/\/heikkihelin.fi\/WordPress3\/index.php?rest_route=%2Fwp%2Fv2%2Fmedia&parent=22790"}],"curies":[{"name":"wp","href":"https:\/\/api.w.org\/{rel}","templated":true}]}}