{"id":22796,"date":"2019-08-26T16:15:52","date_gmt":"2019-08-26T13:15:52","guid":{"rendered":"https:\/\/heikkihelin.fi\/WordPress3\/?page_id=22796"},"modified":"2019-08-26T16:15:52","modified_gmt":"2019-08-26T13:15:52","slug":"citrine-wagtail-sitruunavastarakki","status":"publish","type":"page","link":"https:\/\/heikkihelin.fi\/WordPress3\/?page_id=22796","title":{"rendered":"Citrine wagtail &#8211; sitruunav\u00e4st\u00e4r\u00e4kki"},"content":{"rendered":"<!-- index.php -->\n<div\n\tclass=\"ngg-galleryoverview ngg-ajax-pagination-none\"\n\tid=\"ngg-gallery-b527f942d31863107e043b67622cca33-1\">\n\n    \t\t<!-- Thumbnails -->\n\t\t\t\t<div id=\"ngg-image-0\" class=\"ngg-gallery-thumbnail-box\" >\n\t\t\t\t        <div class=\"ngg-gallery-thumbnail\">\n            <a href=\"https:\/\/heikkihelin.fi\/WordPress3\/wp-content\/gallery\/citrine-wagtail-sitruunavastarakki\/A74X4648.jpg\"\n               title=\"Citrine wagtail - sitruunav\u00e4st\u00e4r\u00e4kki - Motacilla citreola\"\n               data-src=\"https:\/\/heikkihelin.fi\/WordPress3\/wp-content\/gallery\/citrine-wagtail-sitruunavastarakki\/A74X4648.jpg\"\n               data-thumbnail=\"https:\/\/heikkihelin.fi\/WordPress3\/wp-content\/gallery\/citrine-wagtail-sitruunavastarakki\/thumbs\/thumbs_A74X4648.jpg\"\n               data-image-id=\"5844\"\n               data-title=\"A74X4648\"\n               data-description=\"Citrine wagtail - sitruunav\u00e4st\u00e4r\u00e4kki - Motacilla citreola\"\n               data-image-slug=\"a74x4648\"\n               class='use_imagebrowser_effect' data-imagebrowser-url='https:\/\/heikkihelin.fi\/WordPress3\/index.php\/nggallery\/image\/%STUB%?page_id=22796'>\n                <img\n                    title=\"A74X4648\"\n                    alt=\"A74X4648\"\n                    src=\"https:\/\/heikkihelin.fi\/WordPress3\/wp-content\/gallery\/citrine-wagtail-sitruunavastarakki\/thumbs\/thumbs_A74X4648.jpg\"\n                    width=\"68\"\n                    height=\"91\"\n                    style=\"max-width:100%;\"\n                \/>\n            <\/a>\n        <\/div>\n\t\t\t\t\t\t\t<\/div> \n\t\t\t\n        \n\t\t\t\t<div id=\"ngg-image-1\" class=\"ngg-gallery-thumbnail-box\" >\n\t\t\t\t        <div class=\"ngg-gallery-thumbnail\">\n            <a href=\"https:\/\/heikkihelin.fi\/WordPress3\/wp-content\/gallery\/citrine-wagtail-sitruunavastarakki\/edA95Z3571.jpg\"\n               title=\"Citrine wagtail - sitruunav\u00e4st\u00e4r\u00e4kki - Motacilla citreola\"\n               data-src=\"https:\/\/heikkihelin.fi\/WordPress3\/wp-content\/gallery\/citrine-wagtail-sitruunavastarakki\/edA95Z3571.jpg\"\n               data-thumbnail=\"https:\/\/heikkihelin.fi\/WordPress3\/wp-content\/gallery\/citrine-wagtail-sitruunavastarakki\/thumbs\/thumbs_edA95Z3571.jpg\"\n               data-image-id=\"5842\"\n               data-title=\"edA95Z3571\"\n               data-description=\"Citrine wagtail - sitruunav\u00e4st\u00e4r\u00e4kki - Motacilla citreola\"\n               data-image-slug=\"eda95z3571\"\n               class='use_imagebrowser_effect' data-imagebrowser-url='https:\/\/heikkihelin.fi\/WordPress3\/index.php\/nggallery\/image\/%STUB%?page_id=22796'>\n                <img\n                    title=\"edA95Z3571\"\n                    alt=\"edA95Z3571\"\n                    src=\"https:\/\/heikkihelin.fi\/WordPress3\/wp-content\/gallery\/citrine-wagtail-sitruunavastarakki\/thumbs\/thumbs_edA95Z3571.jpg\"\n                    width=\"120\"\n                    height=\"91\"\n                    style=\"max-width:100%;\"\n                \/>\n            <\/a>\n        <\/div>\n\t\t\t\t\t\t\t<\/div> \n\t\t\t\n        \n\t\t\t\t<div id=\"ngg-image-2\" class=\"ngg-gallery-thumbnail-box\" >\n\t\t\t\t        <div class=\"ngg-gallery-thumbnail\">\n            <a href=\"https:\/\/heikkihelin.fi\/WordPress3\/wp-content\/gallery\/citrine-wagtail-sitruunavastarakki\/52edA74X9429.jpg\"\n               title=\"Citrine wagtail - sitruunav\u00e4st\u00e4r\u00e4kki - Motacilla citreola\"\n               data-src=\"https:\/\/heikkihelin.fi\/WordPress3\/wp-content\/gallery\/citrine-wagtail-sitruunavastarakki\/52edA74X9429.jpg\"\n               data-thumbnail=\"https:\/\/heikkihelin.fi\/WordPress3\/wp-content\/gallery\/citrine-wagtail-sitruunavastarakki\/thumbs\/thumbs_52edA74X9429.jpg\"\n               data-image-id=\"5843\"\n               data-title=\"52edA74X9429\"\n               data-description=\"Citrine wagtail - sitruunav\u00e4st\u00e4r\u00e4kki - Motacilla citreola\"\n               data-image-slug=\"52eda74x9429\"\n               class='use_imagebrowser_effect' data-imagebrowser-url='https:\/\/heikkihelin.fi\/WordPress3\/index.php\/nggallery\/image\/%STUB%?page_id=22796'>\n                <img\n                    title=\"52edA74X9429\"\n                    alt=\"52edA74X9429\"\n                    src=\"https:\/\/heikkihelin.fi\/WordPress3\/wp-content\/gallery\/citrine-wagtail-sitruunavastarakki\/thumbs\/thumbs_52edA74X9429.jpg\"\n                    width=\"120\"\n                    height=\"91\"\n                    style=\"max-width:100%;\"\n                \/>\n            <\/a>\n        <\/div>\n\t\t\t\t\t\t\t<\/div> \n\t\t\t\n        \n\t\t\n\t\t<div class=\"ngg-clear\"><\/div>\n\t<\/div>\n\n","protected":false},"excerpt":{"rendered":"","protected":false},"author":1,"featured_media":0,"parent":22740,"menu_order":0,"comment_status":"closed","ping_status":"closed","template":"","meta":{"ngg_post_thumbnail":0,"footnotes":"","_links_to":"","_links_to_target":""},"_links":{"self":[{"href":"https:\/\/heikkihelin.fi\/WordPress3\/index.php?rest_route=\/wp\/v2\/pages\/22796"}],"collection":[{"href":"https:\/\/heikkihelin.fi\/WordPress3\/index.php?rest_route=\/wp\/v2\/pages"}],"about":[{"href":"https:\/\/heikkihelin.fi\/WordPress3\/index.php?rest_route=\/wp\/v2\/types\/page"}],"author":[{"embeddable":true,"href":"https:\/\/heikkihelin.fi\/WordPress3\/index.php?rest_route=\/wp\/v2\/users\/1"}],"replies":[{"embeddable":true,"href":"https:\/\/heikkihelin.fi\/WordPress3\/index.php?rest_route=%2Fwp%2Fv2%2Fcomments&post=22796"}],"version-history":[{"count":0,"href":"https:\/\/heikkihelin.fi\/WordPress3\/index.php?rest_route=\/wp\/v2\/pages\/22796\/revisions"}],"up":[{"embeddable":true,"href":"https:\/\/heikkihelin.fi\/WordPress3\/index.php?rest_route=\/wp\/v2\/pages\/22740"}],"wp:attachment":[{"href":"https:\/\/heikkihelin.fi\/WordPress3\/index.php?rest_route=%2Fwp%2Fv2%2Fmedia&parent=22796"}],"curies":[{"name":"wp","href":"https:\/\/api.w.org\/{rel}","templated":true}]}}