{"id":22803,"date":"2019-08-26T16:18:59","date_gmt":"2019-08-26T13:18:59","guid":{"rendered":"https:\/\/heikkihelin.fi\/WordPress3\/?page_id=22803"},"modified":"2019-08-26T16:18:59","modified_gmt":"2019-08-26T13:18:59","slug":"grey-wagtail-virtavastarakki","status":"publish","type":"page","link":"https:\/\/heikkihelin.fi\/WordPress3\/?page_id=22803","title":{"rendered":"Grey wagtail &#8211; virtav\u00e4st\u00e4r\u00e4kki"},"content":{"rendered":"<!-- index.php -->\n<div\n\tclass=\"ngg-galleryoverview ngg-ajax-pagination-none\"\n\tid=\"ngg-gallery-492ea45f063ea32325945690fed6092a-1\">\n\n    \t\t<!-- Thumbnails -->\n\t\t\t\t<div id=\"ngg-image-0\" class=\"ngg-gallery-thumbnail-box\" >\n\t\t\t\t        <div class=\"ngg-gallery-thumbnail\">\n            <a href=\"https:\/\/heikkihelin.fi\/WordPress3\/wp-content\/gallery\/grey-wagtail-virtavastarakki\/E1U6889.jpg\"\n               title=\"Grey wagtail - virtav\u00e4st\u00e4r\u00e4kki - Motacilla cinerea\"\n               data-src=\"https:\/\/heikkihelin.fi\/WordPress3\/wp-content\/gallery\/grey-wagtail-virtavastarakki\/E1U6889.jpg\"\n               data-thumbnail=\"https:\/\/heikkihelin.fi\/WordPress3\/wp-content\/gallery\/grey-wagtail-virtavastarakki\/thumbs\/thumbs_E1U6889.jpg\"\n               data-image-id=\"5846\"\n               data-title=\"E1U6889\"\n               data-description=\"Grey wagtail - virtav\u00e4st\u00e4r\u00e4kki - Motacilla cinerea\"\n               data-image-slug=\"e1u6889\"\n               class='use_imagebrowser_effect' data-imagebrowser-url='https:\/\/heikkihelin.fi\/WordPress3\/index.php\/nggallery\/image\/%STUB%?page_id=22803'>\n                <img\n                    title=\"E1U6889\"\n                    alt=\"E1U6889\"\n                    src=\"https:\/\/heikkihelin.fi\/WordPress3\/wp-content\/gallery\/grey-wagtail-virtavastarakki\/thumbs\/thumbs_E1U6889.jpg\"\n                    width=\"120\"\n                    height=\"91\"\n                    style=\"max-width:100%;\"\n                \/>\n            <\/a>\n        <\/div>\n\t\t\t\t\t\t\t<\/div> \n\t\t\t\n        \n\t\t\t\t<div id=\"ngg-image-1\" class=\"ngg-gallery-thumbnail-box\" >\n\t\t\t\t        <div class=\"ngg-gallery-thumbnail\">\n            <a href=\"https:\/\/heikkihelin.fi\/WordPress3\/wp-content\/gallery\/grey-wagtail-virtavastarakki\/F03E162B.jpg\"\n               title=\"Grey wagtail - virtav\u00e4st\u00e4r\u00e4kki - Motacilla cinerea\"\n               data-src=\"https:\/\/heikkihelin.fi\/WordPress3\/wp-content\/gallery\/grey-wagtail-virtavastarakki\/F03E162B.jpg\"\n               data-thumbnail=\"https:\/\/heikkihelin.fi\/WordPress3\/wp-content\/gallery\/grey-wagtail-virtavastarakki\/thumbs\/thumbs_F03E162B.jpg\"\n               data-image-id=\"5849\"\n               data-title=\"F03E162B\"\n               data-description=\"Grey wagtail - virtav\u00e4st\u00e4r\u00e4kki - Motacilla cinerea\"\n               data-image-slug=\"f03e162b\"\n               class='use_imagebrowser_effect' data-imagebrowser-url='https:\/\/heikkihelin.fi\/WordPress3\/index.php\/nggallery\/image\/%STUB%?page_id=22803'>\n                <img\n                    title=\"F03E162B\"\n                    alt=\"F03E162B\"\n                    src=\"https:\/\/heikkihelin.fi\/WordPress3\/wp-content\/gallery\/grey-wagtail-virtavastarakki\/thumbs\/thumbs_F03E162B.jpg\"\n                    width=\"120\"\n                    height=\"91\"\n                    style=\"max-width:100%;\"\n                \/>\n            <\/a>\n        <\/div>\n\t\t\t\t\t\t\t<\/div> \n\t\t\t\n        \n\t\t\t\t<div id=\"ngg-image-2\" class=\"ngg-gallery-thumbnail-box\" >\n\t\t\t\t        <div class=\"ngg-gallery-thumbnail\">\n            <a href=\"https:\/\/heikkihelin.fi\/WordPress3\/wp-content\/gallery\/grey-wagtail-virtavastarakki\/F03E164C.jpg\"\n               title=\"Grey wagtail - virtav\u00e4st\u00e4r\u00e4kki - Motacilla cinerea\"\n               data-src=\"https:\/\/heikkihelin.fi\/WordPress3\/wp-content\/gallery\/grey-wagtail-virtavastarakki\/F03E164C.jpg\"\n               data-thumbnail=\"https:\/\/heikkihelin.fi\/WordPress3\/wp-content\/gallery\/grey-wagtail-virtavastarakki\/thumbs\/thumbs_F03E164C.jpg\"\n               data-image-id=\"5845\"\n               data-title=\"F03E164C\"\n               data-description=\"Grey wagtail - virtav\u00e4st\u00e4r\u00e4kki - Motacilla cinerea\"\n               data-image-slug=\"f03e164c\"\n               class='use_imagebrowser_effect' data-imagebrowser-url='https:\/\/heikkihelin.fi\/WordPress3\/index.php\/nggallery\/image\/%STUB%?page_id=22803'>\n                <img\n                    title=\"F03E164C\"\n                    alt=\"F03E164C\"\n                    src=\"https:\/\/heikkihelin.fi\/WordPress3\/wp-content\/gallery\/grey-wagtail-virtavastarakki\/thumbs\/thumbs_F03E164C.jpg\"\n                    width=\"120\"\n                    height=\"91\"\n                    style=\"max-width:100%;\"\n                \/>\n            <\/a>\n        <\/div>\n\t\t\t\t\t\t\t<\/div> \n\t\t\t\n        \n\t\t\t\t<div id=\"ngg-image-3\" class=\"ngg-gallery-thumbnail-box\" >\n\t\t\t\t        <div class=\"ngg-gallery-thumbnail\">\n            <a href=\"https:\/\/heikkihelin.fi\/WordPress3\/wp-content\/gallery\/grey-wagtail-virtavastarakki\/edA95Z2002.jpg\"\n               title=\"Grey wagtail - virtav\u00e4st\u00e4r\u00e4kki - Motacilla cinerea\"\n               data-src=\"https:\/\/heikkihelin.fi\/WordPress3\/wp-content\/gallery\/grey-wagtail-virtavastarakki\/edA95Z2002.jpg\"\n               data-thumbnail=\"https:\/\/heikkihelin.fi\/WordPress3\/wp-content\/gallery\/grey-wagtail-virtavastarakki\/thumbs\/thumbs_edA95Z2002.jpg\"\n               data-image-id=\"5847\"\n               data-title=\"edA95Z2002\"\n               data-description=\"Grey wagtail - virtav\u00e4st\u00e4r\u00e4kki - Motacilla cinerea\"\n               data-image-slug=\"eda95z2002\"\n               class='use_imagebrowser_effect' data-imagebrowser-url='https:\/\/heikkihelin.fi\/WordPress3\/index.php\/nggallery\/image\/%STUB%?page_id=22803'>\n                <img\n                    title=\"edA95Z2002\"\n                    alt=\"edA95Z2002\"\n                    src=\"https:\/\/heikkihelin.fi\/WordPress3\/wp-content\/gallery\/grey-wagtail-virtavastarakki\/thumbs\/thumbs_edA95Z2002.jpg\"\n                    width=\"120\"\n                    height=\"91\"\n                    style=\"max-width:100%;\"\n                \/>\n            <\/a>\n        <\/div>\n\t\t\t\t\t\t\t<\/div> \n\t\t\t\n        \n\t\t\t\t<div id=\"ngg-image-4\" class=\"ngg-gallery-thumbnail-box\" >\n\t\t\t\t        <div class=\"ngg-gallery-thumbnail\">\n            <a href=\"https:\/\/heikkihelin.fi\/WordPress3\/wp-content\/gallery\/grey-wagtail-virtavastarakki\/F03E16A4.jpg\"\n               title=\"Grey wagtail - virtav\u00e4st\u00e4r\u00e4kki - Motacilla cinerea\"\n               data-src=\"https:\/\/heikkihelin.fi\/WordPress3\/wp-content\/gallery\/grey-wagtail-virtavastarakki\/F03E16A4.jpg\"\n               data-thumbnail=\"https:\/\/heikkihelin.fi\/WordPress3\/wp-content\/gallery\/grey-wagtail-virtavastarakki\/thumbs\/thumbs_F03E16A4.jpg\"\n               data-image-id=\"5848\"\n               data-title=\"F03E16A4\"\n               data-description=\"Grey wagtail - virtav\u00e4st\u00e4r\u00e4kki - Motacilla cinerea\"\n               data-image-slug=\"f03e16a4\"\n               class='use_imagebrowser_effect' data-imagebrowser-url='https:\/\/heikkihelin.fi\/WordPress3\/index.php\/nggallery\/image\/%STUB%?page_id=22803'>\n                <img\n                    title=\"F03E16A4\"\n                    alt=\"F03E16A4\"\n                    src=\"https:\/\/heikkihelin.fi\/WordPress3\/wp-content\/gallery\/grey-wagtail-virtavastarakki\/thumbs\/thumbs_F03E16A4.jpg\"\n                    width=\"120\"\n                    height=\"91\"\n                    style=\"max-width:100%;\"\n                \/>\n            <\/a>\n        <\/div>\n\t\t\t\t\t\t\t<\/div> \n\t\t\t\n        \n\t\t\t\t<div id=\"ngg-image-5\" class=\"ngg-gallery-thumbnail-box\" >\n\t\t\t\t        <div class=\"ngg-gallery-thumbnail\">\n            <a href=\"https:\/\/heikkihelin.fi\/WordPress3\/wp-content\/gallery\/grey-wagtail-virtavastarakki\/M8A8174.jpg\"\n               title=\"Grey wagtail - virtav\u00e4st\u00e4r\u00e4kki - Motacilla cinerea&lt;br \/&gt;Kazbegi, Georgia\"\n               data-src=\"https:\/\/heikkihelin.fi\/WordPress3\/wp-content\/gallery\/grey-wagtail-virtavastarakki\/M8A8174.jpg\"\n               data-thumbnail=\"https:\/\/heikkihelin.fi\/WordPress3\/wp-content\/gallery\/grey-wagtail-virtavastarakki\/thumbs\/thumbs_M8A8174.jpg\"\n               data-image-id=\"7886\"\n               data-title=\"M8A8174\"\n               data-description=\"Grey wagtail - virtav\u00e4st\u00e4r\u00e4kki - Motacilla cinerea&lt;br \/&gt;Kazbegi, Georgia\"\n               data-image-slug=\"m8a8174-1\"\n               class='use_imagebrowser_effect' data-imagebrowser-url='https:\/\/heikkihelin.fi\/WordPress3\/index.php\/nggallery\/image\/%STUB%?page_id=22803'>\n                <img\n                    title=\"M8A8174\"\n                    alt=\"M8A8174\"\n                    src=\"https:\/\/heikkihelin.fi\/WordPress3\/wp-content\/gallery\/grey-wagtail-virtavastarakki\/thumbs\/thumbs_M8A8174.jpg\"\n                    width=\"91\"\n                    height=\"61\"\n                    style=\"max-width:100%;\"\n                \/>\n            <\/a>\n        <\/div>\n\t\t\t\t\t\t\t<\/div> \n\t\t\t\n        \n\t\t\n\t\t<div class=\"ngg-clear\"><\/div>\n\t<\/div>\n\n","protected":false},"excerpt":{"rendered":"","protected":false},"author":1,"featured_media":0,"parent":22740,"menu_order":0,"comment_status":"closed","ping_status":"closed","template":"","meta":{"ngg_post_thumbnail":0,"footnotes":"","_links_to":"","_links_to_target":""},"_links":{"self":[{"href":"https:\/\/heikkihelin.fi\/WordPress3\/index.php?rest_route=\/wp\/v2\/pages\/22803"}],"collection":[{"href":"https:\/\/heikkihelin.fi\/WordPress3\/index.php?rest_route=\/wp\/v2\/pages"}],"about":[{"href":"https:\/\/heikkihelin.fi\/WordPress3\/index.php?rest_route=\/wp\/v2\/types\/page"}],"author":[{"embeddable":true,"href":"https:\/\/heikkihelin.fi\/WordPress3\/index.php?rest_route=\/wp\/v2\/users\/1"}],"replies":[{"embeddable":true,"href":"https:\/\/heikkihelin.fi\/WordPress3\/index.php?rest_route=%2Fwp%2Fv2%2Fcomments&post=22803"}],"version-history":[{"count":0,"href":"https:\/\/heikkihelin.fi\/WordPress3\/index.php?rest_route=\/wp\/v2\/pages\/22803\/revisions"}],"up":[{"embeddable":true,"href":"https:\/\/heikkihelin.fi\/WordPress3\/index.php?rest_route=\/wp\/v2\/pages\/22740"}],"wp:attachment":[{"href":"https:\/\/heikkihelin.fi\/WordPress3\/index.php?rest_route=%2Fwp%2Fv2%2Fmedia&parent=22803"}],"curies":[{"name":"wp","href":"https:\/\/api.w.org\/{rel}","templated":true}]}}