{"id":22811,"date":"2019-08-26T16:37:31","date_gmt":"2019-08-26T13:37:31","guid":{"rendered":"https:\/\/heikkihelin.fi\/WordPress3\/?page_id=22811"},"modified":"2019-08-26T16:37:31","modified_gmt":"2019-08-26T13:37:31","slug":"white-wagtail-vastarakki-2","status":"publish","type":"page","link":"https:\/\/heikkihelin.fi\/WordPress3\/?page_id=22811","title":{"rendered":"White wagtail &#8211; v\u00e4st\u00e4r\u00e4kki"},"content":{"rendered":"<!-- index.php -->\n<div\n\tclass=\"ngg-galleryoverview ngg-ajax-pagination-none\"\n\tid=\"ngg-gallery-81232095a40267355389f6e2c90c3cef-1\">\n\n    \t\t<!-- Thumbnails -->\n\t\t\t\t<div id=\"ngg-image-0\" class=\"ngg-gallery-thumbnail-box\" >\n\t\t\t\t        <div class=\"ngg-gallery-thumbnail\">\n            <a href=\"https:\/\/heikkihelin.fi\/WordPress3\/wp-content\/gallery\/white-wagtail-vastarakki\/D7I0691.jpg\"\n               title=\"\"\n               data-src=\"https:\/\/heikkihelin.fi\/WordPress3\/wp-content\/gallery\/white-wagtail-vastarakki\/D7I0691.jpg\"\n               data-thumbnail=\"https:\/\/heikkihelin.fi\/WordPress3\/wp-content\/gallery\/white-wagtail-vastarakki\/thumbs\/thumbs_D7I0691.jpg\"\n               data-image-id=\"5858\"\n               data-title=\"D7I0691\"\n               data-description=\"\"\n               data-image-slug=\"d7i0691\"\n               class='use_imagebrowser_effect' data-imagebrowser-url='https:\/\/heikkihelin.fi\/WordPress3\/index.php\/nggallery\/image\/%STUB%?page_id=22811'>\n                <img\n                    title=\"D7I0691\"\n                    alt=\"D7I0691\"\n                    src=\"https:\/\/heikkihelin.fi\/WordPress3\/wp-content\/gallery\/white-wagtail-vastarakki\/thumbs\/thumbs_D7I0691.jpg\"\n                    width=\"120\"\n                    height=\"91\"\n                    style=\"max-width:100%;\"\n                \/>\n            <\/a>\n        <\/div>\n\t\t\t\t\t\t\t<\/div> \n\t\t\t\n        \n\t\t\t\t<div id=\"ngg-image-1\" class=\"ngg-gallery-thumbnail-box\" >\n\t\t\t\t        <div class=\"ngg-gallery-thumbnail\">\n            <a href=\"https:\/\/heikkihelin.fi\/WordPress3\/wp-content\/gallery\/white-wagtail-vastarakki\/MG_3234ed.jpg\"\n               title=\"\"\n               data-src=\"https:\/\/heikkihelin.fi\/WordPress3\/wp-content\/gallery\/white-wagtail-vastarakki\/MG_3234ed.jpg\"\n               data-thumbnail=\"https:\/\/heikkihelin.fi\/WordPress3\/wp-content\/gallery\/white-wagtail-vastarakki\/thumbs\/thumbs_MG_3234ed.jpg\"\n               data-image-id=\"5854\"\n               data-title=\"MG_3234ed\"\n               data-description=\"\"\n               data-image-slug=\"mg_3234ed\"\n               class='use_imagebrowser_effect' data-imagebrowser-url='https:\/\/heikkihelin.fi\/WordPress3\/index.php\/nggallery\/image\/%STUB%?page_id=22811'>\n                <img\n                    title=\"MG_3234ed\"\n                    alt=\"MG_3234ed\"\n                    src=\"https:\/\/heikkihelin.fi\/WordPress3\/wp-content\/gallery\/white-wagtail-vastarakki\/thumbs\/thumbs_MG_3234ed.jpg\"\n                    width=\"120\"\n                    height=\"91\"\n                    style=\"max-width:100%;\"\n                \/>\n            <\/a>\n        <\/div>\n\t\t\t\t\t\t\t<\/div> \n\t\t\t\n        \n\t\t\t\t<div id=\"ngg-image-2\" class=\"ngg-gallery-thumbnail-box\" >\n\t\t\t\t        <div class=\"ngg-gallery-thumbnail\">\n            <a href=\"https:\/\/heikkihelin.fi\/WordPress3\/wp-content\/gallery\/white-wagtail-vastarakki\/MG_3018.jpg\"\n               title=\"\"\n               data-src=\"https:\/\/heikkihelin.fi\/WordPress3\/wp-content\/gallery\/white-wagtail-vastarakki\/MG_3018.jpg\"\n               data-thumbnail=\"https:\/\/heikkihelin.fi\/WordPress3\/wp-content\/gallery\/white-wagtail-vastarakki\/thumbs\/thumbs_MG_3018.jpg\"\n               data-image-id=\"5853\"\n               data-title=\"MG_3018\"\n               data-description=\"\"\n               data-image-slug=\"mg_3018\"\n               class='use_imagebrowser_effect' data-imagebrowser-url='https:\/\/heikkihelin.fi\/WordPress3\/index.php\/nggallery\/image\/%STUB%?page_id=22811'>\n                <img\n                    title=\"MG_3018\"\n                    alt=\"MG_3018\"\n                    src=\"https:\/\/heikkihelin.fi\/WordPress3\/wp-content\/gallery\/white-wagtail-vastarakki\/thumbs\/thumbs_MG_3018.jpg\"\n                    width=\"120\"\n                    height=\"91\"\n                    style=\"max-width:100%;\"\n                \/>\n            <\/a>\n        <\/div>\n\t\t\t\t\t\t\t<\/div> \n\t\t\t\n        \n\t\t\t\t<div id=\"ngg-image-3\" class=\"ngg-gallery-thumbnail-box\" >\n\t\t\t\t        <div class=\"ngg-gallery-thumbnail\">\n            <a href=\"https:\/\/heikkihelin.fi\/WordPress3\/wp-content\/gallery\/white-wagtail-vastarakki\/MG_3006ed.jpg\"\n               title=\"\"\n               data-src=\"https:\/\/heikkihelin.fi\/WordPress3\/wp-content\/gallery\/white-wagtail-vastarakki\/MG_3006ed.jpg\"\n               data-thumbnail=\"https:\/\/heikkihelin.fi\/WordPress3\/wp-content\/gallery\/white-wagtail-vastarakki\/thumbs\/thumbs_MG_3006ed.jpg\"\n               data-image-id=\"5861\"\n               data-title=\"MG_3006ed\"\n               data-description=\"\"\n               data-image-slug=\"mg_3006ed\"\n               class='use_imagebrowser_effect' data-imagebrowser-url='https:\/\/heikkihelin.fi\/WordPress3\/index.php\/nggallery\/image\/%STUB%?page_id=22811'>\n                <img\n                    title=\"MG_3006ed\"\n                    alt=\"MG_3006ed\"\n                    src=\"https:\/\/heikkihelin.fi\/WordPress3\/wp-content\/gallery\/white-wagtail-vastarakki\/thumbs\/thumbs_MG_3006ed.jpg\"\n                    width=\"120\"\n                    height=\"91\"\n                    style=\"max-width:100%;\"\n                \/>\n            <\/a>\n        <\/div>\n\t\t\t\t\t\t\t<\/div> \n\t\t\t\n        \n\t\t\t\t<div id=\"ngg-image-4\" class=\"ngg-gallery-thumbnail-box\" >\n\t\t\t\t        <div class=\"ngg-gallery-thumbnail\">\n            <a href=\"https:\/\/heikkihelin.fi\/WordPress3\/wp-content\/gallery\/white-wagtail-vastarakki\/edA95Z0049.jpg\"\n               title=\"\"\n               data-src=\"https:\/\/heikkihelin.fi\/WordPress3\/wp-content\/gallery\/white-wagtail-vastarakki\/edA95Z0049.jpg\"\n               data-thumbnail=\"https:\/\/heikkihelin.fi\/WordPress3\/wp-content\/gallery\/white-wagtail-vastarakki\/thumbs\/thumbs_edA95Z0049.jpg\"\n               data-image-id=\"5856\"\n               data-title=\"edA95Z0049\"\n               data-description=\"\"\n               data-image-slug=\"eda95z0049\"\n               class='use_imagebrowser_effect' data-imagebrowser-url='https:\/\/heikkihelin.fi\/WordPress3\/index.php\/nggallery\/image\/%STUB%?page_id=22811'>\n                <img\n                    title=\"edA95Z0049\"\n                    alt=\"edA95Z0049\"\n                    src=\"https:\/\/heikkihelin.fi\/WordPress3\/wp-content\/gallery\/white-wagtail-vastarakki\/thumbs\/thumbs_edA95Z0049.jpg\"\n                    width=\"120\"\n                    height=\"91\"\n                    style=\"max-width:100%;\"\n                \/>\n            <\/a>\n        <\/div>\n\t\t\t\t\t\t\t<\/div> \n\t\t\t\n        \n\t\t\t\t<div id=\"ngg-image-5\" class=\"ngg-gallery-thumbnail-box\" >\n\t\t\t\t        <div class=\"ngg-gallery-thumbnail\">\n            <a href=\"https:\/\/heikkihelin.fi\/WordPress3\/wp-content\/gallery\/white-wagtail-vastarakki\/D7I9655Ed1.jpg\"\n               title=\"\"\n               data-src=\"https:\/\/heikkihelin.fi\/WordPress3\/wp-content\/gallery\/white-wagtail-vastarakki\/D7I9655Ed1.jpg\"\n               data-thumbnail=\"https:\/\/heikkihelin.fi\/WordPress3\/wp-content\/gallery\/white-wagtail-vastarakki\/thumbs\/thumbs_D7I9655Ed1.jpg\"\n               data-image-id=\"5860\"\n               data-title=\"D7I9655Ed1\"\n               data-description=\"\"\n               data-image-slug=\"d7i9655ed1\"\n               class='use_imagebrowser_effect' data-imagebrowser-url='https:\/\/heikkihelin.fi\/WordPress3\/index.php\/nggallery\/image\/%STUB%?page_id=22811'>\n                <img\n                    title=\"D7I9655Ed1\"\n                    alt=\"D7I9655Ed1\"\n                    src=\"https:\/\/heikkihelin.fi\/WordPress3\/wp-content\/gallery\/white-wagtail-vastarakki\/thumbs\/thumbs_D7I9655Ed1.jpg\"\n                    width=\"120\"\n                    height=\"80\"\n                    style=\"max-width:100%;\"\n                \/>\n            <\/a>\n        <\/div>\n\t\t\t\t\t\t\t<\/div> \n\t\t\t\n        \n\t\t\t\t<div id=\"ngg-image-6\" class=\"ngg-gallery-thumbnail-box\" >\n\t\t\t\t        <div class=\"ngg-gallery-thumbnail\">\n            <a href=\"https:\/\/heikkihelin.fi\/WordPress3\/wp-content\/gallery\/white-wagtail-vastarakki\/D7I2090.jpg\"\n               title=\"\"\n               data-src=\"https:\/\/heikkihelin.fi\/WordPress3\/wp-content\/gallery\/white-wagtail-vastarakki\/D7I2090.jpg\"\n               data-thumbnail=\"https:\/\/heikkihelin.fi\/WordPress3\/wp-content\/gallery\/white-wagtail-vastarakki\/thumbs\/thumbs_D7I2090.jpg\"\n               data-image-id=\"5859\"\n               data-title=\"D7I2090\"\n               data-description=\"\"\n               data-image-slug=\"d7i2090\"\n               class='use_imagebrowser_effect' data-imagebrowser-url='https:\/\/heikkihelin.fi\/WordPress3\/index.php\/nggallery\/image\/%STUB%?page_id=22811'>\n                <img\n                    title=\"D7I2090\"\n                    alt=\"D7I2090\"\n                    src=\"https:\/\/heikkihelin.fi\/WordPress3\/wp-content\/gallery\/white-wagtail-vastarakki\/thumbs\/thumbs_D7I2090.jpg\"\n                    width=\"120\"\n                    height=\"91\"\n                    style=\"max-width:100%;\"\n                \/>\n            <\/a>\n        <\/div>\n\t\t\t\t\t\t\t<\/div> \n\t\t\t\n        \n\t\t\t\t<div id=\"ngg-image-7\" class=\"ngg-gallery-thumbnail-box\" >\n\t\t\t\t        <div class=\"ngg-gallery-thumbnail\">\n            <a href=\"https:\/\/heikkihelin.fi\/WordPress3\/wp-content\/gallery\/white-wagtail-vastarakki\/IMG_4097ed.jpg\"\n               title=\"\"\n               data-src=\"https:\/\/heikkihelin.fi\/WordPress3\/wp-content\/gallery\/white-wagtail-vastarakki\/IMG_4097ed.jpg\"\n               data-thumbnail=\"https:\/\/heikkihelin.fi\/WordPress3\/wp-content\/gallery\/white-wagtail-vastarakki\/thumbs\/thumbs_IMG_4097ed.jpg\"\n               data-image-id=\"5857\"\n               data-title=\"IMG_4097ed\"\n               data-description=\"\"\n               data-image-slug=\"img_4097ed\"\n               class='use_imagebrowser_effect' data-imagebrowser-url='https:\/\/heikkihelin.fi\/WordPress3\/index.php\/nggallery\/image\/%STUB%?page_id=22811'>\n                <img\n                    title=\"IMG_4097ed\"\n                    alt=\"IMG_4097ed\"\n                    src=\"https:\/\/heikkihelin.fi\/WordPress3\/wp-content\/gallery\/white-wagtail-vastarakki\/thumbs\/thumbs_IMG_4097ed.jpg\"\n                    width=\"120\"\n                    height=\"91\"\n                    style=\"max-width:100%;\"\n                \/>\n            <\/a>\n        <\/div>\n\t\t\t\t\t\t\t<\/div> \n\t\t\t\n        \n\t\t\t\t<div id=\"ngg-image-8\" class=\"ngg-gallery-thumbnail-box\" >\n\t\t\t\t        <div class=\"ngg-gallery-thumbnail\">\n            <a href=\"https:\/\/heikkihelin.fi\/WordPress3\/wp-content\/gallery\/white-wagtail-vastarakki\/45-A95Z1459.jpg\"\n               title=\"\"\n               data-src=\"https:\/\/heikkihelin.fi\/WordPress3\/wp-content\/gallery\/white-wagtail-vastarakki\/45-A95Z1459.jpg\"\n               data-thumbnail=\"https:\/\/heikkihelin.fi\/WordPress3\/wp-content\/gallery\/white-wagtail-vastarakki\/thumbs\/thumbs_45-A95Z1459.jpg\"\n               data-image-id=\"5855\"\n               data-title=\"45-A95Z1459\"\n               data-description=\"\"\n               data-image-slug=\"45-a95z1459\"\n               class='use_imagebrowser_effect' data-imagebrowser-url='https:\/\/heikkihelin.fi\/WordPress3\/index.php\/nggallery\/image\/%STUB%?page_id=22811'>\n                <img\n                    title=\"45-A95Z1459\"\n                    alt=\"45-A95Z1459\"\n                    src=\"https:\/\/heikkihelin.fi\/WordPress3\/wp-content\/gallery\/white-wagtail-vastarakki\/thumbs\/thumbs_45-A95Z1459.jpg\"\n                    width=\"120\"\n                    height=\"91\"\n                    style=\"max-width:100%;\"\n                \/>\n            <\/a>\n        <\/div>\n\t\t\t\t\t\t\t<\/div> \n\t\t\t\n        \n\t\t\n\t\t<div class=\"ngg-clear\"><\/div>\n\t<\/div>\n\n","protected":false},"excerpt":{"rendered":"","protected":false},"author":1,"featured_media":0,"parent":22740,"menu_order":0,"comment_status":"closed","ping_status":"closed","template":"","meta":{"ngg_post_thumbnail":0,"footnotes":"","_links_to":"","_links_to_target":""},"_links":{"self":[{"href":"https:\/\/heikkihelin.fi\/WordPress3\/index.php?rest_route=\/wp\/v2\/pages\/22811"}],"collection":[{"href":"https:\/\/heikkihelin.fi\/WordPress3\/index.php?rest_route=\/wp\/v2\/pages"}],"about":[{"href":"https:\/\/heikkihelin.fi\/WordPress3\/index.php?rest_route=\/wp\/v2\/types\/page"}],"author":[{"embeddable":true,"href":"https:\/\/heikkihelin.fi\/WordPress3\/index.php?rest_route=\/wp\/v2\/users\/1"}],"replies":[{"embeddable":true,"href":"https:\/\/heikkihelin.fi\/WordPress3\/index.php?rest_route=%2Fwp%2Fv2%2Fcomments&post=22811"}],"version-history":[{"count":0,"href":"https:\/\/heikkihelin.fi\/WordPress3\/index.php?rest_route=\/wp\/v2\/pages\/22811\/revisions"}],"up":[{"embeddable":true,"href":"https:\/\/heikkihelin.fi\/WordPress3\/index.php?rest_route=\/wp\/v2\/pages\/22740"}],"wp:attachment":[{"href":"https:\/\/heikkihelin.fi\/WordPress3\/index.php?rest_route=%2Fwp%2Fv2%2Fmedia&parent=22811"}],"curies":[{"name":"wp","href":"https:\/\/api.w.org\/{rel}","templated":true}]}}