{"id":23678,"date":"2019-09-21T18:35:22","date_gmt":"2019-09-21T15:35:22","guid":{"rendered":"https:\/\/heikkihelin.fi\/WordPress3\/?page_id=23678"},"modified":"2019-09-21T18:48:11","modified_gmt":"2019-09-21T15:48:11","slug":"crests","status":"publish","type":"page","link":"https:\/\/heikkihelin.fi\/WordPress3\/?page_id=23678","title":{"rendered":"Crests"},"content":{"rendered":"<div class=\"ngg-albumoverview\">\n            <div class=\"ngg-album-compact\">\n            <div class=\"ngg-album-compactbox\">\n                <div class=\"ngg-album-link\">\n                                        <a title='Goldcrest - hippi\u00e4inen'\n                       href='https:\/\/heikkihelin.fi\/WordPress3\/?page_id=24817'>\n                        <img class=\"Thumb\"\n                             alt=\"Goldcrest - hippi\u00e4inen\"\n                             src=\"https:\/\/heikkihelin.fi\/WordPress3\/wp-content\/gallery\/goldcrest-hippiainen\/cache\/D7I5748Ed1.jpg-nggid046370-ngg0dyn-120x91x100-00f0w010c010r110f110r010t010.jpg\"\/>\n                    <\/a>\n                                    <\/div>\n            <\/div>\n                        <h4>\n                <a class='ngg-album-desc' title='Goldcrest - hippi\u00e4inen'\n                       href='https:\/\/heikkihelin.fi\/WordPress3\/?page_id=24817'style=\"max-width: 140px\">Goldcrest - hippi\u00e4inen<\/a>\n            <\/h4>\n            <p class=\"ngg-album-gallery-image-counter\">\n                                    <strong>8<\/strong>&nbsp;Photos                            <\/p>\n        <\/div>\n            <div class=\"ngg-album-compact\">\n            <div class=\"ngg-album-compactbox\">\n                <div class=\"ngg-album-link\">\n                                        <a title='Firecrest - tulip\u00e4\u00e4hippi\u00e4inen'\n                       href='https:\/\/heikkihelin.fi\/WordPress3\/?page_id=23685'>\n                        <img class=\"Thumb\"\n                             alt=\"Firecrest - tulip\u00e4\u00e4hippi\u00e4inen\"\n                             src=\"https:\/\/heikkihelin.fi\/WordPress3\/wp-content\/gallery\/firecrest-tulipaahippiainen\/cache\/A95Z4305.jpg-nggid046361-ngg0dyn-120x91x100-00f0w010c010r110f110r010t010.jpg\"\/>\n                    <\/a>\n                                    <\/div>\n            <\/div>\n                        <h4>\n                <a class='ngg-album-desc' title='Firecrest - tulip\u00e4\u00e4hippi\u00e4inen'\n                       href='https:\/\/heikkihelin.fi\/WordPress3\/?page_id=23685'style=\"max-width: 140px\">Firecrest - tulip\u00e4\u00e4hippi\u00e4inen<\/a>\n            <\/h4>\n            <p class=\"ngg-album-gallery-image-counter\">\n                                    <strong>6<\/strong>&nbsp;Photos                            <\/p>\n        <\/div>\n            <div class=\"ngg-album-compact\">\n            <div class=\"ngg-album-compactbox\">\n                <div class=\"ngg-album-link\">\n                                        <a title='Ruby-crowned kinglet - rubiinihippi\u00e4inen '\n                       href='https:\/\/heikkihelin.fi\/WordPress3\/?page_id=24861'>\n                        <img class=\"Thumb\"\n                             alt=\"Ruby-crowned kinglet - rubiinihippi\u00e4inen \"\n                             src=\"https:\/\/heikkihelin.fi\/WordPress3\/wp-content\/gallery\/ruby-crowned-kinglet-rubiinihippiainen\/cache\/ruby-crowned-kinglet0908a.jpg-nggid046371-ngg0dyn-120x91x100-00f0w010c010r110f110r010t010.jpg\"\/>\n                    <\/a>\n                                    <\/div>\n            <\/div>\n                        <h4>\n                <a class='ngg-album-desc' title='Ruby-crowned kinglet - rubiinihippi\u00e4inen '\n                       href='https:\/\/heikkihelin.fi\/WordPress3\/?page_id=24861'style=\"max-width: 140px\">Ruby-crowned kinglet - rubiinihippi\u00e4inen <\/a>\n            <\/h4>\n            <p class=\"ngg-album-gallery-image-counter\">\n                                    <strong>1<\/strong>&nbsp;Photos                            <\/p>\n        <\/div>\n        <br class=\"ngg-clear\"\/>\n    <div class='ngg-clear'><\/div><\/div>\n\n","protected":false},"excerpt":{"rendered":"","protected":false},"author":1,"featured_media":0,"parent":156,"menu_order":0,"comment_status":"closed","ping_status":"closed","template":"","meta":{"ngg_post_thumbnail":0,"footnotes":"","_links_to":"","_links_to_target":""},"_links":{"self":[{"href":"https:\/\/heikkihelin.fi\/WordPress3\/index.php?rest_route=\/wp\/v2\/pages\/23678"}],"collection":[{"href":"https:\/\/heikkihelin.fi\/WordPress3\/index.php?rest_route=\/wp\/v2\/pages"}],"about":[{"href":"https:\/\/heikkihelin.fi\/WordPress3\/index.php?rest_route=\/wp\/v2\/types\/page"}],"author":[{"embeddable":true,"href":"https:\/\/heikkihelin.fi\/WordPress3\/index.php?rest_route=\/wp\/v2\/users\/1"}],"replies":[{"embeddable":true,"href":"https:\/\/heikkihelin.fi\/WordPress3\/index.php?rest_route=%2Fwp%2Fv2%2Fcomments&post=23678"}],"version-history":[{"count":2,"href":"https:\/\/heikkihelin.fi\/WordPress3\/index.php?rest_route=\/wp\/v2\/pages\/23678\/revisions"}],"predecessor-version":[{"id":23697,"href":"https:\/\/heikkihelin.fi\/WordPress3\/index.php?rest_route=\/wp\/v2\/pages\/23678\/revisions\/23697"}],"up":[{"embeddable":true,"href":"https:\/\/heikkihelin.fi\/WordPress3\/index.php?rest_route=\/wp\/v2\/pages\/156"}],"wp:attachment":[{"href":"https:\/\/heikkihelin.fi\/WordPress3\/index.php?rest_route=%2Fwp%2Fv2%2Fmedia&parent=23678"}],"curies":[{"name":"wp","href":"https:\/\/api.w.org\/{rel}","templated":true}]}}