{"id":23685,"date":"2019-09-21T18:40:58","date_gmt":"2019-09-21T15:40:58","guid":{"rendered":"https:\/\/heikkihelin.fi\/WordPress3\/?page_id=23685"},"modified":"2019-09-21T18:40:58","modified_gmt":"2019-09-21T15:40:58","slug":"firecrest-tulipaahippiainen","status":"publish","type":"page","link":"https:\/\/heikkihelin.fi\/WordPress3\/?page_id=23685","title":{"rendered":"Firecrest &#8211; tulip\u00e4\u00e4hippi\u00e4inen"},"content":{"rendered":"<!-- index.php -->\n<div\n\tclass=\"ngg-galleryoverview ngg-ajax-pagination-none\"\n\tid=\"ngg-gallery-e6ac2613c264a211a561a3123d5a31e4-1\">\n\n    \t\t<!-- Thumbnails -->\n\t\t\t\t<div id=\"ngg-image-0\" class=\"ngg-gallery-thumbnail-box\" >\n\t\t\t\t        <div class=\"ngg-gallery-thumbnail\">\n            <a href=\"https:\/\/heikkihelin.fi\/WordPress3\/wp-content\/gallery\/firecrest-tulipaahippiainen\/M8A1718y-2.jpg\"\n               title=\"Firecrest - tulip\u00e4\u00e4hippi\u00e4inen - Regulus ignicapilla\"\n               data-src=\"https:\/\/heikkihelin.fi\/WordPress3\/wp-content\/gallery\/firecrest-tulipaahippiainen\/M8A1718y-2.jpg\"\n               data-thumbnail=\"https:\/\/heikkihelin.fi\/WordPress3\/wp-content\/gallery\/firecrest-tulipaahippiainen\/thumbs\/thumbs_M8A1718y-2.jpg\"\n               data-image-id=\"7627\"\n               data-title=\"M8A1718y-2\"\n               data-description=\"Firecrest - tulip\u00e4\u00e4hippi\u00e4inen - Regulus ignicapilla\"\n               data-image-slug=\"m8a1718y-2\"\n               class='use_imagebrowser_effect' data-imagebrowser-url='https:\/\/heikkihelin.fi\/WordPress3\/index.php\/nggallery\/image\/%STUB%?page_id=23685'>\n                <img\n                    title=\"M8A1718y-2\"\n                    alt=\"M8A1718y-2\"\n                    src=\"https:\/\/heikkihelin.fi\/WordPress3\/wp-content\/gallery\/firecrest-tulipaahippiainen\/thumbs\/thumbs_M8A1718y-2.jpg\"\n                    width=\"91\"\n                    height=\"68\"\n                    style=\"max-width:100%;\"\n                \/>\n            <\/a>\n        <\/div>\n\t\t\t\t\t\t\t<\/div> \n\t\t\t\n        \n\t\t\t\t<div id=\"ngg-image-1\" class=\"ngg-gallery-thumbnail-box\" >\n\t\t\t\t        <div class=\"ngg-gallery-thumbnail\">\n            <a href=\"https:\/\/heikkihelin.fi\/WordPress3\/wp-content\/gallery\/firecrest-tulipaahippiainen\/M8A1700y.jpg\"\n               title=\"Firecrest - tulip\u00e4\u00e4hippi\u00e4inen - Regulus ignicapilla\"\n               data-src=\"https:\/\/heikkihelin.fi\/WordPress3\/wp-content\/gallery\/firecrest-tulipaahippiainen\/M8A1700y.jpg\"\n               data-thumbnail=\"https:\/\/heikkihelin.fi\/WordPress3\/wp-content\/gallery\/firecrest-tulipaahippiainen\/thumbs\/thumbs_M8A1700y.jpg\"\n               data-image-id=\"7629\"\n               data-title=\"M8A1700y\"\n               data-description=\"Firecrest - tulip\u00e4\u00e4hippi\u00e4inen - Regulus ignicapilla\"\n               data-image-slug=\"m8a1700y-1\"\n               class='use_imagebrowser_effect' data-imagebrowser-url='https:\/\/heikkihelin.fi\/WordPress3\/index.php\/nggallery\/image\/%STUB%?page_id=23685'>\n                <img\n                    title=\"M8A1700y\"\n                    alt=\"M8A1700y\"\n                    src=\"https:\/\/heikkihelin.fi\/WordPress3\/wp-content\/gallery\/firecrest-tulipaahippiainen\/thumbs\/thumbs_M8A1700y.jpg\"\n                    width=\"91\"\n                    height=\"68\"\n                    style=\"max-width:100%;\"\n                \/>\n            <\/a>\n        <\/div>\n\t\t\t\t\t\t\t<\/div> \n\t\t\t\n        \n\t\t\t\t<div id=\"ngg-image-2\" class=\"ngg-gallery-thumbnail-box\" >\n\t\t\t\t        <div class=\"ngg-gallery-thumbnail\">\n            <a href=\"https:\/\/heikkihelin.fi\/WordPress3\/wp-content\/gallery\/firecrest-tulipaahippiainen\/M8A1647x.jpg\"\n               title=\"Firecrest - tulip\u00e4\u00e4hippi\u00e4inen - Regulus ignicapilla\"\n               data-src=\"https:\/\/heikkihelin.fi\/WordPress3\/wp-content\/gallery\/firecrest-tulipaahippiainen\/M8A1647x.jpg\"\n               data-thumbnail=\"https:\/\/heikkihelin.fi\/WordPress3\/wp-content\/gallery\/firecrest-tulipaahippiainen\/thumbs\/thumbs_M8A1647x.jpg\"\n               data-image-id=\"7628\"\n               data-title=\"M8A1647x\"\n               data-description=\"Firecrest - tulip\u00e4\u00e4hippi\u00e4inen - Regulus ignicapilla\"\n               data-image-slug=\"m8a1647x-1\"\n               class='use_imagebrowser_effect' data-imagebrowser-url='https:\/\/heikkihelin.fi\/WordPress3\/index.php\/nggallery\/image\/%STUB%?page_id=23685'>\n                <img\n                    title=\"M8A1647x\"\n                    alt=\"M8A1647x\"\n                    src=\"https:\/\/heikkihelin.fi\/WordPress3\/wp-content\/gallery\/firecrest-tulipaahippiainen\/thumbs\/thumbs_M8A1647x.jpg\"\n                    width=\"91\"\n                    height=\"66\"\n                    style=\"max-width:100%;\"\n                \/>\n            <\/a>\n        <\/div>\n\t\t\t\t\t\t\t<\/div> \n\t\t\t\n        \n\t\t\t\t<div id=\"ngg-image-3\" class=\"ngg-gallery-thumbnail-box\" >\n\t\t\t\t        <div class=\"ngg-gallery-thumbnail\">\n            <a href=\"https:\/\/heikkihelin.fi\/WordPress3\/wp-content\/gallery\/firecrest-tulipaahippiainen\/A95Z4305.jpg\"\n               title=\"Firecrest - tulip\u00e4\u00e4hippi\u00e4inen - Regulus ignicapilla\"\n               data-src=\"https:\/\/heikkihelin.fi\/WordPress3\/wp-content\/gallery\/firecrest-tulipaahippiainen\/A95Z4305.jpg\"\n               data-thumbnail=\"https:\/\/heikkihelin.fi\/WordPress3\/wp-content\/gallery\/firecrest-tulipaahippiainen\/thumbs\/thumbs_A95Z4305.jpg\"\n               data-image-id=\"6361\"\n               data-title=\"A95Z4305\"\n               data-description=\"Firecrest - tulip\u00e4\u00e4hippi\u00e4inen - Regulus ignicapilla\"\n               data-image-slug=\"a95z4305\"\n               class='use_imagebrowser_effect' data-imagebrowser-url='https:\/\/heikkihelin.fi\/WordPress3\/index.php\/nggallery\/image\/%STUB%?page_id=23685'>\n                <img\n                    title=\"A95Z4305\"\n                    alt=\"A95Z4305\"\n                    src=\"https:\/\/heikkihelin.fi\/WordPress3\/wp-content\/gallery\/firecrest-tulipaahippiainen\/thumbs\/thumbs_A95Z4305.jpg\"\n                    width=\"120\"\n                    height=\"91\"\n                    style=\"max-width:100%;\"\n                \/>\n            <\/a>\n        <\/div>\n\t\t\t\t\t\t\t<\/div> \n\t\t\t\n        \n\t\t\t\t<div id=\"ngg-image-4\" class=\"ngg-gallery-thumbnail-box\" >\n\t\t\t\t        <div class=\"ngg-gallery-thumbnail\">\n            <a href=\"https:\/\/heikkihelin.fi\/WordPress3\/wp-content\/gallery\/firecrest-tulipaahippiainen\/A95Z4319.jpg\"\n               title=\"Firecrest - tulip\u00e4\u00e4hippi\u00e4inen - Regulus ignicapilla\"\n               data-src=\"https:\/\/heikkihelin.fi\/WordPress3\/wp-content\/gallery\/firecrest-tulipaahippiainen\/A95Z4319.jpg\"\n               data-thumbnail=\"https:\/\/heikkihelin.fi\/WordPress3\/wp-content\/gallery\/firecrest-tulipaahippiainen\/thumbs\/thumbs_A95Z4319.jpg\"\n               data-image-id=\"6360\"\n               data-title=\"A95Z4319\"\n               data-description=\"Firecrest - tulip\u00e4\u00e4hippi\u00e4inen - Regulus ignicapilla\"\n               data-image-slug=\"a95z4319\"\n               class='use_imagebrowser_effect' data-imagebrowser-url='https:\/\/heikkihelin.fi\/WordPress3\/index.php\/nggallery\/image\/%STUB%?page_id=23685'>\n                <img\n                    title=\"A95Z4319\"\n                    alt=\"A95Z4319\"\n                    src=\"https:\/\/heikkihelin.fi\/WordPress3\/wp-content\/gallery\/firecrest-tulipaahippiainen\/thumbs\/thumbs_A95Z4319.jpg\"\n                    width=\"68\"\n                    height=\"91\"\n                    style=\"max-width:100%;\"\n                \/>\n            <\/a>\n        <\/div>\n\t\t\t\t\t\t\t<\/div> \n\t\t\t\n        \n\t\t\t\t<div id=\"ngg-image-5\" class=\"ngg-gallery-thumbnail-box\" >\n\t\t\t\t        <div class=\"ngg-gallery-thumbnail\">\n            <a href=\"https:\/\/heikkihelin.fi\/WordPress3\/wp-content\/gallery\/firecrest-tulipaahippiainen\/A95Z4309.jpg\"\n               title=\"Firecrest - tulip\u00e4\u00e4hippi\u00e4inen - Regulus ignicapilla\"\n               data-src=\"https:\/\/heikkihelin.fi\/WordPress3\/wp-content\/gallery\/firecrest-tulipaahippiainen\/A95Z4309.jpg\"\n               data-thumbnail=\"https:\/\/heikkihelin.fi\/WordPress3\/wp-content\/gallery\/firecrest-tulipaahippiainen\/thumbs\/thumbs_A95Z4309.jpg\"\n               data-image-id=\"6362\"\n               data-title=\"A95Z4309\"\n               data-description=\"Firecrest - tulip\u00e4\u00e4hippi\u00e4inen - Regulus ignicapilla\"\n               data-image-slug=\"a95z4309\"\n               class='use_imagebrowser_effect' data-imagebrowser-url='https:\/\/heikkihelin.fi\/WordPress3\/index.php\/nggallery\/image\/%STUB%?page_id=23685'>\n                <img\n                    title=\"A95Z4309\"\n                    alt=\"A95Z4309\"\n                    src=\"https:\/\/heikkihelin.fi\/WordPress3\/wp-content\/gallery\/firecrest-tulipaahippiainen\/thumbs\/thumbs_A95Z4309.jpg\"\n                    width=\"120\"\n                    height=\"91\"\n                    style=\"max-width:100%;\"\n                \/>\n            <\/a>\n        <\/div>\n\t\t\t\t\t\t\t<\/div> \n\t\t\t\n        \n\t\t\n\t\t<div class=\"ngg-clear\"><\/div>\n\t<\/div>\n\n","protected":false},"excerpt":{"rendered":"","protected":false},"author":1,"featured_media":0,"parent":23678,"menu_order":0,"comment_status":"closed","ping_status":"closed","template":"","meta":{"ngg_post_thumbnail":0,"footnotes":"","_links_to":"","_links_to_target":""},"_links":{"self":[{"href":"https:\/\/heikkihelin.fi\/WordPress3\/index.php?rest_route=\/wp\/v2\/pages\/23685"}],"collection":[{"href":"https:\/\/heikkihelin.fi\/WordPress3\/index.php?rest_route=\/wp\/v2\/pages"}],"about":[{"href":"https:\/\/heikkihelin.fi\/WordPress3\/index.php?rest_route=\/wp\/v2\/types\/page"}],"author":[{"embeddable":true,"href":"https:\/\/heikkihelin.fi\/WordPress3\/index.php?rest_route=\/wp\/v2\/users\/1"}],"replies":[{"embeddable":true,"href":"https:\/\/heikkihelin.fi\/WordPress3\/index.php?rest_route=%2Fwp%2Fv2%2Fcomments&post=23685"}],"version-history":[{"count":0,"href":"https:\/\/heikkihelin.fi\/WordPress3\/index.php?rest_route=\/wp\/v2\/pages\/23685\/revisions"}],"up":[{"embeddable":true,"href":"https:\/\/heikkihelin.fi\/WordPress3\/index.php?rest_route=\/wp\/v2\/pages\/23678"}],"wp:attachment":[{"href":"https:\/\/heikkihelin.fi\/WordPress3\/index.php?rest_route=%2Fwp%2Fv2%2Fmedia&parent=23685"}],"curies":[{"name":"wp","href":"https:\/\/api.w.org\/{rel}","templated":true}]}}