{"id":23726,"date":"2019-09-23T20:32:18","date_gmt":"2019-09-23T17:32:18","guid":{"rendered":"https:\/\/heikkihelin.fi\/WordPress3\/?page_id=23726"},"modified":"2019-09-23T20:32:18","modified_gmt":"2019-09-23T17:32:18","slug":"corncrake-ruisraakka-crex-crex","status":"publish","type":"page","link":"https:\/\/heikkihelin.fi\/WordPress3\/?page_id=23726","title":{"rendered":"Corncrake &#8211; ruisr\u00e4\u00e4kk\u00e4 &#8211; Crex crex"},"content":{"rendered":"<!-- index.php -->\n<div\n\tclass=\"ngg-galleryoverview ngg-ajax-pagination-none\"\n\tid=\"ngg-gallery-c9e0236bcdfb3c28d792509ad977d28f-1\">\n\n    \t\t<!-- Thumbnails -->\n\t\t\t\t<div id=\"ngg-image-0\" class=\"ngg-gallery-thumbnail-box\" >\n\t\t\t\t        <div class=\"ngg-gallery-thumbnail\">\n            <a href=\"https:\/\/heikkihelin.fi\/WordPress3\/wp-content\/gallery\/corncrake-ruisraakka-crex-crex\/A74X5844a.jpg\"\n               title=\"Corncrake - ruisr\u00e4\u00e4kk\u00e4 - Crex crex\"\n               data-src=\"https:\/\/heikkihelin.fi\/WordPress3\/wp-content\/gallery\/corncrake-ruisraakka-crex-crex\/A74X5844a.jpg\"\n               data-thumbnail=\"https:\/\/heikkihelin.fi\/WordPress3\/wp-content\/gallery\/corncrake-ruisraakka-crex-crex\/thumbs\/thumbs_A74X5844a.jpg\"\n               data-image-id=\"6382\"\n               data-title=\"A74X5844a\"\n               data-description=\"Corncrake - ruisr\u00e4\u00e4kk\u00e4 - Crex crex\"\n               data-image-slug=\"a74x5844a\"\n               class='use_imagebrowser_effect' data-imagebrowser-url='https:\/\/heikkihelin.fi\/WordPress3\/index.php\/nggallery\/image\/%STUB%?page_id=23726'>\n                <img\n                    title=\"A74X5844a\"\n                    alt=\"A74X5844a\"\n                    src=\"https:\/\/heikkihelin.fi\/WordPress3\/wp-content\/gallery\/corncrake-ruisraakka-crex-crex\/thumbs\/thumbs_A74X5844a.jpg\"\n                    width=\"68\"\n                    height=\"91\"\n                    style=\"max-width:100%;\"\n                \/>\n            <\/a>\n        <\/div>\n\t\t\t\t\t\t\t<\/div> \n\t\t\t\n        \n\t\t\n\t\t<div class=\"ngg-clear\"><\/div>\n\t<\/div>\n\n","protected":false},"excerpt":{"rendered":"","protected":false},"author":1,"featured_media":0,"parent":14232,"menu_order":0,"comment_status":"closed","ping_status":"closed","template":"","meta":{"ngg_post_thumbnail":0,"footnotes":"","_links_to":"","_links_to_target":""},"_links":{"self":[{"href":"https:\/\/heikkihelin.fi\/WordPress3\/index.php?rest_route=\/wp\/v2\/pages\/23726"}],"collection":[{"href":"https:\/\/heikkihelin.fi\/WordPress3\/index.php?rest_route=\/wp\/v2\/pages"}],"about":[{"href":"https:\/\/heikkihelin.fi\/WordPress3\/index.php?rest_route=\/wp\/v2\/types\/page"}],"author":[{"embeddable":true,"href":"https:\/\/heikkihelin.fi\/WordPress3\/index.php?rest_route=\/wp\/v2\/users\/1"}],"replies":[{"embeddable":true,"href":"https:\/\/heikkihelin.fi\/WordPress3\/index.php?rest_route=%2Fwp%2Fv2%2Fcomments&post=23726"}],"version-history":[{"count":0,"href":"https:\/\/heikkihelin.fi\/WordPress3\/index.php?rest_route=\/wp\/v2\/pages\/23726\/revisions"}],"up":[{"embeddable":true,"href":"https:\/\/heikkihelin.fi\/WordPress3\/index.php?rest_route=\/wp\/v2\/pages\/14232"}],"wp:attachment":[{"href":"https:\/\/heikkihelin.fi\/WordPress3\/index.php?rest_route=%2Fwp%2Fv2%2Fmedia&parent=23726"}],"curies":[{"name":"wp","href":"https:\/\/api.w.org\/{rel}","templated":true}]}}