{"id":23988,"date":"2019-09-29T14:33:48","date_gmt":"2019-09-29T11:33:48","guid":{"rendered":"https:\/\/heikkihelin.fi\/WordPress3\/?page_id=23988"},"modified":"2019-09-29T14:40:29","modified_gmt":"2019-09-29T11:40:29","slug":"nightjars","status":"publish","type":"page","link":"https:\/\/heikkihelin.fi\/WordPress3\/?page_id=23988","title":{"rendered":"Nightjars"},"content":{"rendered":"<div class=\"ngg-albumoverview\">\n            <div class=\"ngg-album-compact\">\n            <div class=\"ngg-album-compactbox\">\n                <div class=\"ngg-album-link\">\n                                        <a title='European nightjar - kehr\u00e4\u00e4j\u00e4'\n                       href='https:\/\/heikkihelin.fi\/WordPress3\/?page_id=23994'>\n                        <img class=\"Thumb\"\n                             alt=\"European nightjar - kehr\u00e4\u00e4j\u00e4\"\n                             src=\"https:\/\/heikkihelin.fi\/WordPress3\/wp-content\/gallery\/european-nightjar-kehraaja\/cache\/E1U4774.jpg-nggid046569-ngg0dyn-120x91x100-00f0w010c010r110f110r010t010.jpg\"\/>\n                    <\/a>\n                                    <\/div>\n            <\/div>\n                        <h4>\n                <a class='ngg-album-desc' title='European nightjar - kehr\u00e4\u00e4j\u00e4'\n                       href='https:\/\/heikkihelin.fi\/WordPress3\/?page_id=23994'style=\"max-width: 140px\">European nightjar - kehr\u00e4\u00e4j\u00e4<\/a>\n            <\/h4>\n            <p class=\"ngg-album-gallery-image-counter\">\n                                    <strong>3<\/strong>&nbsp;Photos                            <\/p>\n        <\/div>\n        <br class=\"ngg-clear\"\/>\n    <div class='ngg-clear'><\/div><\/div>\n\n","protected":false},"excerpt":{"rendered":"","protected":false},"author":1,"featured_media":0,"parent":156,"menu_order":0,"comment_status":"closed","ping_status":"closed","template":"","meta":{"ngg_post_thumbnail":0,"footnotes":"","_links_to":"","_links_to_target":""},"_links":{"self":[{"href":"https:\/\/heikkihelin.fi\/WordPress3\/index.php?rest_route=\/wp\/v2\/pages\/23988"}],"collection":[{"href":"https:\/\/heikkihelin.fi\/WordPress3\/index.php?rest_route=\/wp\/v2\/pages"}],"about":[{"href":"https:\/\/heikkihelin.fi\/WordPress3\/index.php?rest_route=\/wp\/v2\/types\/page"}],"author":[{"embeddable":true,"href":"https:\/\/heikkihelin.fi\/WordPress3\/index.php?rest_route=\/wp\/v2\/users\/1"}],"replies":[{"embeddable":true,"href":"https:\/\/heikkihelin.fi\/WordPress3\/index.php?rest_route=%2Fwp%2Fv2%2Fcomments&post=23988"}],"version-history":[{"count":2,"href":"https:\/\/heikkihelin.fi\/WordPress3\/index.php?rest_route=\/wp\/v2\/pages\/23988\/revisions"}],"predecessor-version":[{"id":23995,"href":"https:\/\/heikkihelin.fi\/WordPress3\/index.php?rest_route=\/wp\/v2\/pages\/23988\/revisions\/23995"}],"up":[{"embeddable":true,"href":"https:\/\/heikkihelin.fi\/WordPress3\/index.php?rest_route=\/wp\/v2\/pages\/156"}],"wp:attachment":[{"href":"https:\/\/heikkihelin.fi\/WordPress3\/index.php?rest_route=%2Fwp%2Fv2%2Fmedia&parent=23988"}],"curies":[{"name":"wp","href":"https:\/\/api.w.org\/{rel}","templated":true}]}}