{"id":25877,"date":"2023-11-12T10:32:54","date_gmt":"2023-11-12T08:32:54","guid":{"rendered":"https:\/\/heikkihelin.fi\/WordPress3\/?page_id=25877"},"modified":"2023-11-12T11:34:42","modified_gmt":"2023-11-12T09:34:42","slug":"asian-desert-warbler","status":"publish","type":"page","link":"https:\/\/heikkihelin.fi\/WordPress3\/?page_id=25877","title":{"rendered":"Asian desert warbler"},"content":{"rendered":"<!-- index.php -->\n<div\n\tclass=\"ngg-galleryoverview ngg-ajax-pagination-none\"\n\tid=\"ngg-gallery-ecffcda60a9e6c97400dfc9d94e9d627-1\">\n\n    \t\t<!-- Thumbnails -->\n\t\t\t\t<div id=\"ngg-image-0\" class=\"ngg-gallery-thumbnail-box\" >\n\t\t\t\t        <div class=\"ngg-gallery-thumbnail\">\n            <a href=\"https:\/\/heikkihelin.fi\/WordPress3\/wp-content\/gallery\/asian-desert-warbler\/A95Z5719-copy-2.jpg\"\n               title=\"Asian desert warbler - k\u00e4\u00e4pi\u00f6kerttu - Sylvia nana\"\n               data-src=\"https:\/\/heikkihelin.fi\/WordPress3\/wp-content\/gallery\/asian-desert-warbler\/A95Z5719-copy-2.jpg\"\n               data-thumbnail=\"https:\/\/heikkihelin.fi\/WordPress3\/wp-content\/gallery\/asian-desert-warbler\/thumbs\/thumbs_A95Z5719-copy-2.jpg\"\n               data-image-id=\"7952\"\n               data-title=\"A95Z5719-copy-2\"\n               data-description=\"Asian desert warbler - k\u00e4\u00e4pi\u00f6kerttu - Sylvia nana\"\n               data-image-slug=\"a95z5719-copy-2\"\n               class='use_imagebrowser_effect' data-imagebrowser-url='https:\/\/heikkihelin.fi\/WordPress3\/index.php\/nggallery\/image\/%STUB%?page_id=25877'>\n                <img\n                    title=\"A95Z5719-copy-2\"\n                    alt=\"A95Z5719-copy-2\"\n                    src=\"https:\/\/heikkihelin.fi\/WordPress3\/wp-content\/gallery\/asian-desert-warbler\/thumbs\/thumbs_A95Z5719-copy-2.jpg\"\n                    width=\"91\"\n                    height=\"68\"\n                    style=\"max-width:100%;\"\n                \/>\n            <\/a>\n        <\/div>\n\t\t\t\t\t\t\t<\/div> \n\t\t\t\n        \n\t\t\t\t<div id=\"ngg-image-1\" class=\"ngg-gallery-thumbnail-box\" >\n\t\t\t\t        <div class=\"ngg-gallery-thumbnail\">\n            <a href=\"https:\/\/heikkihelin.fi\/WordPress3\/wp-content\/gallery\/asian-desert-warbler\/A95Z5728-copy-2.jpg\"\n               title=\"Asian desert warbler - k\u00e4\u00e4pi\u00f6kerttu - Sylvia nana\"\n               data-src=\"https:\/\/heikkihelin.fi\/WordPress3\/wp-content\/gallery\/asian-desert-warbler\/A95Z5728-copy-2.jpg\"\n               data-thumbnail=\"https:\/\/heikkihelin.fi\/WordPress3\/wp-content\/gallery\/asian-desert-warbler\/thumbs\/thumbs_A95Z5728-copy-2.jpg\"\n               data-image-id=\"7953\"\n               data-title=\"A95Z5728-copy-2\"\n               data-description=\"Asian desert warbler - k\u00e4\u00e4pi\u00f6kerttu - Sylvia nana\"\n               data-image-slug=\"a95z5728-copy-2\"\n               class='use_imagebrowser_effect' data-imagebrowser-url='https:\/\/heikkihelin.fi\/WordPress3\/index.php\/nggallery\/image\/%STUB%?page_id=25877'>\n                <img\n                    title=\"A95Z5728-copy-2\"\n                    alt=\"A95Z5728-copy-2\"\n                    src=\"https:\/\/heikkihelin.fi\/WordPress3\/wp-content\/gallery\/asian-desert-warbler\/thumbs\/thumbs_A95Z5728-copy-2.jpg\"\n                    width=\"91\"\n                    height=\"73\"\n                    style=\"max-width:100%;\"\n                \/>\n            <\/a>\n        <\/div>\n\t\t\t\t\t\t\t<\/div> \n\t\t\t\n        \n\t\t\n\t\t<div class=\"ngg-clear\"><\/div>\n\t<\/div>\n\n","protected":false},"excerpt":{"rendered":"","protected":false},"author":1,"featured_media":0,"parent":23467,"menu_order":0,"comment_status":"closed","ping_status":"closed","template":"","meta":{"ngg_post_thumbnail":0,"footnotes":"","_links_to":"","_links_to_target":""},"_links":{"self":[{"href":"https:\/\/heikkihelin.fi\/WordPress3\/index.php?rest_route=\/wp\/v2\/pages\/25877"}],"collection":[{"href":"https:\/\/heikkihelin.fi\/WordPress3\/index.php?rest_route=\/wp\/v2\/pages"}],"about":[{"href":"https:\/\/heikkihelin.fi\/WordPress3\/index.php?rest_route=\/wp\/v2\/types\/page"}],"author":[{"embeddable":true,"href":"https:\/\/heikkihelin.fi\/WordPress3\/index.php?rest_route=\/wp\/v2\/users\/1"}],"replies":[{"embeddable":true,"href":"https:\/\/heikkihelin.fi\/WordPress3\/index.php?rest_route=%2Fwp%2Fv2%2Fcomments&post=25877"}],"version-history":[{"count":1,"href":"https:\/\/heikkihelin.fi\/WordPress3\/index.php?rest_route=\/wp\/v2\/pages\/25877\/revisions"}],"predecessor-version":[{"id":25878,"href":"https:\/\/heikkihelin.fi\/WordPress3\/index.php?rest_route=\/wp\/v2\/pages\/25877\/revisions\/25878"}],"up":[{"embeddable":true,"href":"https:\/\/heikkihelin.fi\/WordPress3\/index.php?rest_route=\/wp\/v2\/pages\/23467"}],"wp:attachment":[{"href":"https:\/\/heikkihelin.fi\/WordPress3\/index.php?rest_route=%2Fwp%2Fv2%2Fmedia&parent=25877"}],"curies":[{"name":"wp","href":"https:\/\/api.w.org\/{rel}","templated":true}]}}