{"id":7614,"date":"2016-09-07T20:50:43","date_gmt":"2016-09-07T17:50:43","guid":{"rendered":"http:\/\/heikkihelin.fi\/WordPress3\/?page_id=7614"},"modified":"2016-09-07T20:50:43","modified_gmt":"2016-09-07T17:50:43","slug":"northern-lapwing-toyhtohyyppa","status":"publish","type":"page","link":"https:\/\/heikkihelin.fi\/WordPress3\/?page_id=7614","title":{"rendered":"Northern lapwing &#8211; t\u00f6yht\u00f6hyypp\u00e4"},"content":{"rendered":"<!-- index.php -->\n<div\n\tclass=\"ngg-galleryoverview ngg-ajax-pagination-none\"\n\tid=\"ngg-gallery-29c1c89fe5659d8bff8260aa13b4d62d-1\">\n\n    \t\t<!-- Thumbnails -->\n\t\t\t\t<div id=\"ngg-image-0\" class=\"ngg-gallery-thumbnail-box\" >\n\t\t\t\t        <div class=\"ngg-gallery-thumbnail\">\n            <a href=\"https:\/\/heikkihelin.fi\/WordPress3\/wp-content\/gallery\/northern-lapwing-toyhtohyyppa\/18-edA74X5680.jpg\"\n               title=\"Northern lapwing - t\u00f6yht\u00f6hyypp\u00e4 - Vanellus vanellus\"\n               data-src=\"https:\/\/heikkihelin.fi\/WordPress3\/wp-content\/gallery\/northern-lapwing-toyhtohyyppa\/18-edA74X5680.jpg\"\n               data-thumbnail=\"https:\/\/heikkihelin.fi\/WordPress3\/wp-content\/gallery\/northern-lapwing-toyhtohyyppa\/thumbs\/thumbs_18-edA74X5680.jpg\"\n               data-image-id=\"3159\"\n               data-title=\"Northern lapwing\"\n               data-description=\"Northern lapwing - t\u00f6yht\u00f6hyypp\u00e4 - Vanellus vanellus\"\n               data-image-slug=\"northern-lapwing-1\"\n               class='use_imagebrowser_effect' data-imagebrowser-url='https:\/\/heikkihelin.fi\/WordPress3\/index.php\/nggallery\/image\/%STUB%?page_id=7614'>\n                <img\n                    title=\"Northern lapwing\"\n                    alt=\"Northern lapwing\"\n                    src=\"https:\/\/heikkihelin.fi\/WordPress3\/wp-content\/gallery\/northern-lapwing-toyhtohyyppa\/thumbs\/thumbs_18-edA74X5680.jpg\"\n                    width=\"120\"\n                    height=\"68\"\n                    style=\"max-width:100%;\"\n                \/>\n            <\/a>\n        <\/div>\n\t\t\t\t\t\t\t<\/div> \n\t\t\t\n        \n\t\t\t\t<div id=\"ngg-image-1\" class=\"ngg-gallery-thumbnail-box\" >\n\t\t\t\t        <div class=\"ngg-gallery-thumbnail\">\n            <a href=\"https:\/\/heikkihelin.fi\/WordPress3\/wp-content\/gallery\/northern-lapwing-toyhtohyyppa\/26-toyhtohyyppa0704a.jpg\"\n               title=\"Northern lapwing - t\u00f6yht\u00f6hyypp\u00e4 - Vanellus vanellus\"\n               data-src=\"https:\/\/heikkihelin.fi\/WordPress3\/wp-content\/gallery\/northern-lapwing-toyhtohyyppa\/26-toyhtohyyppa0704a.jpg\"\n               data-thumbnail=\"https:\/\/heikkihelin.fi\/WordPress3\/wp-content\/gallery\/northern-lapwing-toyhtohyyppa\/thumbs\/thumbs_26-toyhtohyyppa0704a.jpg\"\n               data-image-id=\"3154\"\n               data-title=\"26-toyhtohyyppa0704a\"\n               data-description=\"Northern lapwing - t\u00f6yht\u00f6hyypp\u00e4 - Vanellus vanellus\"\n               data-image-slug=\"26-toyhtohyyppa0704a\"\n               class='use_imagebrowser_effect' data-imagebrowser-url='https:\/\/heikkihelin.fi\/WordPress3\/index.php\/nggallery\/image\/%STUB%?page_id=7614'>\n                <img\n                    title=\"26-toyhtohyyppa0704a\"\n                    alt=\"26-toyhtohyyppa0704a\"\n                    src=\"https:\/\/heikkihelin.fi\/WordPress3\/wp-content\/gallery\/northern-lapwing-toyhtohyyppa\/thumbs\/thumbs_26-toyhtohyyppa0704a.jpg\"\n                    width=\"120\"\n                    height=\"91\"\n                    style=\"max-width:100%;\"\n                \/>\n            <\/a>\n        <\/div>\n\t\t\t\t\t\t\t<\/div> \n\t\t\t\n        \n\t\t\t\t<div id=\"ngg-image-2\" class=\"ngg-gallery-thumbnail-box\" >\n\t\t\t\t        <div class=\"ngg-gallery-thumbnail\">\n            <a href=\"https:\/\/heikkihelin.fi\/WordPress3\/wp-content\/gallery\/northern-lapwing-toyhtohyyppa\/27-toyhtohyyppa_mg_3781ed.jpg\"\n               title=\"Northern lapwing - t\u00f6yht\u00f6hyypp\u00e4 - Vanellus vanellus\"\n               data-src=\"https:\/\/heikkihelin.fi\/WordPress3\/wp-content\/gallery\/northern-lapwing-toyhtohyyppa\/27-toyhtohyyppa_mg_3781ed.jpg\"\n               data-thumbnail=\"https:\/\/heikkihelin.fi\/WordPress3\/wp-content\/gallery\/northern-lapwing-toyhtohyyppa\/thumbs\/thumbs_27-toyhtohyyppa_mg_3781ed.jpg\"\n               data-image-id=\"3155\"\n               data-title=\"27-toyhtohyyppa_mg_3781ed\"\n               data-description=\"Northern lapwing - t\u00f6yht\u00f6hyypp\u00e4 - Vanellus vanellus\"\n               data-image-slug=\"27-toyhtohyyppa_mg_3781ed\"\n               class='use_imagebrowser_effect' data-imagebrowser-url='https:\/\/heikkihelin.fi\/WordPress3\/index.php\/nggallery\/image\/%STUB%?page_id=7614'>\n                <img\n                    title=\"27-toyhtohyyppa_mg_3781ed\"\n                    alt=\"27-toyhtohyyppa_mg_3781ed\"\n                    src=\"https:\/\/heikkihelin.fi\/WordPress3\/wp-content\/gallery\/northern-lapwing-toyhtohyyppa\/thumbs\/thumbs_27-toyhtohyyppa_mg_3781ed.jpg\"\n                    width=\"120\"\n                    height=\"91\"\n                    style=\"max-width:100%;\"\n                \/>\n            <\/a>\n        <\/div>\n\t\t\t\t\t\t\t<\/div> \n\t\t\t\n        \n\t\t\t\t<div id=\"ngg-image-3\" class=\"ngg-gallery-thumbnail-box\" >\n\t\t\t\t        <div class=\"ngg-gallery-thumbnail\">\n            <a href=\"https:\/\/heikkihelin.fi\/WordPress3\/wp-content\/gallery\/northern-lapwing-toyhtohyyppa\/29-toyhtohyyppa_e1u1317ed.jpg\"\n               title=\"Northern lapwing - t\u00f6yht\u00f6hyypp\u00e4 - Vanellus vanellus\"\n               data-src=\"https:\/\/heikkihelin.fi\/WordPress3\/wp-content\/gallery\/northern-lapwing-toyhtohyyppa\/29-toyhtohyyppa_e1u1317ed.jpg\"\n               data-thumbnail=\"https:\/\/heikkihelin.fi\/WordPress3\/wp-content\/gallery\/northern-lapwing-toyhtohyyppa\/thumbs\/thumbs_29-toyhtohyyppa_e1u1317ed.jpg\"\n               data-image-id=\"3157\"\n               data-title=\"29-toyhtohyyppa_e1u1317ed\"\n               data-description=\"Northern lapwing - t\u00f6yht\u00f6hyypp\u00e4 - Vanellus vanellus\"\n               data-image-slug=\"29-toyhtohyyppa_e1u1317ed\"\n               class='use_imagebrowser_effect' data-imagebrowser-url='https:\/\/heikkihelin.fi\/WordPress3\/index.php\/nggallery\/image\/%STUB%?page_id=7614'>\n                <img\n                    title=\"29-toyhtohyyppa_e1u1317ed\"\n                    alt=\"29-toyhtohyyppa_e1u1317ed\"\n                    src=\"https:\/\/heikkihelin.fi\/WordPress3\/wp-content\/gallery\/northern-lapwing-toyhtohyyppa\/thumbs\/thumbs_29-toyhtohyyppa_e1u1317ed.jpg\"\n                    width=\"120\"\n                    height=\"91\"\n                    style=\"max-width:100%;\"\n                \/>\n            <\/a>\n        <\/div>\n\t\t\t\t\t\t\t<\/div> \n\t\t\t\n        \n\t\t\t\t<div id=\"ngg-image-4\" class=\"ngg-gallery-thumbnail-box\" >\n\t\t\t\t        <div class=\"ngg-gallery-thumbnail\">\n            <a href=\"https:\/\/heikkihelin.fi\/WordPress3\/wp-content\/gallery\/northern-lapwing-toyhtohyyppa\/28-toyhtohyyppa_e1u1367ed.jpg\"\n               title=\"Northern lapwing - t\u00f6yht\u00f6hyypp\u00e4 - Vanellus vanellus\"\n               data-src=\"https:\/\/heikkihelin.fi\/WordPress3\/wp-content\/gallery\/northern-lapwing-toyhtohyyppa\/28-toyhtohyyppa_e1u1367ed.jpg\"\n               data-thumbnail=\"https:\/\/heikkihelin.fi\/WordPress3\/wp-content\/gallery\/northern-lapwing-toyhtohyyppa\/thumbs\/thumbs_28-toyhtohyyppa_e1u1367ed.jpg\"\n               data-image-id=\"3156\"\n               data-title=\"28-toyhtohyyppa_e1u1367ed\"\n               data-description=\"Northern lapwing - t\u00f6yht\u00f6hyypp\u00e4 - Vanellus vanellus\"\n               data-image-slug=\"28-toyhtohyyppa_e1u1367ed\"\n               class='use_imagebrowser_effect' data-imagebrowser-url='https:\/\/heikkihelin.fi\/WordPress3\/index.php\/nggallery\/image\/%STUB%?page_id=7614'>\n                <img\n                    title=\"28-toyhtohyyppa_e1u1367ed\"\n                    alt=\"28-toyhtohyyppa_e1u1367ed\"\n                    src=\"https:\/\/heikkihelin.fi\/WordPress3\/wp-content\/gallery\/northern-lapwing-toyhtohyyppa\/thumbs\/thumbs_28-toyhtohyyppa_e1u1367ed.jpg\"\n                    width=\"120\"\n                    height=\"91\"\n                    style=\"max-width:100%;\"\n                \/>\n            <\/a>\n        <\/div>\n\t\t\t\t\t\t\t<\/div> \n\t\t\t\n        \n\t\t\n\t\t<div class=\"ngg-clear\"><\/div>\n\t<\/div>\n\n","protected":false},"excerpt":{"rendered":"","protected":false},"author":1,"featured_media":0,"parent":7301,"menu_order":0,"comment_status":"closed","ping_status":"open","template":"","meta":{"ngg_post_thumbnail":0,"footnotes":"","_links_to":"","_links_to_target":""},"_links":{"self":[{"href":"https:\/\/heikkihelin.fi\/WordPress3\/index.php?rest_route=\/wp\/v2\/pages\/7614"}],"collection":[{"href":"https:\/\/heikkihelin.fi\/WordPress3\/index.php?rest_route=\/wp\/v2\/pages"}],"about":[{"href":"https:\/\/heikkihelin.fi\/WordPress3\/index.php?rest_route=\/wp\/v2\/types\/page"}],"author":[{"embeddable":true,"href":"https:\/\/heikkihelin.fi\/WordPress3\/index.php?rest_route=\/wp\/v2\/users\/1"}],"replies":[{"embeddable":true,"href":"https:\/\/heikkihelin.fi\/WordPress3\/index.php?rest_route=%2Fwp%2Fv2%2Fcomments&post=7614"}],"version-history":[{"count":0,"href":"https:\/\/heikkihelin.fi\/WordPress3\/index.php?rest_route=\/wp\/v2\/pages\/7614\/revisions"}],"up":[{"embeddable":true,"href":"https:\/\/heikkihelin.fi\/WordPress3\/index.php?rest_route=\/wp\/v2\/pages\/7301"}],"wp:attachment":[{"href":"https:\/\/heikkihelin.fi\/WordPress3\/index.php?rest_route=%2Fwp%2Fv2%2Fmedia&parent=7614"}],"curies":[{"name":"wp","href":"https:\/\/api.w.org\/{rel}","templated":true}]}}