{"id":9331,"date":"2016-12-12T12:57:18","date_gmt":"2016-12-12T10:57:18","guid":{"rendered":"http:\/\/heikkihelin.fi\/WordPress3\/?page_id=9331"},"modified":"2016-12-12T12:57:18","modified_gmt":"2016-12-12T10:57:18","slug":"squacco-heron-raakkahaikara","status":"publish","type":"page","link":"https:\/\/heikkihelin.fi\/WordPress3\/?page_id=9331","title":{"rendered":"Squacco heron &#8211; r\u00e4\u00e4kk\u00e4haikara"},"content":{"rendered":"<!-- index.php -->\n<div\n\tclass=\"ngg-galleryoverview ngg-ajax-pagination-none\"\n\tid=\"ngg-gallery-aa96c451e6b8081318000a1a3cfe3731-1\">\n\n    \t\t<!-- Thumbnails -->\n\t\t\t\t<div id=\"ngg-image-0\" class=\"ngg-gallery-thumbnail-box\" >\n\t\t\t\t        <div class=\"ngg-gallery-thumbnail\">\n            <a href=\"https:\/\/heikkihelin.fi\/WordPress3\/wp-content\/gallery\/squacco-heron-raakkahaikara\/11_MG_9358.jpg\"\n               title=\"Squacco heron - r\u00e4\u00e4kk\u00e4haikara - Ardeola ralloides\"\n               data-src=\"https:\/\/heikkihelin.fi\/WordPress3\/wp-content\/gallery\/squacco-heron-raakkahaikara\/11_MG_9358.jpg\"\n               data-thumbnail=\"https:\/\/heikkihelin.fi\/WordPress3\/wp-content\/gallery\/squacco-heron-raakkahaikara\/thumbs\/thumbs_11_MG_9358.jpg\"\n               data-image-id=\"1212\"\n               data-title=\"Squacco heron\"\n               data-description=\"Squacco heron - r\u00e4\u00e4kk\u00e4haikara - Ardeola ralloides\"\n               data-image-slug=\"image-954\"\n               class='use_imagebrowser_effect' data-imagebrowser-url='https:\/\/heikkihelin.fi\/WordPress3\/index.php\/nggallery\/image\/%STUB%?page_id=9331'>\n                <img\n                    title=\"Squacco heron\"\n                    alt=\"Squacco heron\"\n                    src=\"https:\/\/heikkihelin.fi\/WordPress3\/wp-content\/gallery\/squacco-heron-raakkahaikara\/thumbs\/thumbs_11_MG_9358.jpg\"\n                    width=\"120\"\n                    height=\"91\"\n                    style=\"max-width:100%;\"\n                \/>\n            <\/a>\n        <\/div>\n\t\t\t\t\t\t\t<\/div> \n\t\t\t\n        \n\t\t\t\t<div id=\"ngg-image-1\" class=\"ngg-gallery-thumbnail-box\" >\n\t\t\t\t        <div class=\"ngg-gallery-thumbnail\">\n            <a href=\"https:\/\/heikkihelin.fi\/WordPress3\/wp-content\/gallery\/squacco-heron-raakkahaikara\/12_E1U9813.jpg\"\n               title=\"Squacco heron - r\u00e4\u00e4kk\u00e4haikara - Ardeola ralloides\"\n               data-src=\"https:\/\/heikkihelin.fi\/WordPress3\/wp-content\/gallery\/squacco-heron-raakkahaikara\/12_E1U9813.jpg\"\n               data-thumbnail=\"https:\/\/heikkihelin.fi\/WordPress3\/wp-content\/gallery\/squacco-heron-raakkahaikara\/thumbs\/thumbs_12_E1U9813.jpg\"\n               data-image-id=\"1213\"\n               data-title=\"Squacco heron\"\n               data-description=\"Squacco heron - r\u00e4\u00e4kk\u00e4haikara - Ardeola ralloides\"\n               data-image-slug=\"image-963\"\n               class='use_imagebrowser_effect' data-imagebrowser-url='https:\/\/heikkihelin.fi\/WordPress3\/index.php\/nggallery\/image\/%STUB%?page_id=9331'>\n                <img\n                    title=\"Squacco heron\"\n                    alt=\"Squacco heron\"\n                    src=\"https:\/\/heikkihelin.fi\/WordPress3\/wp-content\/gallery\/squacco-heron-raakkahaikara\/thumbs\/thumbs_12_E1U9813.jpg\"\n                    width=\"120\"\n                    height=\"80\"\n                    style=\"max-width:100%;\"\n                \/>\n            <\/a>\n        <\/div>\n\t\t\t\t\t\t\t<\/div> \n\t\t\t\n        \n\t\t\t\t<div id=\"ngg-image-2\" class=\"ngg-gallery-thumbnail-box\" >\n\t\t\t\t        <div class=\"ngg-gallery-thumbnail\">\n            <a href=\"https:\/\/heikkihelin.fi\/WordPress3\/wp-content\/gallery\/squacco-heron-raakkahaikara\/13_E1U9834R.jpg\"\n               title=\"Squacco heron - r\u00e4\u00e4kk\u00e4haikara - Ardeola ralloides\"\n               data-src=\"https:\/\/heikkihelin.fi\/WordPress3\/wp-content\/gallery\/squacco-heron-raakkahaikara\/13_E1U9834R.jpg\"\n               data-thumbnail=\"https:\/\/heikkihelin.fi\/WordPress3\/wp-content\/gallery\/squacco-heron-raakkahaikara\/thumbs\/thumbs_13_E1U9834R.jpg\"\n               data-image-id=\"1214\"\n               data-title=\"Squacco heron\"\n               data-description=\"Squacco heron - r\u00e4\u00e4kk\u00e4haikara - Ardeola ralloides\"\n               data-image-slug=\"image-976\"\n               class='use_imagebrowser_effect' data-imagebrowser-url='https:\/\/heikkihelin.fi\/WordPress3\/index.php\/nggallery\/image\/%STUB%?page_id=9331'>\n                <img\n                    title=\"Squacco heron\"\n                    alt=\"Squacco heron\"\n                    src=\"https:\/\/heikkihelin.fi\/WordPress3\/wp-content\/gallery\/squacco-heron-raakkahaikara\/thumbs\/thumbs_13_E1U9834R.jpg\"\n                    width=\"120\"\n                    height=\"91\"\n                    style=\"max-width:100%;\"\n                \/>\n            <\/a>\n        <\/div>\n\t\t\t\t\t\t\t<\/div> \n\t\t\t\n        \n\t\t\t\t<div id=\"ngg-image-3\" class=\"ngg-gallery-thumbnail-box\" >\n\t\t\t\t        <div class=\"ngg-gallery-thumbnail\">\n            <a href=\"https:\/\/heikkihelin.fi\/WordPress3\/wp-content\/gallery\/squacco-heron-raakkahaikara\/14_IMG_7695.jpg\"\n               title=\"Squacco heron - r\u00e4\u00e4kk\u00e4haikara - Ardeola ralloides\"\n               data-src=\"https:\/\/heikkihelin.fi\/WordPress3\/wp-content\/gallery\/squacco-heron-raakkahaikara\/14_IMG_7695.jpg\"\n               data-thumbnail=\"https:\/\/heikkihelin.fi\/WordPress3\/wp-content\/gallery\/squacco-heron-raakkahaikara\/thumbs\/thumbs_14_IMG_7695.jpg\"\n               data-image-id=\"1215\"\n               data-title=\"Squacco heron\"\n               data-description=\"Squacco heron - r\u00e4\u00e4kk\u00e4haikara - Ardeola ralloides\"\n               data-image-slug=\"image-988\"\n               class='use_imagebrowser_effect' data-imagebrowser-url='https:\/\/heikkihelin.fi\/WordPress3\/index.php\/nggallery\/image\/%STUB%?page_id=9331'>\n                <img\n                    title=\"Squacco heron\"\n                    alt=\"Squacco heron\"\n                    src=\"https:\/\/heikkihelin.fi\/WordPress3\/wp-content\/gallery\/squacco-heron-raakkahaikara\/thumbs\/thumbs_14_IMG_7695.jpg\"\n                    width=\"120\"\n                    height=\"91\"\n                    style=\"max-width:100%;\"\n                \/>\n            <\/a>\n        <\/div>\n\t\t\t\t\t\t\t<\/div> \n\t\t\t\n        \n\t\t\n\t\t<div class=\"ngg-clear\"><\/div>\n\t<\/div>\n\n","protected":false},"excerpt":{"rendered":"","protected":false},"author":1,"featured_media":0,"parent":9298,"menu_order":0,"comment_status":"closed","ping_status":"closed","template":"","meta":{"ngg_post_thumbnail":0,"footnotes":"","_links_to":"","_links_to_target":""},"_links":{"self":[{"href":"https:\/\/heikkihelin.fi\/WordPress3\/index.php?rest_route=\/wp\/v2\/pages\/9331"}],"collection":[{"href":"https:\/\/heikkihelin.fi\/WordPress3\/index.php?rest_route=\/wp\/v2\/pages"}],"about":[{"href":"https:\/\/heikkihelin.fi\/WordPress3\/index.php?rest_route=\/wp\/v2\/types\/page"}],"author":[{"embeddable":true,"href":"https:\/\/heikkihelin.fi\/WordPress3\/index.php?rest_route=\/wp\/v2\/users\/1"}],"replies":[{"embeddable":true,"href":"https:\/\/heikkihelin.fi\/WordPress3\/index.php?rest_route=%2Fwp%2Fv2%2Fcomments&post=9331"}],"version-history":[{"count":0,"href":"https:\/\/heikkihelin.fi\/WordPress3\/index.php?rest_route=\/wp\/v2\/pages\/9331\/revisions"}],"up":[{"embeddable":true,"href":"https:\/\/heikkihelin.fi\/WordPress3\/index.php?rest_route=\/wp\/v2\/pages\/9298"}],"wp:attachment":[{"href":"https:\/\/heikkihelin.fi\/WordPress3\/index.php?rest_route=%2Fwp%2Fv2%2Fmedia&parent=9331"}],"curies":[{"name":"wp","href":"https:\/\/api.w.org\/{rel}","templated":true}]}}